{"id":780483,"date":"2026-01-20T02:43:53","date_gmt":"2026-01-19T23:43:53","guid":{"rendered":"https:\/\/roveyayinevi.com.tr\/index.php\/urun\/son-2\/"},"modified":"2026-02-23T11:19:13","modified_gmt":"2026-02-23T08:19:13","slug":"son-2","status":"publish","type":"product","link":"https:\/\/roveyayinevi.com.tr\/index.php\/urun\/son-2\/","title":{"rendered":"Son"},"content":{"rendered":"<p>\u201cBen seni hi\u00e7 unutmayaca\u011f\u0131m, sen beni hi\u00e7 hat\u0131rlamayacaks\u0131n\u2026\u201d   Ay\u015fe Kulin\u2019in heyecan verici kaleminin, s\u00fcr\u00fckleyici anlat\u0131m\u0131n\u0131n doruk noktalar\u0131ndan biri SON!   Kulin\u2019in daha \u00f6nceki romanlar\u0131ndan tan\u0131d\u0131\u011f\u0131m\u0131z kahramanlar\u0131n sona eren hik\u00e2yeleri&#8230;   SON, i\u00e7inde tuhaf bir s\u0131k\u0131nt\u0131s\u0131 olanlar\u0131n, memleketin hallerine dertlenenlerin, birini hep son g\u00f6rd\u00fc\u011f\u00fc haliyle hat\u0131rlayaca\u011f\u0131n\u0131 bilenlerin, \u00fclkeden \u00fclkeye savrulanlar\u0131n, \u00fcst\u00fcne gidildi\u011finde g\u00f6z\u00fc hi\u00e7bir \u015feyi g\u00f6rmeyenlerin, a\u015fk yerine umutla yetinmek zorunda kalanlar\u0131n hik\u00e2yesi.   Denize do\u011fru akarken birbirine kar\u0131\u015fan nehirlerin, tesad\u00fcflerin, denk geli\u015flerin, kesi\u015fmelerin, hi\u00e7 unutmayanlar\u0131n, k\u00f6rd\u00fc\u011f\u00fcmleri \u00e7\u00f6zmeyi dileyenlerin roman\u0131.<\/p>\n","protected":false},"excerpt":{"rendered":"<p>\u201cBen seni hi\u00e7 unutmayaca\u011f\u0131m, sen beni hi\u00e7 hat\u0131rlamayacaks\u0131n\u2026\u201d Ay\u015fe Kulin\u2019in heyecan verici kaleminin, s\u00fcr\u00fckleyici anlat\u0131m\u0131n\u0131n doruk noktalar\u0131ndan biri SON! Kulin\u2019in daha \u00f6nceki romanlar\u0131ndan tan\u0131d\u0131\u011f\u0131m\u0131z kahramanlar\u0131n sona<span class=\"excerpt-hellip\"> [\u2026]<\/span><\/p>\n","protected":false},"featured_media":0,"template":"","meta":{"_monsterinsights_skip_tracking":false,"_monsterinsights_sitenote_active":false,"_monsterinsights_sitenote_note":"","_monsterinsights_sitenote_category":0},"product_brand":[],"product_cat":[14643,12291],"product_tag":[],"class_list":{"0":"post-780483","1":"product","2":"type-product","3":"status-publish","5":"product_cat-ask","6":"product_cat-edebiyat","7":"pa_cilt-ciltsiz","8":"pa_tur-kitap","9":"pa_yayinevi-everest-yayinlari","10":"pa_yazar-ayse-kulin","12":"first","13":"instock","14":"sale","15":"shipping-taxable","16":"purchasable","17":"product-type-simple"},"_links":{"self":[{"href":"https:\/\/roveyayinevi.com.tr\/index.php\/wp-json\/wp\/v2\/product\/780483","targetHints":{"allow":["GET"]}}],"collection":[{"href":"https:\/\/roveyayinevi.com.tr\/index.php\/wp-json\/wp\/v2\/product"}],"about":[{"href":"https:\/\/roveyayinevi.com.tr\/index.php\/wp-json\/wp\/v2\/types\/product"}],"wp:attachment":[{"href":"https:\/\/roveyayinevi.com.tr\/index.php\/wp-json\/wp\/v2\/media?parent=780483"}],"wp:term":[{"taxonomy":"product_brand","embeddable":true,"href":"https:\/\/roveyayinevi.com.tr\/index.php\/wp-json\/wp\/v2\/product_brand?post=780483"},{"taxonomy":"product_cat","embeddable":true,"href":"https:\/\/roveyayinevi.com.tr\/index.php\/wp-json\/wp\/v2\/product_cat?post=780483"},{"taxonomy":"product_tag","embeddable":true,"href":"https:\/\/roveyayinevi.com.tr\/index.php\/wp-json\/wp\/v2\/product_tag?post=780483"}],"curies":[{"name":"wp","href":"https:\/\/api.w.org\/{rel}","templated":true}]}}