{"id":780480,"date":"2026-01-20T02:41:19","date_gmt":"2026-01-19T23:41:19","guid":{"rendered":"https:\/\/roveyayinevi.com.tr\/index.php\/urun\/sudoku-dunyanin-en-sevilen-bulmacasi-5\/"},"modified":"2026-01-24T02:30:32","modified_gmt":"2026-01-23T23:30:32","slug":"sudoku-dunyanin-en-sevilen-bulmacasi-5","status":"publish","type":"product","link":"https:\/\/roveyayinevi.com.tr\/index.php\/urun\/sudoku-dunyanin-en-sevilen-bulmacasi-5\/","title":{"rendered":"Sudoku &#8211; D\u00fcnyan\u0131n En Sevilen Bulmacas\u0131 5"},"content":{"rendered":"<p>E\u011fer sudoku ile ilk kez kars\u0131las\u0131yor ve merak edip sudoku\u2019yu tan\u0131mak, onu c\u0327o\u0308zmek istiyorsan\u0131z, size basit sekilde sudoku c\u0327o\u0308zme kurallar\u0131n\u0131 anlatal\u0131m. Sudoku; her biri 9 kutuya bo\u0308lu\u0308nmu\u0308s, 9 bu\u0308yu\u0308k kareye, ilk 9 rakam\u0131 yerlestirme sanat\u0131d\u0131r. Bulmacay\u0131 dogru c\u0327o\u0308zebilmek ic\u0327in her sat\u0131r, her su\u0308tun ve u\u0308c\u0327e u\u0308c\u0327lu\u0308k her kutuyu, 1\u2019den 9\u2019a kadar rakamlar\u0131 yaln\u0131zca Bir Kez kullanarak doldurman\u0131z gerekir. Her sudoku kendi ic\u0327inde bag\u0131ms\u0131z c\u0327o\u0308zu\u0308lu\u0308r. Verilen rakamlar\u0131n dogrudan ipucu verip vermedigini kontrol ederek bulmacay\u0131 c\u0327o\u0308zmeye baslayabilirsiniz. Sudoku c\u0327o\u0308zerken kursunkalem kullan\u0131n ve yan\u0131n\u0131zda her zaman bir silgi bulunsun. Sudoku\u2019yu c\u0327o\u0308zerken tek hedef, her kare ic\u0327in tu\u0308m sec\u0327enekleri bulmakt\u0131r. Tu\u0308m karelere olas\u0131 say\u0131lar\u0131 kalemle not edin. Bunu yaparken baz\u0131 karelere kesin olarak sadece bir rakam\u0131n mu\u0308mku\u0308n olabildigini go\u0308receksiniz. Uzun su\u0308re elinizden du\u0308su\u0308remeyeceginiz bu kitap, piyasadaki sudoku kitaplar\u0131ndan c\u0327ok farkl\u0131, u\u0308stelik tam 222 bulmaca ic\u0327ermektedir. Bu kitaptaki sudoku bulmacalar\u0131n\u0131 c\u0327o\u0308zmeye ba\u015flad\u0131\u011f\u0131n\u0131zda fark\u0131 giderek ustala\u015facaks\u0131n\u0131z. Iyi eglenceler dilerken, son bir hat\u0131rlatma yapal\u0131m; yard\u0131ma ihtiyac\u0327 duydugunuz an c\u0327o\u0308zu\u0308m sayfalar\u0131m\u0131za bak\u0131n&#8230;<\/p>\n","protected":false},"excerpt":{"rendered":"<p>E\u011fer sudoku ile ilk kez kars\u0131las\u0131yor ve merak edip sudoku\u2019yu tan\u0131mak, onu c\u0327o\u0308zmek istiyorsan\u0131z, size basit sekilde sudoku c\u0327o\u0308zme kurallar\u0131n\u0131 anlatal\u0131m. Sudoku; her biri 9 kutuya<span class=\"excerpt-hellip\"> [\u2026]<\/span><\/p>\n","protected":false},"featured_media":0,"template":"","meta":{"_monsterinsights_skip_tracking":false,"_monsterinsights_sitenote_active":false,"_monsterinsights_sitenote_note":"","_monsterinsights_sitenote_category":0},"product_brand":[],"product_cat":[16943,15563],"product_tag":[],"class_list":{"0":"post-780480","1":"product","2":"type-product","3":"status-publish","5":"product_cat-bilmeceler-bulmacalar","6":"product_cat-hobi","7":"pa_cilt-ciltsiz","8":"pa_tur-kitap10","9":"pa_yayinevi-olimpos-yayinlari","10":"pa_yazar-ahmet-ayyildiz","12":"first","13":"instock","14":"sale","15":"shipping-taxable","16":"purchasable","17":"product-type-simple"},"_links":{"self":[{"href":"https:\/\/roveyayinevi.com.tr\/index.php\/wp-json\/wp\/v2\/product\/780480","targetHints":{"allow":["GET"]}}],"collection":[{"href":"https:\/\/roveyayinevi.com.tr\/index.php\/wp-json\/wp\/v2\/product"}],"about":[{"href":"https:\/\/roveyayinevi.com.tr\/index.php\/wp-json\/wp\/v2\/types\/product"}],"wp:attachment":[{"href":"https:\/\/roveyayinevi.com.tr\/index.php\/wp-json\/wp\/v2\/media?parent=780480"}],"wp:term":[{"taxonomy":"product_brand","embeddable":true,"href":"https:\/\/roveyayinevi.com.tr\/index.php\/wp-json\/wp\/v2\/product_brand?post=780480"},{"taxonomy":"product_cat","embeddable":true,"href":"https:\/\/roveyayinevi.com.tr\/index.php\/wp-json\/wp\/v2\/product_cat?post=780480"},{"taxonomy":"product_tag","embeddable":true,"href":"https:\/\/roveyayinevi.com.tr\/index.php\/wp-json\/wp\/v2\/product_tag?post=780480"}],"curies":[{"name":"wp","href":"https:\/\/api.w.org\/{rel}","templated":true}]}}