{"id":780478,"date":"2026-01-20T02:41:14","date_gmt":"2026-01-19T23:41:14","guid":{"rendered":"https:\/\/roveyayinevi.com.tr\/index.php\/urun\/erken-cocuklukta-oyun-ve-oyun-yoluyla-ogrenme\/"},"modified":"2026-04-16T02:22:46","modified_gmt":"2026-04-15T23:22:46","slug":"erken-cocuklukta-oyun-ve-oyun-yoluyla-ogrenme","status":"publish","type":"product","link":"https:\/\/roveyayinevi.com.tr\/index.php\/urun\/erken-cocuklukta-oyun-ve-oyun-yoluyla-ogrenme\/","title":{"rendered":"Erken \u00c7ocuklukta Oyun ve Oyun Yoluyla \u00d6\u011frenme"},"content":{"rendered":"<p>\u00c7ocuklar\u0131n en \u00e7ok ilgi duyduklar\u0131 hatta b\u00fcy\u00fck bir tutkuyla sevdikleri oyun oynama \u00fczerine \u00e7ok say\u0131da uzman\u0131n farkl\u0131 a\u00e7\u0131lardan ele alarak yazd\u0131klar\u0131 bu kitap, \u00e7ocuk e\u011fitimcilerinden psikologlara, rehber \u00f6\u011fretmenlere, anne-babalardan \u00f6zel e\u011fitim uzmanlar\u0131na kadar konu ile ilgili bir \u00e7ok ki\u015finin ba\u015fvurabilece\u011fi zengin bir kaynak niteli\u011findedir. Kapsam\u0131 itibariyle \u00e7ocuk oyununu hemen her y\u00f6nden inceleyen kitab\u0131n, amac\u0131 \u00e7ocuklar\u0131n ya\u015fam kalitelerine ve kendilerini ger\u00e7ekle\u015ftirmelerine katk\u0131da bulunmak olan herkese ve elbette dolayl\u0131 olarak da olsa t\u00fcm \u00e7ocuklara yararl\u0131 olmas\u0131 dile\u011fiyle\u2026 <\/p>\n","protected":false},"excerpt":{"rendered":"<p>\u00c7ocuklar\u0131n en \u00e7ok ilgi duyduklar\u0131 hatta b\u00fcy\u00fck bir tutkuyla sevdikleri oyun oynama \u00fczerine \u00e7ok say\u0131da uzman\u0131n farkl\u0131 a\u00e7\u0131lardan ele alarak yazd\u0131klar\u0131 bu kitap, \u00e7ocuk e\u011fitimcilerinden psikologlara,<span class=\"excerpt-hellip\"> [\u2026]<\/span><\/p>\n","protected":false},"featured_media":0,"template":"","meta":{"_monsterinsights_skip_tracking":false,"_monsterinsights_sitenote_active":false,"_monsterinsights_sitenote_note":"","_monsterinsights_sitenote_category":0},"product_brand":[],"product_cat":[12573,12566],"product_tag":[],"class_list":{"0":"post-780478","1":"product","2":"type-product","3":"status-publish","5":"product_cat-akademik-kitaplar","6":"product_cat-egitim","7":"pa_cilt-ciltsiz","8":"pa_tur-kitap","9":"pa_yayinevi-nobel-akademik-yayincilik","10":"pa_yazar-kollektif","12":"first","13":"instock","14":"sale","15":"shipping-taxable","16":"purchasable","17":"product-type-simple"},"_links":{"self":[{"href":"https:\/\/roveyayinevi.com.tr\/index.php\/wp-json\/wp\/v2\/product\/780478","targetHints":{"allow":["GET"]}}],"collection":[{"href":"https:\/\/roveyayinevi.com.tr\/index.php\/wp-json\/wp\/v2\/product"}],"about":[{"href":"https:\/\/roveyayinevi.com.tr\/index.php\/wp-json\/wp\/v2\/types\/product"}],"wp:attachment":[{"href":"https:\/\/roveyayinevi.com.tr\/index.php\/wp-json\/wp\/v2\/media?parent=780478"}],"wp:term":[{"taxonomy":"product_brand","embeddable":true,"href":"https:\/\/roveyayinevi.com.tr\/index.php\/wp-json\/wp\/v2\/product_brand?post=780478"},{"taxonomy":"product_cat","embeddable":true,"href":"https:\/\/roveyayinevi.com.tr\/index.php\/wp-json\/wp\/v2\/product_cat?post=780478"},{"taxonomy":"product_tag","embeddable":true,"href":"https:\/\/roveyayinevi.com.tr\/index.php\/wp-json\/wp\/v2\/product_tag?post=780478"}],"curies":[{"name":"wp","href":"https:\/\/api.w.org\/{rel}","templated":true}]}}