{"id":780476,"date":"2026-01-20T02:41:08","date_gmt":"2026-01-19T23:41:08","guid":{"rendered":"https:\/\/roveyayinevi.com.tr\/index.php\/urun\/okul-oncesi-ve-ilkokulda-psikolojik-danisma-ve-rehberlik\/"},"modified":"2026-04-16T02:22:43","modified_gmt":"2026-04-15T23:22:43","slug":"okul-oncesi-ve-ilkokulda-psikolojik-danisma-ve-rehberlik","status":"publish","type":"product","link":"https:\/\/roveyayinevi.com.tr\/index.php\/urun\/okul-oncesi-ve-ilkokulda-psikolojik-danisma-ve-rehberlik\/","title":{"rendered":"Okul \u00d6ncesi ve \u0130lkokulda Psikolojik Dan\u0131\u015fma ve Rehberlik"},"content":{"rendered":"<p>\u201cE\u011fer bir g\u00fcn yolunuzu kaybederseniz, bir \u00e7ocu\u011fun g\u00f6zlerinin i\u00e7ine bak\u0131n. \u00c7\u00fcnk\u00fc bir \u00e7ocu\u011fun bir yeti\u015fkine her zaman \u00f6\u011fretebilece\u011fi \u00fc\u00e7 \u015fey vard\u0131r;1. Nedensiz yere mutlu olmak\u20262. Her zaman me\u015fgul olabilecek bir u\u011fra\u015f bulmak\u20263. Elde etmek istedi\u011fi \u015fey i\u00e7in var g\u00fcc\u00fcyle sava\u015fmak.\u201dPaulo CoelhoBu kitap; \u00e7ocuklarla \u00e7al\u0131\u015fan, onlara rehberlik eden, onlar\u0131n ya\u015famlar\u0131na dokunan \u00e7ocuklar\u0131n g\u00fczel g\u00f6zlerinin g\u00fclmesine, daha \u00e7ok g\u00fclmesine katk\u0131 sa\u011flamaya \u00e7al\u0131\u015fan psikolojik dan\u0131\u015fmanlara destek olmak, onlar\u0131n bilgi ve uygulamalar\u0131na yard\u0131mc\u0131 olmak amac\u0131yla haz\u0131rlanm\u0131\u015ft\u0131r. Bunun yan\u0131 s\u0131ra \u00e7ocuklarla \u00e7al\u0131\u015fan psikolog, psikiyatrist, pedagog, \u00e7ocuk geli\u015fimi uzman\u0131, okul \u00f6ncesi ve ilkokul \u00f6\u011fretmenleri i\u00e7in \u00f6nemli bir kaynak olaca\u011f\u0131 d\u00fc\u015f\u00fcn\u00fclmektedir. Bu kitapta okul \u00f6ncesi ve ilkokulda \u00e7al\u0131\u015fan psikolojik dan\u0131\u015fmanlara \u00e7ocuklarla \u00e7al\u0131\u015f\u0131rken ihtiya\u00e7 duyacaklar\u0131 bilgiler, uygulamalar\u0131n\u0131 kolayla\u015ft\u0131racak hususlar \u00f6rneklerle zenginle\u015ftirerek sunulmaktad\u0131r. Kitap yaz\u0131l\u0131rken okul \u00f6ncesi ve ilkokul \u00e7ocuklar\u0131 temel al\u0131nm\u0131\u015f; \u00f6zellikle bu ya\u015f grubuna \u00f6zg\u00fc \u00f6zelliklere, sorunlara, yakla\u015f\u0131mlara ve \u00e7\u00f6z\u00fcmlere yer verilmeye \u00e7al\u0131\u015f\u0131lm\u0131\u015ft\u0131r. Amac\u0131m\u0131z \u00e7ocuklar\u0131n ya\u015fam\u0131na dokunanlara bir nebze de olsa yard\u0131m etmektir. Bu nedenle t\u00fcm psikolojik dan\u0131\u015fmanlara, \u00e7ocuklarla \u00e7al\u0131\u015fan uzmanlara ve psikolojik dan\u0131\u015fman adaylar\u0131na katk\u0131 sa\u011flayaca\u011f\u0131n\u0131 umuyoruz. Yazar Paulo Coelho\u2019nun ifade etti\u011fi gibi biz yeti\u015fkinlerin \u00e7ocuklardan \u00f6\u011frenece\u011fi \u00e7ok \u015fey vard\u0131r. Bu \u00f6\u011frenme s\u00fcreci hem \u00e7ok keyifli hem de \u00e7ok \u00f6\u011freticidir. \u00c7ocuklarla birlikte olmak bizlere; ya\u015famak, umut etmek, sevmek ve anlamak ad\u0131na g\u00fczel deneyimler katacakt\u0131r. <\/p>\n","protected":false},"excerpt":{"rendered":"<p>\u201cE\u011fer bir g\u00fcn yolunuzu kaybederseniz, bir \u00e7ocu\u011fun g\u00f6zlerinin i\u00e7ine bak\u0131n. \u00c7\u00fcnk\u00fc bir \u00e7ocu\u011fun bir yeti\u015fkine her zaman \u00f6\u011fretebilece\u011fi \u00fc\u00e7 \u015fey vard\u0131r;1. Nedensiz yere mutlu olmak\u20262. Her<span class=\"excerpt-hellip\"> [\u2026]<\/span><\/p>\n","protected":false},"featured_media":0,"template":"","meta":{"_monsterinsights_skip_tracking":false,"_monsterinsights_sitenote_active":false,"_monsterinsights_sitenote_note":"","_monsterinsights_sitenote_category":0},"product_brand":[],"product_cat":[12679,12357],"product_tag":[],"class_list":{"0":"post-780476","1":"product","2":"type-product","3":"status-publish","5":"product_cat-cocuk-psikolojisi","6":"product_cat-psikoloji","7":"pa_cilt-ciltsiz","8":"pa_tur-kitap","9":"pa_yayinevi-nobel-akademik-yayincilik","10":"pa_yazar-kollektif","12":"first","13":"instock","14":"sale","15":"shipping-taxable","16":"purchasable","17":"product-type-simple"},"_links":{"self":[{"href":"https:\/\/roveyayinevi.com.tr\/index.php\/wp-json\/wp\/v2\/product\/780476","targetHints":{"allow":["GET"]}}],"collection":[{"href":"https:\/\/roveyayinevi.com.tr\/index.php\/wp-json\/wp\/v2\/product"}],"about":[{"href":"https:\/\/roveyayinevi.com.tr\/index.php\/wp-json\/wp\/v2\/types\/product"}],"wp:attachment":[{"href":"https:\/\/roveyayinevi.com.tr\/index.php\/wp-json\/wp\/v2\/media?parent=780476"}],"wp:term":[{"taxonomy":"product_brand","embeddable":true,"href":"https:\/\/roveyayinevi.com.tr\/index.php\/wp-json\/wp\/v2\/product_brand?post=780476"},{"taxonomy":"product_cat","embeddable":true,"href":"https:\/\/roveyayinevi.com.tr\/index.php\/wp-json\/wp\/v2\/product_cat?post=780476"},{"taxonomy":"product_tag","embeddable":true,"href":"https:\/\/roveyayinevi.com.tr\/index.php\/wp-json\/wp\/v2\/product_tag?post=780476"}],"curies":[{"name":"wp","href":"https:\/\/api.w.org\/{rel}","templated":true}]}}