{"id":780474,"date":"2026-01-20T02:40:03","date_gmt":"2026-01-19T23:40:03","guid":{"rendered":"https:\/\/roveyayinevi.com.tr\/index.php\/urun\/dunyanin-uc-yuzu\/"},"modified":"2026-04-13T02:27:13","modified_gmt":"2026-04-12T23:27:13","slug":"dunyanin-uc-yuzu","status":"publish","type":"product","link":"https:\/\/roveyayinevi.com.tr\/index.php\/urun\/dunyanin-uc-yuzu\/","title":{"rendered":"D\u00fcnyan\u0131n \u00dc\u00e7 Y\u00fcz\u00fc"},"content":{"rendered":"<p>Mustafa Ulusoy, D\u00fcnyan\u0131n \u00dc\u00e7 Y\u00fcz\u00fc\u2019nde kaleme ald\u0131\u011f\u0131 yaz\u0131larla insan\u0131n d\u00fcnyayla kurdu\u011fu temas\u0131na ayna tutuyor. Bunu yaparken de kimi zaman bir film ya da roman karakterinin analizini, a\u015fa\u011f\u0131ya sark\u0131t\u0131lan bir ip misali benli\u011fimizin derinliklerine uzat\u0131yor.    D\u00fcnyan\u0131n \u00fc\u00e7 y\u00fcz\u00fc vard\u0131. Biri kendine bakan, di\u011feri ise Yarat\u0131c\u0131\u2019n\u0131n sonsuz isimlerine ve ahirete bakan. Kendine bakan y\u00fcz\u00fc as\u0131kt\u0131, elem ve keder verici. \u00c7\u00fcnk\u00fc gelip ge\u00e7iciydi. Dokundu\u011fumuz an solan bir \u00e7i\u00e7ekti sanki. Yakalay\u0131p sevmek i\u00e7in can att\u0131\u011f\u0131m\u0131z  bir kelebek gibi. Yakalaya yazd\u0131\u011f\u0131m\u0131z anda u\u00e7up gidiveren.  Ne dokunmamak m\u00fcmk\u00fcnd\u00fc ona ne de solmas\u0131na raz\u0131 olmak.  \u0130ki arada bir deredeydik.   Bir buz sark\u0131t\u0131n\u0131n ucunda donarak as\u0131l\u0131 kalm\u0131\u015f bir su damlas\u0131  nas\u0131l g\u00fcne\u015fi \u00f6zl\u00fcyorsa; d\u00fcnyan\u0131n \u00fc\u00e7\u00fcnc\u00fc y\u00fcz\u00fcnde  as\u0131l\u0131 kalm\u0131\u015f varl\u0131\u011f\u0131m\u0131z da \u00f6yle \u00f6zl\u00fcyordu d\u00fcnyan\u0131n  birinci ve ikinci y\u00fcz\u00fcn\u00fc.   \u00dc\u00e7\u00fcnc\u00fc y\u00fcze hikmetin g\u00fcne\u015fi do\u011fmu\u015ftu&#8230;  Bu y\u00fcz olmasayd\u0131, her \u015fey berhava olurdu. <\/p>\n","protected":false},"excerpt":{"rendered":"<p>Mustafa Ulusoy, D\u00fcnyan\u0131n \u00dc\u00e7 Y\u00fcz\u00fc\u2019nde kaleme ald\u0131\u011f\u0131 yaz\u0131larla insan\u0131n d\u00fcnyayla kurdu\u011fu temas\u0131na ayna tutuyor. Bunu yaparken de kimi zaman bir film ya da roman karakterinin analizini,<span class=\"excerpt-hellip\"> [\u2026]<\/span><\/p>\n","protected":false},"featured_media":0,"template":"","meta":{"_monsterinsights_skip_tracking":false,"_monsterinsights_sitenote_active":false,"_monsterinsights_sitenote_note":"","_monsterinsights_sitenote_category":0},"product_brand":[],"product_cat":[12291,12711],"product_tag":[],"class_list":{"0":"post-780474","1":"product","2":"type-product","3":"status-publish","5":"product_cat-edebiyat","6":"product_cat-roman-oyku","7":"pa_cilt-ciltsiz","8":"pa_tur-kitap","9":"pa_yayinevi-kapi-yayinlari","10":"pa_yazar-mustafa-ulusoy","12":"first","13":"instock","14":"sale","15":"shipping-taxable","16":"purchasable","17":"product-type-simple"},"_links":{"self":[{"href":"https:\/\/roveyayinevi.com.tr\/index.php\/wp-json\/wp\/v2\/product\/780474","targetHints":{"allow":["GET"]}}],"collection":[{"href":"https:\/\/roveyayinevi.com.tr\/index.php\/wp-json\/wp\/v2\/product"}],"about":[{"href":"https:\/\/roveyayinevi.com.tr\/index.php\/wp-json\/wp\/v2\/types\/product"}],"wp:attachment":[{"href":"https:\/\/roveyayinevi.com.tr\/index.php\/wp-json\/wp\/v2\/media?parent=780474"}],"wp:term":[{"taxonomy":"product_brand","embeddable":true,"href":"https:\/\/roveyayinevi.com.tr\/index.php\/wp-json\/wp\/v2\/product_brand?post=780474"},{"taxonomy":"product_cat","embeddable":true,"href":"https:\/\/roveyayinevi.com.tr\/index.php\/wp-json\/wp\/v2\/product_cat?post=780474"},{"taxonomy":"product_tag","embeddable":true,"href":"https:\/\/roveyayinevi.com.tr\/index.php\/wp-json\/wp\/v2\/product_tag?post=780474"}],"curies":[{"name":"wp","href":"https:\/\/api.w.org\/{rel}","templated":true}]}}