{"id":780473,"date":"2026-01-20T02:39:18","date_gmt":"2026-01-19T23:39:18","guid":{"rendered":"https:\/\/roveyayinevi.com.tr\/index.php\/urun\/pixar-ve-otesine-steve-jobs-ile-birlikte-animasyon-tarihini-yazmamizin-sira-disi-hikayesi\/"},"modified":"2026-04-16T02:21:42","modified_gmt":"2026-04-15T23:21:42","slug":"pixar-ve-otesine-steve-jobs-ile-birlikte-animasyon-tarihini-yazmamizin-sira-disi-hikayesi","status":"publish","type":"product","link":"https:\/\/roveyayinevi.com.tr\/index.php\/urun\/pixar-ve-otesine-steve-jobs-ile-birlikte-animasyon-tarihini-yazmamizin-sira-disi-hikayesi\/","title":{"rendered":"Pixar ve \u00d6tesine Steve Jobs ile Birlikte Animasyon Tarihini Yazmam\u0131z\u0131n S\u0131ra D\u0131\u015f\u0131 Hikayesi"},"content":{"rendered":"<p>Amazon Y\u0131l\u0131n En \u0130yi \u0130\u015f D\u00fcnyas\u0131 &amp; Liderlik Kitab\u0131 Steve Jobs\u2019un hep Apple\u2019daki hik\u00e2yesi anlat\u0131ld\u0131. Bu kitap Pixar\u2019daki hik\u00e2yesi. Fakat sadece Steve Jobs\u2019un de\u011fil, ayn\u0131 zamanda herkesin severek izledi\u011fi Oyuncak Hik\u00e2yesi, Wall-E, Arabalar, Kay\u0131p Bal\u0131k Nemo, \u0130nan\u0131lmaz Aile, Ters Y\u00fcz ve daha bir\u00e7ok ba\u015fyap\u0131t\u0131n \u00e7\u0131kt\u0131\u011f\u0131 st\u00fcdyo Pixar\u2019\u0131n hik\u00e2yesi. Steve Jobs ve Lawrence Levy, Pixar&#8217;\u0131 Hollywood\u2019un en b\u00fcy\u00fck ba\u015far\u0131 \u00f6yk\u00fclerinden birine d\u00f6n\u00fc\u015ft\u00fcren son derece imk\u00e2ns\u0131z bir plan\u0131 nas\u0131l haz\u0131rlad\u0131lar? Levy, Pixar&#8217;\u0131n m\u00fctevaz\u0131 ba\u015flang\u0131\u00e7lardan nas\u0131l y\u00fckseldi\u011fini, Jobs&#8217;la bu kadar yak\u0131n \u00e7al\u0131\u015fman\u0131n nas\u0131l bir \u015fey oldu\u011funu ve Pixar&#8217;\u0131n hik\u00e2yesinin hayat\u0131m\u0131z\u0131n pek \u00e7ok y\u00f6n\u00fcne uygulanabilecek hangi derin dersleri bar\u0131nd\u0131rd\u0131\u011f\u0131n\u0131 anlat\u0131yor.   Pixar\u2019\u0131n zorlu ba\u015flang\u0131c\u0131, halka arz\u0131 ve sonras\u0131nda ard\u0131 arkas\u0131 kesilmeyen ba\u015far\u0131lar\u0131 i\u015f d\u00fcnyas\u0131 profesyonelleri ve y\u00f6neticiler i\u00e7in keyifli ve faydal\u0131 bir i\u00e7erik sunuyor.     \u201cBu kitaba \u00e2\u015f\u0131k oldum! Bence harika! Elbette tarafl\u0131y\u0131m fakat \u00f6yle bile olsa insanlar\u0131n bu hik\u00e2yeyi sevece\u011fini d\u00fc\u015f\u00fcn\u00fcyorum ki varl\u0131\u011f\u0131n\u0131 dahi bilmiyorlard\u0131. Ve Lawrence \u00e7ok g\u00fczel anlatt\u0131.\u201d  \u2014Ed Catmull, Pixar\u2019\u0131n Ortak Kurucusu ve Ba\u015fkan\u0131, Disney Animation\u2019un Ba\u015fkan\u0131, Yarat\u0131c\u0131l\u0131k A.\u015e. kitab\u0131n\u0131n yazar\u0131 \u201cHarika ve \u015fa\u015f\u0131rt\u0131c\u0131&#8230; Bu keyifli kitap finans, yarat\u0131c\u0131 deha, i\u015f yeri ahengi ve \u015fansla ilgili.\u201d \u2014Fortune <\/p>\n","protected":false},"excerpt":{"rendered":"<p>Amazon Y\u0131l\u0131n En \u0130yi \u0130\u015f D\u00fcnyas\u0131 &amp; Liderlik Kitab\u0131 Steve Jobs\u2019un hep Apple\u2019daki hik\u00e2yesi anlat\u0131ld\u0131. Bu kitap Pixar\u2019daki hik\u00e2yesi. Fakat sadece Steve Jobs\u2019un de\u011fil, ayn\u0131 zamanda<span class=\"excerpt-hellip\"> [\u2026]<\/span><\/p>\n","protected":false},"featured_media":0,"template":"","meta":{"_monsterinsights_skip_tracking":false,"_monsterinsights_sitenote_active":false,"_monsterinsights_sitenote_note":"","_monsterinsights_sitenote_category":0},"product_brand":[],"product_cat":[13043,17647],"product_tag":[],"class_list":{"0":"post-780473","1":"product","2":"type-product","3":"status-publish","5":"product_cat-ekonomi","6":"product_cat-is-dunyasi","7":"pa_cilt-ciltsiz","8":"pa_tur-kitap","9":"pa_yayinevi-buzdagi-yayinlari","10":"pa_yazar-lawrence-levy","12":"first","13":"instock","14":"sale","15":"shipping-taxable","16":"purchasable","17":"product-type-simple"},"_links":{"self":[{"href":"https:\/\/roveyayinevi.com.tr\/index.php\/wp-json\/wp\/v2\/product\/780473","targetHints":{"allow":["GET"]}}],"collection":[{"href":"https:\/\/roveyayinevi.com.tr\/index.php\/wp-json\/wp\/v2\/product"}],"about":[{"href":"https:\/\/roveyayinevi.com.tr\/index.php\/wp-json\/wp\/v2\/types\/product"}],"wp:attachment":[{"href":"https:\/\/roveyayinevi.com.tr\/index.php\/wp-json\/wp\/v2\/media?parent=780473"}],"wp:term":[{"taxonomy":"product_brand","embeddable":true,"href":"https:\/\/roveyayinevi.com.tr\/index.php\/wp-json\/wp\/v2\/product_brand?post=780473"},{"taxonomy":"product_cat","embeddable":true,"href":"https:\/\/roveyayinevi.com.tr\/index.php\/wp-json\/wp\/v2\/product_cat?post=780473"},{"taxonomy":"product_tag","embeddable":true,"href":"https:\/\/roveyayinevi.com.tr\/index.php\/wp-json\/wp\/v2\/product_tag?post=780473"}],"curies":[{"name":"wp","href":"https:\/\/api.w.org\/{rel}","templated":true}]}}