{"id":780470,"date":"2026-01-20T02:39:04","date_gmt":"2026-01-19T23:39:04","guid":{"rendered":"https:\/\/roveyayinevi.com.tr\/index.php\/urun\/kopru-ve-tasitlar-aktiviteli-upuzuuun-boyama-kitabim\/"},"modified":"2026-04-16T02:21:36","modified_gmt":"2026-04-15T23:21:36","slug":"kopru-ve-tasitlar-aktiviteli-upuzuuun-boyama-kitabim","status":"publish","type":"product","link":"https:\/\/roveyayinevi.com.tr\/index.php\/urun\/kopru-ve-tasitlar-aktiviteli-upuzuuun-boyama-kitabim\/","title":{"rendered":"K\u00f6pr\u00fc ve Ta\u015f\u0131tlar &#8211; Aktiviteli Upuzuuun Boyama Kitab\u0131m"},"content":{"rendered":"<p>\u0130ki metrelik bir yolculu\u011fa haz\u0131r m\u0131s\u0131n?O h\u00e2lde acele et! Hayat\u0131m\u0131z\u0131 kolayla\u015ft\u0131ran ta\u015f\u0131tlar\u0131n d\u00fcnyas\u0131na sen de kat\u0131l. Trafik kurallar\u0131na uy. Havada, karada ve denizde bir yolculu\u011fa \u00e7\u0131k. Kendi \u00f6zg\u00fcr d\u00fcnyanda, \u00e7ocuklu\u011funu doyas\u0131ya ya\u015fa!Kendi ba\u015f\u0131na, arkada\u015flar\u0131nla veya ailenle sayfalar\u0131 renklendir, \u00e7\u0131kartmalar\u0131 yap\u0131\u015ft\u0131r, kuklalar\u0131 konu\u015ftur, sorular\u0131 yan\u0131tla ve sudoku ile oynayarak \u00f6\u011fren. Kitab\u0131 tamamlad\u0131\u011f\u0131nda \u015faheserini odana as.Haydi ta\u015f\u0131tlar yola \u00e7\u0131kmak \u00fczere!\u00c7ocuklar\u0131n ilgi ve gereksinimlerine g\u00f6re, okul \u00f6ncesi m\u00fcfredat\u0131na uygun olarak haz\u0131rlanm\u0131\u015f bu kitap:Nesne ve kas kontrol\u00fc geli\u015ftiren hareketleri yapmas\u0131na,G\u00f6rsel materyalleri okumas\u0131na,Hayal g\u00fc\u00e7lerinin ve \u00f6zg\u00fcr d\u00fc\u015f\u00fcnme becerilerinin geli\u015fmesine,Par\u00e7a-b\u00fct\u00fcn ili\u015fkisini kavramas\u0131na, \u00c7ocuk-\u00e7ocuk, \u00e7ocuk-aile ve \u00e7ocuk-\u00e7evre etkile\u015fiminin sa\u011flanmas\u0131na yard\u0131mc\u0131 oluyor.\u0130\u00e7erik2 Metre Boyama32 \u00c7\u0131kartmalarMetinli Parmak Kuklalar\u0131Boyama Bitirme BelgesiAktivite Sorular\u0131Sudoku Oyunu <\/p>\n","protected":false},"excerpt":{"rendered":"<p>\u0130ki metrelik bir yolculu\u011fa haz\u0131r m\u0131s\u0131n?O h\u00e2lde acele et! Hayat\u0131m\u0131z\u0131 kolayla\u015ft\u0131ran ta\u015f\u0131tlar\u0131n d\u00fcnyas\u0131na sen de kat\u0131l. Trafik kurallar\u0131na uy. Havada, karada ve denizde bir yolculu\u011fa \u00e7\u0131k.<span class=\"excerpt-hellip\"> [\u2026]<\/span><\/p>\n","protected":false},"featured_media":0,"template":"","meta":{"_monsterinsights_skip_tracking":false,"_monsterinsights_sitenote_active":false,"_monsterinsights_sitenote_note":"","_monsterinsights_sitenote_category":0},"product_brand":[],"product_cat":[12274,12518],"product_tag":[],"class_list":{"0":"post-780470","1":"product","2":"type-product","3":"status-publish","5":"product_cat-cocuk-ve-genclik-kitaplari","6":"product_cat-okul-oncesi-kitaplar","7":"pa_cilt-ciltsiz","8":"pa_tur-kitap","9":"pa_yayinevi-sincap-kitap","10":"pa_yazar-asiye-asli-aslaner","12":"first","13":"instock","14":"sale","15":"shipping-taxable","16":"purchasable","17":"product-type-simple"},"_links":{"self":[{"href":"https:\/\/roveyayinevi.com.tr\/index.php\/wp-json\/wp\/v2\/product\/780470","targetHints":{"allow":["GET"]}}],"collection":[{"href":"https:\/\/roveyayinevi.com.tr\/index.php\/wp-json\/wp\/v2\/product"}],"about":[{"href":"https:\/\/roveyayinevi.com.tr\/index.php\/wp-json\/wp\/v2\/types\/product"}],"wp:attachment":[{"href":"https:\/\/roveyayinevi.com.tr\/index.php\/wp-json\/wp\/v2\/media?parent=780470"}],"wp:term":[{"taxonomy":"product_brand","embeddable":true,"href":"https:\/\/roveyayinevi.com.tr\/index.php\/wp-json\/wp\/v2\/product_brand?post=780470"},{"taxonomy":"product_cat","embeddable":true,"href":"https:\/\/roveyayinevi.com.tr\/index.php\/wp-json\/wp\/v2\/product_cat?post=780470"},{"taxonomy":"product_tag","embeddable":true,"href":"https:\/\/roveyayinevi.com.tr\/index.php\/wp-json\/wp\/v2\/product_tag?post=780470"}],"curies":[{"name":"wp","href":"https:\/\/api.w.org\/{rel}","templated":true}]}}