{"id":780465,"date":"2026-01-20T02:36:56","date_gmt":"2026-01-19T23:36:56","guid":{"rendered":"https:\/\/roveyayinevi.com.tr\/index.php\/urun\/ilk-dinozor-kitabim\/"},"modified":"2026-04-16T02:20:28","modified_gmt":"2026-04-15T23:20:28","slug":"ilk-dinozor-kitabim","status":"publish","type":"product","link":"https:\/\/roveyayinevi.com.tr\/index.php\/urun\/ilk-dinozor-kitabim\/","title":{"rendered":"\u0130lk Dinozor Kitab\u0131m"},"content":{"rendered":"<p>\u0130lk Dinozor Kitab\u0131m\u2019\u0131n renkli sayfalar\u0131nda, boylar\u0131 bir ku\u015ftan bir eve kadar de\u011fi\u015fen b\u00fcy\u00fckl\u00fc k\u00fc\u00e7\u00fckl\u00fc 50\u2019den fazla dinozor bulacaks\u0131n. Stegosaurus ve T-Reks gibi en sevdi\u011fin dinozorlarla dolu bu kitapta ayr\u0131ca ke\u015ffetmen i\u00e7in haz\u0131rlanm\u0131\u015f daha ba\u015fka pek \u00e7ok inan\u0131lmaz sayfa var! National Geographic Kids\u2019in \u00e7ocuklar i\u00e7in haz\u0131rlad\u0131\u011f\u0131 e\u011flenceli seri \u0130lk Kitaplar\u0131m\u2019\u0131n en sevilen kitaplar\u0131ndan \u0130lk Dinozorlar Kitab\u0131m, \u00e7ocuklar\u0131n dinozorlar\u0131 ke\u015ffetmelerini sa\u011flayacak! <\/p>\n","protected":false},"excerpt":{"rendered":"<p>\u0130lk Dinozor Kitab\u0131m\u2019\u0131n renkli sayfalar\u0131nda, boylar\u0131 bir ku\u015ftan bir eve kadar de\u011fi\u015fen b\u00fcy\u00fckl\u00fc k\u00fc\u00e7\u00fckl\u00fc 50\u2019den fazla dinozor bulacaks\u0131n. Stegosaurus ve T-Reks gibi en sevdi\u011fin dinozorlarla dolu<span class=\"excerpt-hellip\"> [\u2026]<\/span><\/p>\n","protected":false},"featured_media":0,"template":"","meta":{"_monsterinsights_skip_tracking":false,"_monsterinsights_sitenote_active":false,"_monsterinsights_sitenote_note":"","_monsterinsights_sitenote_category":0},"product_brand":[],"product_cat":[22249,13527],"product_tag":[],"class_list":{"0":"post-780465","1":"product","2":"type-product","3":"status-publish","5":"product_cat-bilim","6":"product_cat-sureli-yayinlar","7":"pa_cilt-ciltsiz","8":"pa_tur-kitap","9":"pa_yayinevi-beta-kids","10":"pa_yazar-catherine-d-hughes","12":"first","13":"instock","14":"sale","15":"shipping-taxable","16":"purchasable","17":"product-type-simple"},"_links":{"self":[{"href":"https:\/\/roveyayinevi.com.tr\/index.php\/wp-json\/wp\/v2\/product\/780465","targetHints":{"allow":["GET"]}}],"collection":[{"href":"https:\/\/roveyayinevi.com.tr\/index.php\/wp-json\/wp\/v2\/product"}],"about":[{"href":"https:\/\/roveyayinevi.com.tr\/index.php\/wp-json\/wp\/v2\/types\/product"}],"wp:attachment":[{"href":"https:\/\/roveyayinevi.com.tr\/index.php\/wp-json\/wp\/v2\/media?parent=780465"}],"wp:term":[{"taxonomy":"product_brand","embeddable":true,"href":"https:\/\/roveyayinevi.com.tr\/index.php\/wp-json\/wp\/v2\/product_brand?post=780465"},{"taxonomy":"product_cat","embeddable":true,"href":"https:\/\/roveyayinevi.com.tr\/index.php\/wp-json\/wp\/v2\/product_cat?post=780465"},{"taxonomy":"product_tag","embeddable":true,"href":"https:\/\/roveyayinevi.com.tr\/index.php\/wp-json\/wp\/v2\/product_tag?post=780465"}],"curies":[{"name":"wp","href":"https:\/\/api.w.org\/{rel}","templated":true}]}}