{"id":780464,"date":"2026-01-20T02:36:47","date_gmt":"2026-01-19T23:36:47","guid":{"rendered":"https:\/\/roveyayinevi.com.tr\/index.php\/urun\/elestirel-dusunme-icin-bir-rehber\/"},"modified":"2026-02-03T02:31:45","modified_gmt":"2026-02-02T23:31:45","slug":"elestirel-dusunme-icin-bir-rehber","status":"publish","type":"product","link":"https:\/\/roveyayinevi.com.tr\/index.php\/urun\/elestirel-dusunme-icin-bir-rehber\/","title":{"rendered":"Ele\u015ftirel D\u00fc\u015f\u00fcnme \u0130\u00e7in Bir Rehber"},"content":{"rendered":"<p>\u00d6zellikle \u2018gen\u00e7\u2019 beyinlerin, kendi g\u00f6r\u00fc\u015f ve iddialar\u0131n\u0131 sorgulamalar\u0131na ve g\u00fcndelik olaylara ili\u015fkin ak\u0131l y\u00fcr\u00fctmede en fazla kar\u015f\u0131la\u015f\u0131lan sorunlar\u0131n analizi temelinde bak\u0131\u015f a\u00e7\u0131lar\u0131n\u0131 geli\u015ftirmelerine yard\u0131mc\u0131 olmak kitab\u0131n iki temel amac\u0131 olarak \u00f6ne \u00e7\u0131k\u0131yor. Zaten eserin g\u00fcc\u00fc de en hassas felsefi tart\u0131\u015fmalar\u0131 en somut \u00f6rneklerle okuyucunun \u00f6n\u00fcne getirmesinden kaynaklan\u0131yor. Birinci b\u00f6l\u00fcm temel kavramlar\u0131 a\u00e7\u0131klarken; ikinci b\u00f6l\u00fcm ele\u015ftirel d\u00fc\u015f\u00fcnmenin \u00f6n\u00fcndeki en yayg\u0131n engelleri tan\u0131ml\u0131yor ve son b\u00f6l\u00fcm ise bu engellerin \u00fcstesinden gelebilmek i\u00e7in baz\u0131 stratejiler \u00f6neriyor.Ele\u015ftirel D\u00fc\u015f\u00fcnme\u2019nin, tart\u0131\u015fma k\u00fclt\u00fcr\u00fcn\u00fcn ve ele\u015ftirel d\u00fc\u015f\u00fcnme prati\u011finin, \u00fcniversitenin d\u0131\u015f\u0131na ta\u015farak toplum geneline yay\u0131lmas\u0131nda bir tu\u011fla olmas\u0131 dile\u011fiyle&#8230; <\/p>\n","protected":false},"excerpt":{"rendered":"<p>\u00d6zellikle \u2018gen\u00e7\u2019 beyinlerin, kendi g\u00f6r\u00fc\u015f ve iddialar\u0131n\u0131 sorgulamalar\u0131na ve g\u00fcndelik olaylara ili\u015fkin ak\u0131l y\u00fcr\u00fctmede en fazla kar\u015f\u0131la\u015f\u0131lan sorunlar\u0131n analizi temelinde bak\u0131\u015f a\u00e7\u0131lar\u0131n\u0131 geli\u015ftirmelerine yard\u0131mc\u0131 olmak kitab\u0131n<span class=\"excerpt-hellip\"> [\u2026]<\/span><\/p>\n","protected":false},"featured_media":0,"template":"","meta":{"_monsterinsights_skip_tracking":false,"_monsterinsights_sitenote_active":false,"_monsterinsights_sitenote_note":"","_monsterinsights_sitenote_category":0},"product_brand":[],"product_cat":[13072,12291],"product_tag":[],"class_list":{"0":"post-780464","1":"product","2":"type-product","3":"status-publish","5":"product_cat-arastirma-inceleme-referans","6":"product_cat-edebiyat","7":"pa_cilt-ciltsiz","8":"pa_tur-kitap","9":"pa_yayinevi-alfa-yayinlari","10":"pa_yazar-vincent-ryan-ruggiero","12":"first","13":"instock","14":"sale","15":"shipping-taxable","16":"purchasable","17":"product-type-simple"},"_links":{"self":[{"href":"https:\/\/roveyayinevi.com.tr\/index.php\/wp-json\/wp\/v2\/product\/780464","targetHints":{"allow":["GET"]}}],"collection":[{"href":"https:\/\/roveyayinevi.com.tr\/index.php\/wp-json\/wp\/v2\/product"}],"about":[{"href":"https:\/\/roveyayinevi.com.tr\/index.php\/wp-json\/wp\/v2\/types\/product"}],"wp:attachment":[{"href":"https:\/\/roveyayinevi.com.tr\/index.php\/wp-json\/wp\/v2\/media?parent=780464"}],"wp:term":[{"taxonomy":"product_brand","embeddable":true,"href":"https:\/\/roveyayinevi.com.tr\/index.php\/wp-json\/wp\/v2\/product_brand?post=780464"},{"taxonomy":"product_cat","embeddable":true,"href":"https:\/\/roveyayinevi.com.tr\/index.php\/wp-json\/wp\/v2\/product_cat?post=780464"},{"taxonomy":"product_tag","embeddable":true,"href":"https:\/\/roveyayinevi.com.tr\/index.php\/wp-json\/wp\/v2\/product_tag?post=780464"}],"curies":[{"name":"wp","href":"https:\/\/api.w.org\/{rel}","templated":true}]}}