{"id":780463,"date":"2026-01-20T02:35:52","date_gmt":"2026-01-19T23:35:52","guid":{"rendered":"https:\/\/roveyayinevi.com.tr\/index.php\/urun\/ingilizce-destekli-bilgi-dolu-minik-kutuphanem-9-kitap-mavi-kutu\/"},"modified":"2026-04-16T02:19:43","modified_gmt":"2026-04-15T23:19:43","slug":"ingilizce-destekli-bilgi-dolu-minik-kutuphanem-9-kitap-mavi-kutu","status":"publish","type":"product","link":"https:\/\/roveyayinevi.com.tr\/index.php\/urun\/ingilizce-destekli-bilgi-dolu-minik-kutuphanem-9-kitap-mavi-kutu\/","title":{"rendered":"\u0130ngilizce Destekli Bilgi Dolu Minik K\u00fct\u00fcphanem -9 Kitap Mavi Kutu"},"content":{"rendered":"<p>\u0130ngilizce Destekli Bilgi Dolu Minik K\u00fct\u00fcphanem, \u00e7ocuklar\u0131m\u0131z\u0131n temel kavramlar\u0131 e\u011flenerek \u00f6\u011frenmelerini sa\u011flar. Geli\u015fim s\u00fcre\u00e7lerinde \u0130ngilizce kelime haf\u0131zalar\u0131n\u0131 desteklemeyi, d\u00fc\u015f\u00fcnme, se\u00e7me ve karar verme yetilerini geli\u015ftirmenin yan\u0131 s\u0131ra nesneleri, kavramlar\u0131, canl\u0131lar\u0131 kolay ve h\u0131zl\u0131 bir \u015fekilde \u00f6\u011frenmelerine yard\u0131mc\u0131 olur. Yeni kelime ve say\u0131 sayma yeteneklerini geli\u015ftirmeyi, \u00e7evrelerinde kar\u015f\u0131la\u015fabilecekleri \u015fekilleri ger\u00e7e\u011fe yak\u0131n g\u00f6rsellerle alg\u0131lamalar\u0131n\u0131, dikkat geli\u015fimlerini ve bili\u015fsel geli\u015fim gibi kazan\u0131mlar\u0131 art\u0131rmay\u0131 hedefler.\u00c7ocuklar\u0131n\u0131n sa\u011fl\u0131kl\u0131 geli\u015fimlerine \u00f6nem veren ailelerin ilgisini \u00e7ekecek bu set, \u00e7ocuk geli\u015fim uzman\u0131 g\u00f6zetiminde, kal\u0131n karton ve avu\u00e7 i\u00e7i b\u00fcy\u00fckl\u00fc\u011f\u00fcnde haz\u0131rlanm\u0131\u015ft\u0131r. Her bir kitab\u0131n arkas\u0131nda bir puzzle g\u00f6rseli bulunur, \u00e7ocuklar bu par\u00e7alar\u0131 bir araya getirerek, par\u00e7adan b\u00fct\u00fcne gider metodu ile puzzle\u2019\u0131 tamamlar. KAZANIMLARKonu\u015fma becerisiDil geli\u015fimiSay\u0131sal beceriDikkat geli\u015fimiBili\u015fsel geli\u015fim <\/p>\n","protected":false},"excerpt":{"rendered":"<p>\u0130ngilizce Destekli Bilgi Dolu Minik K\u00fct\u00fcphanem, \u00e7ocuklar\u0131m\u0131z\u0131n temel kavramlar\u0131 e\u011flenerek \u00f6\u011frenmelerini sa\u011flar. Geli\u015fim s\u00fcre\u00e7lerinde \u0130ngilizce kelime haf\u0131zalar\u0131n\u0131 desteklemeyi, d\u00fc\u015f\u00fcnme, se\u00e7me ve karar verme yetilerini geli\u015ftirmenin yan\u0131<span class=\"excerpt-hellip\"> [\u2026]<\/span><\/p>\n","protected":false},"featured_media":0,"template":"","meta":{"_monsterinsights_skip_tracking":false,"_monsterinsights_sitenote_active":false,"_monsterinsights_sitenote_note":"","_monsterinsights_sitenote_category":0},"product_brand":[],"product_cat":[12274,12518],"product_tag":[],"class_list":{"0":"post-780463","1":"product","2":"type-product","3":"status-publish","5":"product_cat-cocuk-ve-genclik-kitaplari","6":"product_cat-okul-oncesi-kitaplar","7":"pa_cilt-set","8":"pa_tur-kitap","9":"pa_yayinevi-sincap-kitap","10":"pa_yazar-kollektif","12":"first","13":"instock","14":"sale","15":"shipping-taxable","16":"purchasable","17":"product-type-simple"},"_links":{"self":[{"href":"https:\/\/roveyayinevi.com.tr\/index.php\/wp-json\/wp\/v2\/product\/780463","targetHints":{"allow":["GET"]}}],"collection":[{"href":"https:\/\/roveyayinevi.com.tr\/index.php\/wp-json\/wp\/v2\/product"}],"about":[{"href":"https:\/\/roveyayinevi.com.tr\/index.php\/wp-json\/wp\/v2\/types\/product"}],"wp:attachment":[{"href":"https:\/\/roveyayinevi.com.tr\/index.php\/wp-json\/wp\/v2\/media?parent=780463"}],"wp:term":[{"taxonomy":"product_brand","embeddable":true,"href":"https:\/\/roveyayinevi.com.tr\/index.php\/wp-json\/wp\/v2\/product_brand?post=780463"},{"taxonomy":"product_cat","embeddable":true,"href":"https:\/\/roveyayinevi.com.tr\/index.php\/wp-json\/wp\/v2\/product_cat?post=780463"},{"taxonomy":"product_tag","embeddable":true,"href":"https:\/\/roveyayinevi.com.tr\/index.php\/wp-json\/wp\/v2\/product_tag?post=780463"}],"curies":[{"name":"wp","href":"https:\/\/api.w.org\/{rel}","templated":true}]}}