{"id":780462,"date":"2026-01-20T02:35:50","date_gmt":"2026-01-19T23:35:50","guid":{"rendered":"https:\/\/roveyayinevi.com.tr\/index.php\/urun\/ingilizce-destekli-oyun-kartlari-eslestirme-kamyon\/"},"modified":"2026-04-16T02:19:43","modified_gmt":"2026-04-15T23:19:43","slug":"ingilizce-destekli-oyun-kartlari-eslestirme-kamyon","status":"publish","type":"product","link":"https:\/\/roveyayinevi.com.tr\/index.php\/urun\/ingilizce-destekli-oyun-kartlari-eslestirme-kamyon\/","title":{"rendered":"\u0130ngilizce Destekli Oyun Kartlar\u0131 &#8211; E\u015fle\u015ftirme Kamyon"},"content":{"rendered":"<p>\u00c7ocuk geli\u015fim uzman\u0131 g\u00f6zetiminde haz\u0131rlanan \u0130ngilizce destekli oyun \u2013 e\u015fle\u015ftirme kartlar\u0131 \u00e7ocuklar\u0131n beyin, haf\u0131za ve dikkat geli\u015fimlerinin g\u00fc\u00e7lenmesini sa\u011flad\u0131\u011f\u0131 gibi \u00e7ocuklar\u0131n \u0130ngilizceyi g\u00f6rerek, yaparak, ya\u015fayarak, \u00f6\u011frenmesini de ama\u00e7lar.OYUN &#8211; E\u015eLE\u015eT\u0130RME KARTLARIMIZIN KAZANIMLARI:-El becerilerini geli\u015ftirir.-Mant\u0131k ve g\u00f6zlem kapasitesini art\u0131r\u0131r.-Dikkatin ayr\u0131nt\u0131lara verilmesini sa\u011flar.-G\u00f6rsel haf\u0131zay\u0131 g\u00fc\u00e7lendirir.-Dikkat yetene\u011fini ve konsantrasyonu art\u0131r\u0131r.-Dil geli\u015fimini destekler.-Ki\u015fisel tercih ve karar verme becerilerini g\u00fc\u00e7lendirir.UYGULAMA TEKN\u0130KLER\u0130Oyun kartlar\u0131m\u0131zla a\u015fa\u011f\u0131daki teknikler kullan\u0131larak bir\u00e7ok etkinlik yap\u0131labilir. -Ayn\u0131s\u0131n\u0131 bul-Kavramlar\u0131 tan\u0131-Akl\u0131nda tut-Farkl\u0131 olan\u0131 bul-Ayn\u0131 grupta olan\u0131 bul <\/p>\n","protected":false},"excerpt":{"rendered":"<p>\u00c7ocuk geli\u015fim uzman\u0131 g\u00f6zetiminde haz\u0131rlanan \u0130ngilizce destekli oyun \u2013 e\u015fle\u015ftirme kartlar\u0131 \u00e7ocuklar\u0131n beyin, haf\u0131za ve dikkat geli\u015fimlerinin g\u00fc\u00e7lenmesini sa\u011flad\u0131\u011f\u0131 gibi \u00e7ocuklar\u0131n \u0130ngilizceyi g\u00f6rerek, yaparak, ya\u015fayarak, \u00f6\u011frenmesini<span class=\"excerpt-hellip\"> [\u2026]<\/span><\/p>\n","protected":false},"featured_media":0,"template":"","meta":{"_monsterinsights_skip_tracking":false,"_monsterinsights_sitenote_active":false,"_monsterinsights_sitenote_note":"","_monsterinsights_sitenote_category":0},"product_brand":[],"product_cat":[12274,12518],"product_tag":[],"class_list":{"0":"post-780462","1":"product","2":"type-product","3":"status-publish","5":"product_cat-cocuk-ve-genclik-kitaplari","6":"product_cat-okul-oncesi-kitaplar","7":"pa_cilt-ciltsiz","8":"pa_tur-kitap20","9":"pa_yayinevi-sincap-kitap","10":"pa_yazar-kolektif","12":"first","13":"instock","14":"sale","15":"shipping-taxable","16":"purchasable","17":"product-type-simple"},"_links":{"self":[{"href":"https:\/\/roveyayinevi.com.tr\/index.php\/wp-json\/wp\/v2\/product\/780462","targetHints":{"allow":["GET"]}}],"collection":[{"href":"https:\/\/roveyayinevi.com.tr\/index.php\/wp-json\/wp\/v2\/product"}],"about":[{"href":"https:\/\/roveyayinevi.com.tr\/index.php\/wp-json\/wp\/v2\/types\/product"}],"wp:attachment":[{"href":"https:\/\/roveyayinevi.com.tr\/index.php\/wp-json\/wp\/v2\/media?parent=780462"}],"wp:term":[{"taxonomy":"product_brand","embeddable":true,"href":"https:\/\/roveyayinevi.com.tr\/index.php\/wp-json\/wp\/v2\/product_brand?post=780462"},{"taxonomy":"product_cat","embeddable":true,"href":"https:\/\/roveyayinevi.com.tr\/index.php\/wp-json\/wp\/v2\/product_cat?post=780462"},{"taxonomy":"product_tag","embeddable":true,"href":"https:\/\/roveyayinevi.com.tr\/index.php\/wp-json\/wp\/v2\/product_tag?post=780462"}],"curies":[{"name":"wp","href":"https:\/\/api.w.org\/{rel}","templated":true}]}}