{"id":780460,"date":"2026-01-20T02:35:12","date_gmt":"2026-01-19T23:35:12","guid":{"rendered":"https:\/\/roveyayinevi.com.tr\/index.php\/urun\/askin-miraci-hallac-i-mansur\/"},"modified":"2026-04-16T02:19:15","modified_gmt":"2026-04-15T23:19:15","slug":"askin-miraci-hallac-i-mansur","status":"publish","type":"product","link":"https:\/\/roveyayinevi.com.tr\/index.php\/urun\/askin-miraci-hallac-i-mansur\/","title":{"rendered":"A\u015fk\u0131n Mirac\u0131 Hallac-\u0131 Mansur"},"content":{"rendered":"<p>\u0130lmi ve irfani gelene\u011fin uzak s\u0131n\u0131rlar\u0131nda ya\u015fayan insano\u011flu, varl\u0131k plan\u0131n\u0131 aray\u0131p durdu. Tanr\u0131\u2019n\u0131n yaratt\u0131\u011f\u0131 ilk varl\u0131\u011f\u0131 merak edip, kainat\u0131n bilgisine tak\u0131ld\u0131 y\u0131llarca. Derken, her \u015feyi tam olarak bildi\u011fini zannetti\u011fi bir anda zamans\u0131zl\u0131k ve mek\u00e2ns\u0131zl\u0131k kesti yolunu. \u0130\u015fte Hallac-\u0131 Mansur efsanesi b\u00f6yle bir ortamda do\u011fup b\u00fcy\u00fcd\u00fc. Merakl\u0131 bir gen\u00e7 olan Hallac-\u0131 Mansur\u2019un \u00f6\u011frenmek istedi\u011fi o kadar \u00e7ok \u015fey vard\u0131 ki, isimlerini saymak bile insan\u0131n ba\u015f\u0131n\u0131 d\u00f6nd\u00fcrmeye yetiyor. \u0130\u015fte onlardan baz\u0131lar\u0131: \u2022   Y\u0131llard\u0131r mabetlerde titizlikle korunan ilahi s\u0131r neydi? \u2022   Deha ve delili\u011fin ayr\u0131ld\u0131\u011f\u0131 \u00e7izgi s\u0131rat\u0131 mustakim miydi? \u2022   Ruhun kendi fark\u0131ndal\u0131\u011f\u0131n\u0131 fark etmesi, ki\u015fiyi hi\u00e7li\u011fe mi g\u00f6t\u00fcr\u00fcr     yoksa yeni bir varl\u0131k plan\u0131na m\u0131? \u2022   Akl\u0131n ak\u0131ls\u0131zl\u0131\u011f\u0131 kavramas\u0131 m\u00fcmk\u00fcn m\u00fc? <\/p>\n","protected":false},"excerpt":{"rendered":"<p>\u0130lmi ve irfani gelene\u011fin uzak s\u0131n\u0131rlar\u0131nda ya\u015fayan insano\u011flu, varl\u0131k plan\u0131n\u0131 aray\u0131p durdu. Tanr\u0131\u2019n\u0131n yaratt\u0131\u011f\u0131 ilk varl\u0131\u011f\u0131 merak edip, kainat\u0131n bilgisine tak\u0131ld\u0131 y\u0131llarca. Derken, her \u015feyi tam<span class=\"excerpt-hellip\"> [\u2026]<\/span><\/p>\n","protected":false},"featured_media":0,"template":"","meta":{"_monsterinsights_skip_tracking":false,"_monsterinsights_sitenote_active":false,"_monsterinsights_sitenote_note":"","_monsterinsights_sitenote_category":0},"product_brand":[],"product_cat":[12312,12304],"product_tag":[],"class_list":{"0":"post-780460","1":"product","2":"type-product","3":"status-publish","5":"product_cat-diger","6":"product_cat-tarih","7":"pa_cilt-ciltsiz","8":"pa_tur-kitap","9":"pa_yayinevi-panama-yayincilik","10":"pa_yazar-orhan-yeniaras","12":"first","13":"instock","14":"sale","15":"shipping-taxable","16":"purchasable","17":"product-type-simple"},"_links":{"self":[{"href":"https:\/\/roveyayinevi.com.tr\/index.php\/wp-json\/wp\/v2\/product\/780460","targetHints":{"allow":["GET"]}}],"collection":[{"href":"https:\/\/roveyayinevi.com.tr\/index.php\/wp-json\/wp\/v2\/product"}],"about":[{"href":"https:\/\/roveyayinevi.com.tr\/index.php\/wp-json\/wp\/v2\/types\/product"}],"wp:attachment":[{"href":"https:\/\/roveyayinevi.com.tr\/index.php\/wp-json\/wp\/v2\/media?parent=780460"}],"wp:term":[{"taxonomy":"product_brand","embeddable":true,"href":"https:\/\/roveyayinevi.com.tr\/index.php\/wp-json\/wp\/v2\/product_brand?post=780460"},{"taxonomy":"product_cat","embeddable":true,"href":"https:\/\/roveyayinevi.com.tr\/index.php\/wp-json\/wp\/v2\/product_cat?post=780460"},{"taxonomy":"product_tag","embeddable":true,"href":"https:\/\/roveyayinevi.com.tr\/index.php\/wp-json\/wp\/v2\/product_tag?post=780460"}],"curies":[{"name":"wp","href":"https:\/\/api.w.org\/{rel}","templated":true}]}}