{"id":780459,"date":"2026-01-20T02:34:10","date_gmt":"2026-01-19T23:34:10","guid":{"rendered":"https:\/\/roveyayinevi.com.tr\/index.php\/urun\/kumlarin-kadini\/"},"modified":"2026-01-22T02:32:41","modified_gmt":"2026-01-21T23:32:41","slug":"kumlarin-kadini","status":"publish","type":"product","link":"https:\/\/roveyayinevi.com.tr\/index.php\/urun\/kumlarin-kadini\/","title":{"rendered":"Kumlar\u0131n Kad\u0131n\u0131"},"content":{"rendered":"<p>\u201cHem dolamba\u00e7l\u0131 hem de ba\u011f\u0131ml\u0131l\u0131k yap\u0131c\u0131.\u201d David Mitchell \u201cHem Poe hem de Kafka akla geliyor. Kobo Abe sayfalarda hi\u00e7 dinmeden atan bir heyecan yarat\u0131yor. Okuduk\u00e7a okuyorsunuz ve okuyorsunuz.\u201d The New Yorker \u201cBaz\u0131lar\u0131 onda Kafka\u2019n\u0131n bilinmeyene y\u00f6nelik manip\u00fclasyonlar\u0131n\u0131, ba\u015fkalar\u0131 ise \u00f6rne\u011fin yaratt\u0131\u011f\u0131 kum \u00e7ukuru metaforu ile Beckett\u2019in esintilerini bulacak.\u201d Saturday ReviewBir a\u011fustos g\u00fcn\u00fc bir adam ortadan kayboldu. Bir tatil g\u00fcn\u00fcnde, buharl\u0131 trenle yar\u0131m g\u00fcnl\u00fck mesafe-deki sahile do\u011fru yola \u00e7\u0131kt\u0131 ve kendisinden bir daha haber al\u0131namad\u0131. Ne kay\u0131p ba\u015fvurusu ne de gaze-te ilanlar\u0131 bir i\u015fe yarad\u0131&#8230; Bu adamla ilgili vakada kayda de\u011fer bir ipucu yoktu. Ayr\u0131ca, g\u00fcnl\u00fck haya-t\u0131nda ortadan kaybolmak istedi\u011fini d\u00fc\u015f\u00fcnd\u00fcrecek en ufak bir h\u00e2l veya harekete rastlanmam\u0131\u015ft\u0131. Do\u011fal olarak, ba\u015flang\u0131\u00e7ta herkes gizli bir ili\u015fkisi olabilece\u011fini d\u00fc\u015f\u00fcnd\u00fc. Fakat adam\u0131n kar\u0131s\u0131 adam\u0131n bu ge-ziye b\u00f6cek toplamak maksad\u0131yla \u00e7\u0131kt\u0131\u011f\u0131n\u0131 s\u00f6yledi\u011finde, hem polisler hem de i\u015f arkada\u015flar\u0131 biraz ha-yal k\u0131r\u0131kl\u0131\u011f\u0131na u\u011frad\u0131lar&#8230;\u015e\u00fcphesiz, kum ya\u015fam i\u00e7in elveri\u015fli de\u011fildi. Peki, dura\u011fan h\u00e2l varl\u0131k i\u00e7in vazge\u00e7ilmez miydi? O tik-sindirici rekabeti ba\u015flatan da sabit kalmaktaki \u0131srar\u0131m\u0131z de\u011fil miydi? Sabit olmay\u0131 b\u0131rak\u0131p kendimizi kumun ak\u0131\u015f\u0131na b\u0131rak\u0131versek rekabet de ortadan kalkacakt\u0131. Ger\u00e7ekte, \u00e7\u00f6lde de \u00e7i\u00e7ekler a\u00e7\u0131yor, b\u00f6cek-ler ve hayvanlar ya\u015famlar\u0131n\u0131 s\u00fcrd\u00fcr\u00fcyorlard\u0131&#8230; \u00d6yle ya, ke\u015fke kad\u0131na da bu manzaradan bahsedebil-seydi. Gidi\u015f-d\u00f6n\u00fc\u015f biletlerin asla i\u015flemeyece\u011fi kumun \u015fark\u0131s\u0131n\u0131, yanl\u0131\u015f perdeden de olsa ona dinlete-bilseydi ke\u015fke. Oysa adam\u0131n tek yapt\u0131\u011f\u0131, yeteneksiz bir \u00e7apk\u0131n\u0131 taklit edip ba\u015fka bir hayat\u0131n yemiy-le kad\u0131n\u0131 avlamaya \u00e7al\u0131\u015fmak olmu\u015ftu. Kumdan duvar, adam\u0131n ruhunu yakalam\u0131\u015f, onu kese k\u00e2\u011f\u0131d\u0131n-daki bir kediye \u00e7evirmi\u015fti. <\/p>\n","protected":false},"excerpt":{"rendered":"<p>\u201cHem dolamba\u00e7l\u0131 hem de ba\u011f\u0131ml\u0131l\u0131k yap\u0131c\u0131.\u201d David Mitchell \u201cHem Poe hem de Kafka akla geliyor. Kobo Abe sayfalarda hi\u00e7 dinmeden atan bir heyecan yarat\u0131yor. Okuduk\u00e7a okuyorsunuz<span class=\"excerpt-hellip\"> [\u2026]<\/span><\/p>\n","protected":false},"featured_media":0,"template":"","meta":{"_monsterinsights_skip_tracking":false,"_monsterinsights_sitenote_active":false,"_monsterinsights_sitenote_note":"","_monsterinsights_sitenote_category":0},"product_brand":[],"product_cat":[12291,12711],"product_tag":[],"class_list":{"0":"post-780459","1":"product","2":"type-product","3":"status-publish","5":"product_cat-edebiyat","6":"product_cat-roman-oyku","7":"pa_cilt-ciltsiz","8":"pa_tur-kitap","9":"pa_yayinevi-monokl","10":"pa_yazar-kobo-abe","12":"first","13":"instock","14":"sale","15":"shipping-taxable","16":"purchasable","17":"product-type-simple"},"_links":{"self":[{"href":"https:\/\/roveyayinevi.com.tr\/index.php\/wp-json\/wp\/v2\/product\/780459","targetHints":{"allow":["GET"]}}],"collection":[{"href":"https:\/\/roveyayinevi.com.tr\/index.php\/wp-json\/wp\/v2\/product"}],"about":[{"href":"https:\/\/roveyayinevi.com.tr\/index.php\/wp-json\/wp\/v2\/types\/product"}],"wp:attachment":[{"href":"https:\/\/roveyayinevi.com.tr\/index.php\/wp-json\/wp\/v2\/media?parent=780459"}],"wp:term":[{"taxonomy":"product_brand","embeddable":true,"href":"https:\/\/roveyayinevi.com.tr\/index.php\/wp-json\/wp\/v2\/product_brand?post=780459"},{"taxonomy":"product_cat","embeddable":true,"href":"https:\/\/roveyayinevi.com.tr\/index.php\/wp-json\/wp\/v2\/product_cat?post=780459"},{"taxonomy":"product_tag","embeddable":true,"href":"https:\/\/roveyayinevi.com.tr\/index.php\/wp-json\/wp\/v2\/product_tag?post=780459"}],"curies":[{"name":"wp","href":"https:\/\/api.w.org\/{rel}","templated":true}]}}