{"id":780458,"date":"2026-01-20T02:34:06","date_gmt":"2026-01-19T23:34:06","guid":{"rendered":"https:\/\/roveyayinevi.com.tr\/index.php\/urun\/ikinci-hayatin-tek-bir-hayatin-oldugunu-anladiginda-baslar\/"},"modified":"2026-04-16T02:18:05","modified_gmt":"2026-04-15T23:18:05","slug":"ikinci-hayatin-tek-bir-hayatin-oldugunu-anladiginda-baslar","status":"publish","type":"product","link":"https:\/\/roveyayinevi.com.tr\/index.php\/urun\/ikinci-hayatin-tek-bir-hayatin-oldugunu-anladiginda-baslar\/","title":{"rendered":"\u0130kinci Hayat\u0131n Tek bir Hayat\u0131n Oldu\u011funu Anlad\u0131\u011f\u0131nda Ba\u015flar"},"content":{"rendered":"<p>Camille mutlu olmak i\u00e7in gereken her \u015feye sahipken neden kendini mutsuz hissediyordu?\u201cB\u00fcy\u00fck ihtimalle bir \u00e7e\u015fit akut rutinizme yakalanm\u0131\u015fs\u0131n\u0131z.\u201d\u201cAkut ne?\u201d\u201cAkut rutinizm. D\u00fcnyada, \u00f6zellikle Bat\u0131 \u00fclkelerinde, gittik\u00e7e yayg\u0131nla\u015fan ruhsal bir sorun bu. \u00c7o\u011funlukla ayn\u0131 belirtilerle ortaya \u00e7\u0131k\u0131yor: motivasyon eksikli\u011fi, m\u00fczmin bir kasvet hali, anlam ve y\u00f6n kayb\u0131, hayal k\u0131r\u0131kl\u0131\u011f\u0131, b\u0131kk\u0131nl\u0131k, kendini bir t\u00fcrl\u00fc mutlu hissedememe&#8230;\u201d\u201cAma&#8230; Siz\u2026 B\u00fct\u00fcn bunlar\u0131 nereden biliyorsunuz?\u201d\u201cBen bir rutinolo\u011fum.\u201d\u201cRutino&#8230; ne?\u201dF\u0131rt\u0131nal\u0131 bir cuma gecesi, Paris&#8217;in uzak bir banliy\u00f6s\u00fcnde trafik kazas\u0131 ge\u00e7iren Camille, tesad\u00fcfen rutinolog Claude Dupontel\u2019le tan\u0131\u015ft\u0131. Claude mutlu bir hayat vaadiyle ona kart\u0131n\u0131 verdi\u011finde, ya\u015fayaca\u011f\u0131 \u015fa\u015f\u0131rt\u0131c\u0131 deneyimlerin hayat\u0131n\u0131 nas\u0131l de\u011fi\u015ftirece\u011fini bilmiyordu elbette.\u201cRapha\u00eblle Giordano bize ya\u015famay\u0131 sevmeyi \u00f6\u011fretiyor.\u201dMadame Figaro\u201cEnfes bir roman!\u201d Marie France\u201cHayat\u0131n\u0131z\u0131 mevcut durumundan \u00e7ok daha iyi yerlere ta\u015f\u0131mak i\u00e7in size ilham verecek keyifli bir kurgu. En k\u0131sa s\u00fcrede okunmal\u0131, \u00e7\u00fcnk\u00fc tek bir hayat\u0131m\u0131z var!\u201d Metronews\u201cCamille bizden biri. Sayfalar\u0131 \u00e7evirirken onunla birlikte biz de k\u0131s\u0131tlay\u0131c\u0131 inan\u00e7lar\u0131m\u0131zdan, ge\u00e7mi\u015fimizin a\u011f\u0131rl\u0131klar\u0131ndan kurtuluyor, hafifliyor ve hayat doluyoruz. A\u00e7\u0131k\u00e7as\u0131 olumsuz d\u00fc\u015f\u00fcnce detoksu i\u00e7in gerekli olan t\u00fcm vitaminleri i\u00e7eren bir roma <\/p>\n","protected":false},"excerpt":{"rendered":"<p>Camille mutlu olmak i\u00e7in gereken her \u015feye sahipken neden kendini mutsuz hissediyordu?\u201cB\u00fcy\u00fck ihtimalle bir \u00e7e\u015fit akut rutinizme yakalanm\u0131\u015fs\u0131n\u0131z.\u201d\u201cAkut ne?\u201d\u201cAkut rutinizm. D\u00fcnyada, \u00f6zellikle Bat\u0131 \u00fclkelerinde, gittik\u00e7e yayg\u0131nla\u015fan<span class=\"excerpt-hellip\"> [\u2026]<\/span><\/p>\n","protected":false},"featured_media":0,"template":"","meta":{"_monsterinsights_skip_tracking":false,"_monsterinsights_sitenote_active":false,"_monsterinsights_sitenote_note":"","_monsterinsights_sitenote_category":0},"product_brand":[],"product_cat":[12291,12711],"product_tag":[],"class_list":{"0":"post-780458","1":"product","2":"type-product","3":"status-publish","5":"product_cat-edebiyat","6":"product_cat-roman-oyku","7":"pa_cilt-ciltsiz","8":"pa_tur-kitap","9":"pa_yayinevi-yan-pasaj-yayinevi","10":"pa_yazar-raphaelle-giordano","12":"first","13":"instock","14":"sale","15":"shipping-taxable","16":"purchasable","17":"product-type-simple"},"_links":{"self":[{"href":"https:\/\/roveyayinevi.com.tr\/index.php\/wp-json\/wp\/v2\/product\/780458","targetHints":{"allow":["GET"]}}],"collection":[{"href":"https:\/\/roveyayinevi.com.tr\/index.php\/wp-json\/wp\/v2\/product"}],"about":[{"href":"https:\/\/roveyayinevi.com.tr\/index.php\/wp-json\/wp\/v2\/types\/product"}],"wp:attachment":[{"href":"https:\/\/roveyayinevi.com.tr\/index.php\/wp-json\/wp\/v2\/media?parent=780458"}],"wp:term":[{"taxonomy":"product_brand","embeddable":true,"href":"https:\/\/roveyayinevi.com.tr\/index.php\/wp-json\/wp\/v2\/product_brand?post=780458"},{"taxonomy":"product_cat","embeddable":true,"href":"https:\/\/roveyayinevi.com.tr\/index.php\/wp-json\/wp\/v2\/product_cat?post=780458"},{"taxonomy":"product_tag","embeddable":true,"href":"https:\/\/roveyayinevi.com.tr\/index.php\/wp-json\/wp\/v2\/product_tag?post=780458"}],"curies":[{"name":"wp","href":"https:\/\/api.w.org\/{rel}","templated":true}]}}