{"id":780456,"date":"2026-01-20T02:32:42","date_gmt":"2026-01-19T23:32:42","guid":{"rendered":"https:\/\/roveyayinevi.com.tr\/index.php\/urun\/bitki-anatomisi-ve-uygulamalari-kitabi\/"},"modified":"2026-04-16T02:18:02","modified_gmt":"2026-04-15T23:18:02","slug":"bitki-anatomisi-ve-uygulamalari-kitabi","status":"publish","type":"product","link":"https:\/\/roveyayinevi.com.tr\/index.php\/urun\/bitki-anatomisi-ve-uygulamalari-kitabi\/","title":{"rendered":"Bitki Anatomisi ve Uygulamalar\u0131 Kitab\u0131"},"content":{"rendered":"<p>Bu kitap, \u00f6ncelikle \u00fcniversitelerin biyoloji b\u00f6l\u00fcmlerinde okutulan genel botanik, bitki morfolojisi ve anatomisi derslerini alan \u00f6\u011frencilerin laboratuvar \u00e7al\u0131\u015fmalar\u0131nda kullan\u0131lmak \u00fczere haz\u0131rlanm\u0131\u015ft\u0131r. Bu kitap ayr\u0131ca \u00fclkemizin de\u011fi\u015fik b\u00f6lgelerinde g\u00f6rev yapan biyoloji \u00f6\u011fretmenlerinin laboratuvar derslerine de katk\u0131 sa\u011flayacak niteliktedir. Kitab\u0131n i\u00e7eri\u011finde bitkisel materyallerin kromozom incelemesi i\u00e7in yap\u0131lan \u00f6n i\u015flemlere, materyallerin dura\u011fanlanmas\u0131na, dura\u011fanlay\u0131c\u0131 kar\u0131\u015f\u0131mlara, kesit alma y\u00f6ntemlerinden el kesit y\u00f6ntemi ile mikrotom y\u00f6ntemine ve kesitlerin boyanmas\u0131na de\u011finilmi\u015ftir. Ayr\u0131ca laboratuvar uygulamalar\u0131 ad\u0131 alt\u0131nda h\u00fccrenin protoplazmik ile protoplazmik olmayan bile\u015fenleri, epidermis, epidermisten t\u00fcrevlenen yap\u0131lar olarak trikomlar ve stomalar, destek dokulardan kollenkima ve sklerankima, ksilem ve floem, salg\u0131 dokusu, periderm geli\u015fimi ve lentisel, k\u00f6k, g\u00f6vde, yaprak, meyve, \u00e7i\u00e7ek ve tohum anatomisi konular\u0131 i\u015flenmi\u015ftir. Uygulama k\u0131sm\u0131nda, \u00f6\u011frencilerimizin mikroskopta g\u00f6rd\u00fckleri \u015fekilleri \u00e7izebilecekleri bir \u00e7izim b\u00f6l\u00fcm\u00fc b\u0131rak\u0131lm\u0131\u015ft\u0131r. G\u00f6rsel materyal a\u00e7\u0131s\u0131ndan zengin bir kaynak sunmak amac\u0131yla haz\u0131rlanan bu kitapta temel konular \u00fclkemizin her b\u00f6lgesinde kolay bulunabilen bitkiler \u00fczerinde g\u00f6sterilmeye \u00e7al\u0131\u015f\u0131lm\u0131\u015f ve ayn\u0131 konular\u0131n g\u00f6r\u00fcld\u00fc\u011f\u00fc di\u011fer bitkiler ile ilgili g\u00f6rsel foto\u011fraflara da yer verilmi\u015ftir. <\/p>\n","protected":false},"excerpt":{"rendered":"<p>Bu kitap, \u00f6ncelikle \u00fcniversitelerin biyoloji b\u00f6l\u00fcmlerinde okutulan genel botanik, bitki morfolojisi ve anatomisi derslerini alan \u00f6\u011frencilerin laboratuvar \u00e7al\u0131\u015fmalar\u0131nda kullan\u0131lmak \u00fczere haz\u0131rlanm\u0131\u015ft\u0131r. Bu kitap ayr\u0131ca \u00fclkemizin de\u011fi\u015fik<span class=\"excerpt-hellip\"> [\u2026]<\/span><\/p>\n","protected":false},"featured_media":0,"template":"","meta":{"_monsterinsights_skip_tracking":false,"_monsterinsights_sitenote_active":false,"_monsterinsights_sitenote_note":"","_monsterinsights_sitenote_category":0},"product_brand":[],"product_cat":[12573,12566],"product_tag":[],"class_list":{"0":"post-780456","1":"product","2":"type-product","3":"status-publish","5":"product_cat-akademik-kitaplar","6":"product_cat-egitim","7":"pa_cilt-ciltsiz","8":"pa_tur-kitap","9":"pa_yayinevi-nobel-akademik-yayincilik","10":"pa_yazar-ilkay-ozturk-cali-feyza-candan","12":"first","13":"instock","14":"sale","15":"shipping-taxable","16":"purchasable","17":"product-type-simple"},"_links":{"self":[{"href":"https:\/\/roveyayinevi.com.tr\/index.php\/wp-json\/wp\/v2\/product\/780456","targetHints":{"allow":["GET"]}}],"collection":[{"href":"https:\/\/roveyayinevi.com.tr\/index.php\/wp-json\/wp\/v2\/product"}],"about":[{"href":"https:\/\/roveyayinevi.com.tr\/index.php\/wp-json\/wp\/v2\/types\/product"}],"wp:attachment":[{"href":"https:\/\/roveyayinevi.com.tr\/index.php\/wp-json\/wp\/v2\/media?parent=780456"}],"wp:term":[{"taxonomy":"product_brand","embeddable":true,"href":"https:\/\/roveyayinevi.com.tr\/index.php\/wp-json\/wp\/v2\/product_brand?post=780456"},{"taxonomy":"product_cat","embeddable":true,"href":"https:\/\/roveyayinevi.com.tr\/index.php\/wp-json\/wp\/v2\/product_cat?post=780456"},{"taxonomy":"product_tag","embeddable":true,"href":"https:\/\/roveyayinevi.com.tr\/index.php\/wp-json\/wp\/v2\/product_tag?post=780456"}],"curies":[{"name":"wp","href":"https:\/\/api.w.org\/{rel}","templated":true}]}}