{"id":780455,"date":"2026-01-20T02:32:40","date_gmt":"2026-01-19T23:32:40","guid":{"rendered":"https:\/\/roveyayinevi.com.tr\/index.php\/urun\/genel-histoloji-atlasi\/"},"modified":"2026-04-16T02:18:02","modified_gmt":"2026-04-15T23:18:02","slug":"genel-histoloji-atlasi","status":"publish","type":"product","link":"https:\/\/roveyayinevi.com.tr\/index.php\/urun\/genel-histoloji-atlasi\/","title":{"rendered":"Genel Histoloji Atlas\u0131"},"content":{"rendered":"<p>Bu Atlas; E\u011fitim, Fen, Fen-Edebiyat Fak\u00fcltelerinde biyoloji \u00f6\u011frenimi g\u00f6ren ve baz\u0131 fak\u00fclteler ile y\u00fcksekokullarda Histoloji dersi alan \u00f6\u011frencilerin konular\u0131 daha iyi anlamalar\u0131 ve onlar i\u00e7in bir kaynak olu\u015fturmas\u0131 amac\u0131 ile haz\u0131rlanm\u0131\u015ft\u0131r. \u00d6zellikle \u00f6\u011frenciler, biyoloji ve biyolojinin yan dallar\u0131 olan dersleri ezberleyerek \u00f6\u011frenecekleri d\u00fc\u015f\u00fcncesinde olduklar\u0131 i\u00e7in histoloji konular\u0131n\u0131 \u00f6\u011frenmekte de zorluklar ya\u015famaktad\u0131rlar. \u00c7\u00fcnk\u00fc ezberlenen bilgiler \u00e7abuk unutulur. Ancak, \u00f6\u011frencilerin g\u00f6rerek ve ya\u015fayarak edindikleri bilgiler kal\u0131c\u0131 olur. Histoloji laboratuvar\u0131 dersinde inceleme yaparken, \u00f6\u011frencilerin mikroskoptaki g\u00f6r\u00fcnt\u00fcyle \u015fematik \u00e7izim aras\u0131nda ili\u015fki kurmakta zaman zaman zorland\u0131klar\u0131 g\u00f6zlenmi\u015ftir. Bundan dolay\u0131 incelenen objelerin renkli resimleri yan\u0131nda \u015fematik \u00e7izimlerine atlasta yer verilmi\u015ftir. B\u00f6ylece \u00f6\u011frencinin incelenen objenin hem canl\u0131 yap\u0131s\u0131ndaki mikroskobik g\u00f6r\u00fcn\u00fc\u015f\u00fcn\u00fc hem de onun \u015fematik \u00e7izimini ayn\u0131 ortamda g\u00f6rmesi, konular\u0131n anla\u015f\u0131lmas\u0131n\u0131 ve peki\u015ftirilmesini kolayla\u015ft\u0131raca\u011f\u0131 gibi ba\u015far\u0131 d\u00fczeylerinin artmas\u0131na da katk\u0131 sa\u011flayacakt\u0131r. Atlastaki bilgilerin k\u0131sa ve yeterli d\u00fczeyde olmas\u0131na \u00f6zen g\u00f6sterilmi\u015ftir. Bilgiler, \u00e7ok say\u0131da resim ve \u015fematik \u00e7izim ile desteklenmi\u015ftir. <\/p>\n","protected":false},"excerpt":{"rendered":"<p>Bu Atlas; E\u011fitim, Fen, Fen-Edebiyat Fak\u00fcltelerinde biyoloji \u00f6\u011frenimi g\u00f6ren ve baz\u0131 fak\u00fclteler ile y\u00fcksekokullarda Histoloji dersi alan \u00f6\u011frencilerin konular\u0131 daha iyi anlamalar\u0131 ve onlar i\u00e7in bir<span class=\"excerpt-hellip\"> [\u2026]<\/span><\/p>\n","protected":false},"featured_media":0,"template":"","meta":{"_monsterinsights_skip_tracking":false,"_monsterinsights_sitenote_active":false,"_monsterinsights_sitenote_note":"","_monsterinsights_sitenote_category":0},"product_brand":[],"product_cat":[12573,12566],"product_tag":[],"class_list":{"0":"post-780455","1":"product","2":"type-product","3":"status-publish","5":"product_cat-akademik-kitaplar","6":"product_cat-egitim","7":"pa_cilt-ciltsiz","8":"pa_tur-kitap","9":"pa_yayinevi-nobel-akademik-yayincilik","10":"pa_yazar-aysel-temelli","11":"pa_yazar-murat-kurt","13":"first","14":"instock","15":"sale","16":"shipping-taxable","17":"purchasable","18":"product-type-simple"},"_links":{"self":[{"href":"https:\/\/roveyayinevi.com.tr\/index.php\/wp-json\/wp\/v2\/product\/780455","targetHints":{"allow":["GET"]}}],"collection":[{"href":"https:\/\/roveyayinevi.com.tr\/index.php\/wp-json\/wp\/v2\/product"}],"about":[{"href":"https:\/\/roveyayinevi.com.tr\/index.php\/wp-json\/wp\/v2\/types\/product"}],"wp:attachment":[{"href":"https:\/\/roveyayinevi.com.tr\/index.php\/wp-json\/wp\/v2\/media?parent=780455"}],"wp:term":[{"taxonomy":"product_brand","embeddable":true,"href":"https:\/\/roveyayinevi.com.tr\/index.php\/wp-json\/wp\/v2\/product_brand?post=780455"},{"taxonomy":"product_cat","embeddable":true,"href":"https:\/\/roveyayinevi.com.tr\/index.php\/wp-json\/wp\/v2\/product_cat?post=780455"},{"taxonomy":"product_tag","embeddable":true,"href":"https:\/\/roveyayinevi.com.tr\/index.php\/wp-json\/wp\/v2\/product_tag?post=780455"}],"curies":[{"name":"wp","href":"https:\/\/api.w.org\/{rel}","templated":true}]}}