{"id":780452,"date":"2026-01-20T02:32:36","date_gmt":"2026-01-19T23:32:36","guid":{"rendered":"https:\/\/roveyayinevi.com.tr\/index.php\/urun\/elektrik-ve-bilgisayar-muhendisligine-giris\/"},"modified":"2026-04-16T02:18:02","modified_gmt":"2026-04-15T23:18:02","slug":"elektrik-ve-bilgisayar-muhendisligine-giris","status":"publish","type":"product","link":"https:\/\/roveyayinevi.com.tr\/index.php\/urun\/elektrik-ve-bilgisayar-muhendisligine-giris\/","title":{"rendered":"Elektrik ve Bilgisayar M\u00fchendisli\u011fine Giri\u015f"},"content":{"rendered":"<p>Bu kitap; elektrik ve bilgisayar m\u00fchendisli\u011fi mesle\u011fini se\u00e7menin ya\u015fam\u0131n\u0131z\u0131 nas\u0131l etkileyece\u011fini bir yol haritas\u0131 olarak g\u00f6stermektedir. Elektrik elektronik m\u00fchendisli\u011fine temel kavramlar d\u00fczeyinde giri\u015f ile ba\u015flayan \u00e7al\u0131\u015fma, Elektrik ve bilgisayar m\u00fchendislerinin uzmanl\u0131klar\u0131, Elektriksel kavramlar ve elemanlar, Aktif elemanlar ve t\u00fcmle\u015fik devreler, Elektrik ve bilgisayar m\u00fchendisleri i\u00e7in m\u00fchendislik ara\u00e7lar\u0131, M\u00fchendislik problemlerini \u00e7\u00f6zme, M\u00fchendislik tasar\u0131m\u0131, Akademik ya\u015fam becerileri ve M\u00fchendislik kariyeriniz b\u00f6l\u00fcmleri ile meslek se\u00e7me ve ya\u015fama etkilerini m\u00fchendislik d\u00fczeyinde a\u00e7\u0131klayarak anlat\u0131m\u0131n\u0131 sonland\u0131rmaktad\u0131r. Kitap, \u00f6zellikle elektrik ve bilgisayar m\u00fchendisli\u011fi b\u00f6l\u00fcmlerine yeni ba\u015flayan ya da ba\u015flayacak olanlar i\u00e7in kaynak olacak bir \u00e7al\u0131\u015fmad\u0131r. \ufffcTan\u0131t\u0131m Metni<\/p>\n","protected":false},"excerpt":{"rendered":"<p>Bu kitap; elektrik ve bilgisayar m\u00fchendisli\u011fi mesle\u011fini se\u00e7menin ya\u015fam\u0131n\u0131z\u0131 nas\u0131l etkileyece\u011fini bir yol haritas\u0131 olarak g\u00f6stermektedir. Elektrik elektronik m\u00fchendisli\u011fine temel kavramlar d\u00fczeyinde giri\u015f ile ba\u015flayan \u00e7al\u0131\u015fma,<span class=\"excerpt-hellip\"> [\u2026]<\/span><\/p>\n","protected":false},"featured_media":0,"template":"","meta":{"_monsterinsights_skip_tracking":false,"_monsterinsights_sitenote_active":false,"_monsterinsights_sitenote_note":"","_monsterinsights_sitenote_category":0},"product_brand":[],"product_cat":[12573,12566],"product_tag":[],"class_list":{"0":"post-780452","1":"product","2":"type-product","3":"status-publish","5":"product_cat-akademik-kitaplar","6":"product_cat-egitim","7":"pa_cilt-ciltsiz","8":"pa_tur-kitap","9":"pa_yayinevi-nobel-akademik-yayincilik","10":"pa_yazar-c-b-fleddermann","11":"pa_yazar-m-d-bradshaw","12":"pa_yazar-source","14":"first","15":"instock","16":"sale","17":"shipping-taxable","18":"purchasable","19":"product-type-simple"},"_links":{"self":[{"href":"https:\/\/roveyayinevi.com.tr\/index.php\/wp-json\/wp\/v2\/product\/780452","targetHints":{"allow":["GET"]}}],"collection":[{"href":"https:\/\/roveyayinevi.com.tr\/index.php\/wp-json\/wp\/v2\/product"}],"about":[{"href":"https:\/\/roveyayinevi.com.tr\/index.php\/wp-json\/wp\/v2\/types\/product"}],"wp:attachment":[{"href":"https:\/\/roveyayinevi.com.tr\/index.php\/wp-json\/wp\/v2\/media?parent=780452"}],"wp:term":[{"taxonomy":"product_brand","embeddable":true,"href":"https:\/\/roveyayinevi.com.tr\/index.php\/wp-json\/wp\/v2\/product_brand?post=780452"},{"taxonomy":"product_cat","embeddable":true,"href":"https:\/\/roveyayinevi.com.tr\/index.php\/wp-json\/wp\/v2\/product_cat?post=780452"},{"taxonomy":"product_tag","embeddable":true,"href":"https:\/\/roveyayinevi.com.tr\/index.php\/wp-json\/wp\/v2\/product_tag?post=780452"}],"curies":[{"name":"wp","href":"https:\/\/api.w.org\/{rel}","templated":true}]}}