{"id":780450,"date":"2026-01-20T02:32:33","date_gmt":"2026-01-19T23:32:33","guid":{"rendered":"https:\/\/roveyayinevi.com.tr\/index.php\/urun\/elektrik-devreleri-schaums\/"},"modified":"2026-04-16T02:18:02","modified_gmt":"2026-04-15T23:18:02","slug":"elektrik-devreleri-schaums","status":"publish","type":"product","link":"https:\/\/roveyayinevi.com.tr\/index.php\/urun\/elektrik-devreleri-schaums\/","title":{"rendered":"Elektrik Devreleri Schaum\u2019s"},"content":{"rendered":"<p>Schaum\u2019s serimizde yer alan ve \u0130ngilizce asl\u0131ndan T\u00fcrk\u00e7eye terc\u00fcme edilen Elektrik Devreleri kitab\u0131; basit anlat\u0131m\u0131, \u00e7ok say\u0131da \u00e7\u00f6z\u00fcml\u00fc problemi ve al\u0131\u015ft\u0131rma sorusuyla uzun y\u0131llard\u0131r \u00f6\u011frenciler i\u00e7in vazge\u00e7ilmez bir kaynak olma \u00f6zelli\u011fini korumaktad\u0131r. Bu kitap; elektrik m\u00fchendisli\u011fi b\u00f6l\u00fcm\u00fcnde, Devre Analizine Giri\u015f derslerinde ya da di\u011fer m\u00fchendislik bilimlerinde yard\u0131mc\u0131 kitap olarak kullan\u0131labilir. Kitap; temel tan\u0131mlar, ba\u011f\u0131ml\u0131 kaynaklar\u0131 i\u00e7eren devre elemanlar\u0131, devre yasa ve kuramlar\u0131, d\u00fc\u011f\u00fcm gerilimleri y\u00f6ntemi ve \u00e7evre ak\u0131m\u0131 y\u00f6ntemi gibi analiz tekniklerinin ele al\u0131nd\u0131\u011f\u0131 bir\u00e7ok konuyu i\u00e7ermektedir. <\/p>\n","protected":false},"excerpt":{"rendered":"<p>Schaum\u2019s serimizde yer alan ve \u0130ngilizce asl\u0131ndan T\u00fcrk\u00e7eye terc\u00fcme edilen Elektrik Devreleri kitab\u0131; basit anlat\u0131m\u0131, \u00e7ok say\u0131da \u00e7\u00f6z\u00fcml\u00fc problemi ve al\u0131\u015ft\u0131rma sorusuyla uzun y\u0131llard\u0131r \u00f6\u011frenciler i\u00e7in<span class=\"excerpt-hellip\"> [\u2026]<\/span><\/p>\n","protected":false},"featured_media":0,"template":"","meta":{"_monsterinsights_skip_tracking":false,"_monsterinsights_sitenote_active":false,"_monsterinsights_sitenote_note":"","_monsterinsights_sitenote_category":0},"product_brand":[],"product_cat":[12573,12566],"product_tag":[],"class_list":{"0":"post-780450","1":"product","2":"type-product","3":"status-publish","5":"product_cat-akademik-kitaplar","6":"product_cat-egitim","7":"pa_cilt-ciltsiz","8":"pa_tur-kitap","9":"pa_yayinevi-nobel-akademik-yayincilik","10":"pa_yazar-kolektif","12":"first","13":"instock","14":"sale","15":"shipping-taxable","16":"purchasable","17":"product-type-simple"},"_links":{"self":[{"href":"https:\/\/roveyayinevi.com.tr\/index.php\/wp-json\/wp\/v2\/product\/780450","targetHints":{"allow":["GET"]}}],"collection":[{"href":"https:\/\/roveyayinevi.com.tr\/index.php\/wp-json\/wp\/v2\/product"}],"about":[{"href":"https:\/\/roveyayinevi.com.tr\/index.php\/wp-json\/wp\/v2\/types\/product"}],"wp:attachment":[{"href":"https:\/\/roveyayinevi.com.tr\/index.php\/wp-json\/wp\/v2\/media?parent=780450"}],"wp:term":[{"taxonomy":"product_brand","embeddable":true,"href":"https:\/\/roveyayinevi.com.tr\/index.php\/wp-json\/wp\/v2\/product_brand?post=780450"},{"taxonomy":"product_cat","embeddable":true,"href":"https:\/\/roveyayinevi.com.tr\/index.php\/wp-json\/wp\/v2\/product_cat?post=780450"},{"taxonomy":"product_tag","embeddable":true,"href":"https:\/\/roveyayinevi.com.tr\/index.php\/wp-json\/wp\/v2\/product_tag?post=780450"}],"curies":[{"name":"wp","href":"https:\/\/api.w.org\/{rel}","templated":true}]}}