{"id":780445,"date":"2026-01-20T02:32:26","date_gmt":"2026-01-19T23:32:26","guid":{"rendered":"https:\/\/roveyayinevi.com.tr\/index.php\/urun\/kendini-degerlendirme-envanteri-el-kitabi-cd-ilaveli\/"},"modified":"2026-04-16T02:18:02","modified_gmt":"2026-04-15T23:18:02","slug":"kendini-degerlendirme-envanteri-el-kitabi-cd-ilaveli","status":"publish","type":"product","link":"https:\/\/roveyayinevi.com.tr\/index.php\/urun\/kendini-degerlendirme-envanteri-el-kitabi-cd-ilaveli\/","title":{"rendered":"Kendini De\u011ferlendirme Envanteri El Kitab\u0131 (CD \u0130laveli)"},"content":{"rendered":"<p>Kendini De\u011ferlendirme Envanteri; orta\u00f6\u011fretimde olan, y\u00fcksek\u00f6\u011fretimde fak\u00fclte\/b\u00f6l\u00fcm se\u00e7me durumunda olan \u00f6\u011frencilerin ki\u015filik \u00f6zellikleri hakk\u0131nda daha ayr\u0131nt\u0131l\u0131 bilgi edinmeleri amac\u0131yla geli\u015ftirilmi\u015f bir \u00f6l\u00e7me arac\u0131d\u0131r. Envanterde yirmi \u00fc\u00e7 \u00f6zellik tan\u0131mlanm\u0131\u015f olup bunlar\u0131n her biri i\u00e7in on soru olmak \u00fczere toplam ikiy\u00fcz otuz soru bulunmaktad\u0131r. Sorular\u0131 yan\u0131tlayan ki\u015fi puan\u0131n\u0131 kendisi hesaplayabilir; bu puanlar\u0131n, ne anlama geldi\u011fini yine kendisi de\u011ferlendirebilir.Ekte verilen CD formu, ki\u015finin yan\u0131tlama ve puanlama i\u015flemlerini bilgisayar ortam\u0131nda yapabilmesine olanak sa\u011flamaktad\u0131r. Sorular\u0131 ger\u00e7ek\u00e7i bir tutumla yan\u0131tlayanlar, ki\u015filikleri hakk\u0131nda olduk\u00e7a nesnel bir fikir edinebilecekleri gibi, daha sonra sorularda s\u00f6z\u00fc edilen durumlardaki davran\u0131\u015flar\u0131n\u0131 daha iyi de\u011ferlendirme ve baz\u0131 \u00f6zelliklerini daha da geli\u015ftirme iste\u011fi duyabileceklerdir. <\/p>\n","protected":false},"excerpt":{"rendered":"<p>Kendini De\u011ferlendirme Envanteri; orta\u00f6\u011fretimde olan, y\u00fcksek\u00f6\u011fretimde fak\u00fclte\/b\u00f6l\u00fcm se\u00e7me durumunda olan \u00f6\u011frencilerin ki\u015filik \u00f6zellikleri hakk\u0131nda daha ayr\u0131nt\u0131l\u0131 bilgi edinmeleri amac\u0131yla geli\u015ftirilmi\u015f bir \u00f6l\u00e7me arac\u0131d\u0131r. Envanterde yirmi \u00fc\u00e7<span class=\"excerpt-hellip\"> [\u2026]<\/span><\/p>\n","protected":false},"featured_media":0,"template":"","meta":{"_monsterinsights_skip_tracking":false,"_monsterinsights_sitenote_active":false,"_monsterinsights_sitenote_note":"","_monsterinsights_sitenote_category":0},"product_brand":[],"product_cat":[12358,12357],"product_tag":[],"class_list":{"0":"post-780445","1":"product","2":"type-product","3":"status-publish","5":"product_cat-genel-psikoloji","6":"product_cat-psikoloji","7":"pa_cilt-ciltsiz","8":"pa_tur-kitap","9":"pa_yayinevi-nobel-akademik-yayincilik","10":"pa_yazar-yildiz-kuzgun","12":"first","13":"instock","14":"sale","15":"shipping-taxable","16":"purchasable","17":"product-type-simple"},"_links":{"self":[{"href":"https:\/\/roveyayinevi.com.tr\/index.php\/wp-json\/wp\/v2\/product\/780445","targetHints":{"allow":["GET"]}}],"collection":[{"href":"https:\/\/roveyayinevi.com.tr\/index.php\/wp-json\/wp\/v2\/product"}],"about":[{"href":"https:\/\/roveyayinevi.com.tr\/index.php\/wp-json\/wp\/v2\/types\/product"}],"wp:attachment":[{"href":"https:\/\/roveyayinevi.com.tr\/index.php\/wp-json\/wp\/v2\/media?parent=780445"}],"wp:term":[{"taxonomy":"product_brand","embeddable":true,"href":"https:\/\/roveyayinevi.com.tr\/index.php\/wp-json\/wp\/v2\/product_brand?post=780445"},{"taxonomy":"product_cat","embeddable":true,"href":"https:\/\/roveyayinevi.com.tr\/index.php\/wp-json\/wp\/v2\/product_cat?post=780445"},{"taxonomy":"product_tag","embeddable":true,"href":"https:\/\/roveyayinevi.com.tr\/index.php\/wp-json\/wp\/v2\/product_tag?post=780445"}],"curies":[{"name":"wp","href":"https:\/\/api.w.org\/{rel}","templated":true}]}}