{"id":780444,"date":"2026-01-20T02:32:25","date_gmt":"2026-01-19T23:32:25","guid":{"rendered":"https:\/\/roveyayinevi.com.tr\/index.php\/urun\/katihal-fizigi\/"},"modified":"2026-04-16T02:18:02","modified_gmt":"2026-04-15T23:18:02","slug":"katihal-fizigi","status":"publish","type":"product","link":"https:\/\/roveyayinevi.com.tr\/index.php\/urun\/katihal-fizigi\/","title":{"rendered":"Kat\u0131hal Fizi\u011fi"},"content":{"rendered":"<p>\u0130nsano\u011flunun \u00e7evresini anlay\u0131p yorumlamaya \u00e7al\u0131\u015fmas\u0131 ile ba\u015flayan merak\u0131 yirmi birinci y\u00fczy\u0131la gelindi\u011finde atomik boyuttaki nesneleri inceleyebi-lecek kadar ilerleme kaydetmi\u015ftir. Maddelerin, \u00f6zellikle de kat\u0131 haldeki maddelerin atomik boyutta analizi ile elde edilen bulgular, bu malzemeleri modern d\u00fcnyada hayat\u0131n vazge\u00e7ilmez malzemeleri haline getirmi\u015ftir. Modern Kat\u0131hal Elektroni\u011fi ayg\u0131tlar\u0131 ve entegre devreler genellikle kat\u0131lar\u0131n \u00fc\u00e7 farkl\u0131 bi\u00e7imi olan k\u00fc\u00e7\u00fck ebattaki metal, yar\u0131iletken veya yal\u0131tkan malzemeleri kapsar. \u00d6zellikle yar\u0131iletken malzemeler elektriksel, optik veya manyetik \u00f6zelliklerinin katk\u0131lama i\u015flemi ile de\u011fi\u015ftirilebilir olmas\u0131 a\u00e7\u0131s\u0131ndan elektronik sahas\u0131nda \u00e7ok \u00f6nemli bir yere sahiptir. Kat\u0131hal Fizi\u011fi kitab\u0131, \u00dcniversitelerimizin t\u00fcm fizik b\u00f6l\u00fcmlerinde iki d\u00f6nem zorunlu olarak okutulan Kat\u0131hal Fizi\u011fi-I ve Kat\u0131hal Fizi\u011fi-II derslerindeki temel konular\u0131 kapsayacak \u015fekilde haz\u0131rlanm\u0131\u015ft\u0131r. Ayr\u0131ca yar\u0131iletkenlerin teknolojik uygulamalar\u0131ndaki \u00f6nemi dikkate al\u0131narak, yar\u0131iletken fizi\u011fi alan\u0131nda ihtisas yapan \u00f6\u011frenciler i\u00e7in yar\u0131iletkenlerin b\u00fcy\u00fctme tekniklerini, karakterizasyonunu ve baz\u0131 temel uygulamalar\u0131n\u0131 da i\u00e7ermektedir. Modern d\u00fcnyan\u0131n g\u00fcncel konular\u0131ndan olan Nanoyap\u0131lar ve S\u0131v\u0131 Kristaller konular\u0131 da kitab\u0131n son iki b\u00f6l\u00fcm\u00fcn\u00fc olu\u015fturmaktad\u0131rlar. <\/p>\n","protected":false},"excerpt":{"rendered":"<p>\u0130nsano\u011flunun \u00e7evresini anlay\u0131p yorumlamaya \u00e7al\u0131\u015fmas\u0131 ile ba\u015flayan merak\u0131 yirmi birinci y\u00fczy\u0131la gelindi\u011finde atomik boyuttaki nesneleri inceleyebi-lecek kadar ilerleme kaydetmi\u015ftir. Maddelerin, \u00f6zellikle de kat\u0131 haldeki maddelerin atomik<span class=\"excerpt-hellip\"> [\u2026]<\/span><\/p>\n","protected":false},"featured_media":0,"template":"","meta":{"_monsterinsights_skip_tracking":false,"_monsterinsights_sitenote_active":false,"_monsterinsights_sitenote_note":"","_monsterinsights_sitenote_category":0},"product_brand":[],"product_cat":[12573,12566],"product_tag":[],"class_list":{"0":"post-780444","1":"product","2":"type-product","3":"status-publish","5":"product_cat-akademik-kitaplar","6":"product_cat-egitim","7":"pa_cilt-ciltsiz","8":"pa_tur-kitap","9":"pa_yayinevi-nobel-akademik-yayincilik","10":"pa_yazar-sakir-aydogan","12":"first","13":"instock","14":"sale","15":"shipping-taxable","16":"purchasable","17":"product-type-simple"},"_links":{"self":[{"href":"https:\/\/roveyayinevi.com.tr\/index.php\/wp-json\/wp\/v2\/product\/780444","targetHints":{"allow":["GET"]}}],"collection":[{"href":"https:\/\/roveyayinevi.com.tr\/index.php\/wp-json\/wp\/v2\/product"}],"about":[{"href":"https:\/\/roveyayinevi.com.tr\/index.php\/wp-json\/wp\/v2\/types\/product"}],"wp:attachment":[{"href":"https:\/\/roveyayinevi.com.tr\/index.php\/wp-json\/wp\/v2\/media?parent=780444"}],"wp:term":[{"taxonomy":"product_brand","embeddable":true,"href":"https:\/\/roveyayinevi.com.tr\/index.php\/wp-json\/wp\/v2\/product_brand?post=780444"},{"taxonomy":"product_cat","embeddable":true,"href":"https:\/\/roveyayinevi.com.tr\/index.php\/wp-json\/wp\/v2\/product_cat?post=780444"},{"taxonomy":"product_tag","embeddable":true,"href":"https:\/\/roveyayinevi.com.tr\/index.php\/wp-json\/wp\/v2\/product_tag?post=780444"}],"curies":[{"name":"wp","href":"https:\/\/api.w.org\/{rel}","templated":true}]}}