{"id":780443,"date":"2026-01-20T02:32:23","date_gmt":"2026-01-19T23:32:23","guid":{"rendered":"https:\/\/roveyayinevi.com.tr\/index.php\/urun\/meslek-rehberligi-ve-danismanligina-giris\/"},"modified":"2026-04-16T02:18:02","modified_gmt":"2026-04-15T23:18:02","slug":"meslek-rehberligi-ve-danismanligina-giris","status":"publish","type":"product","link":"https:\/\/roveyayinevi.com.tr\/index.php\/urun\/meslek-rehberligi-ve-danismanligina-giris\/","title":{"rendered":"Meslek Rehberli\u011fi ve Dan\u0131\u015fmanl\u0131\u011f\u0131na Giri\u015f"},"content":{"rendered":"<p>Rehberlik hizmetlerinin birinci ve en \u00f6nemli i\u015flevi bireylere \u00f6zelliklerini do\u011fru de\u011ferlendirmelerine yard\u0131mc\u0131 olacak ya\u015fant\u0131lar edinmelerini sa\u011flayarak ve ya\u015fant\u0131lar\u0131n\u0131n anlam\u0131 \u00fczerinde d\u00fc\u015f\u00fcnme al\u0131\u015fkanl\u0131\u011f\u0131 kazand\u0131rarak kendilerini tan\u0131mak, isteklerini ve olanaklar\u0131n\u0131 do\u011fru de\u011ferlendirmelerine yard\u0131mc\u0131 bir hizmet alan\u0131d\u0131r. Kendilerini do\u011fru de\u011ferlendiren ki\u015filerin kendilerine uygun se\u00e7eneklere y\u00f6nelmeleri, do\u011fru karar vermeleri beklenir. Rehberli\u011fin ikinci i\u015flevi de bireylere se\u00e7eneklerden haberli olmalar\u0131 ve se\u00e7enekleri ara\u015ft\u0131rmak i\u00e7in gerekli tutum ve davran\u0131\u015flar\u0131 kazand\u0131rmakt\u0131r.  Bu kitapta meslek se\u00e7imi ve daha geni\u015f anlamda kariyer geli\u015fimi s\u00fcrecine etki eden etmenler ve sorunlar\u0131 giderici yard\u0131m teknikleri tan\u0131t\u0131lmaktad\u0131r. Meslek rehberli\u011fi \u00f6\u011frencilerinin ve uygulamac\u0131lar\u0131n\u0131n gereksinimlerini kar\u015f\u0131layaca\u011f\u0131 d\u00fc\u015f\u00fcn\u00fclerek haz\u0131rlanm\u0131\u015f olan bu kitap, meslek se\u00e7imi sorununa giri\u015f, meslek se\u00e7imini etkileyen etmenler, meslek se\u00e7imi\/geli\u015fimi kuramlar\u0131, meslek dan\u0131\u015fmanl\u0131\u011f\u0131 ilke ve teknikleri olmak \u00fczere d\u00f6rt b\u00f6l\u00fcmden olu\u015fmaktad\u0131r. Kitab\u0131n i\u00e7eri\u011fi grup etkinlikleri i\u00e7in baz\u0131 \u00f6rnekler verilerek zenginle\u015ftirilmi\u015ftir. <\/p>\n","protected":false},"excerpt":{"rendered":"<p>Rehberlik hizmetlerinin birinci ve en \u00f6nemli i\u015flevi bireylere \u00f6zelliklerini do\u011fru de\u011ferlendirmelerine yard\u0131mc\u0131 olacak ya\u015fant\u0131lar edinmelerini sa\u011flayarak ve ya\u015fant\u0131lar\u0131n\u0131n anlam\u0131 \u00fczerinde d\u00fc\u015f\u00fcnme al\u0131\u015fkanl\u0131\u011f\u0131 kazand\u0131rarak kendilerini tan\u0131mak, isteklerini<span class=\"excerpt-hellip\"> [\u2026]<\/span><\/p>\n","protected":false},"featured_media":0,"template":"","meta":{"_monsterinsights_skip_tracking":false,"_monsterinsights_sitenote_active":false,"_monsterinsights_sitenote_note":"","_monsterinsights_sitenote_category":0},"product_brand":[],"product_cat":[12573,12566],"product_tag":[],"class_list":{"0":"post-780443","1":"product","2":"type-product","3":"status-publish","5":"product_cat-akademik-kitaplar","6":"product_cat-egitim","7":"pa_cilt-ciltsiz","8":"pa_tur-kitap","9":"pa_yayinevi-nobel-akademik-yayincilik","10":"pa_yazar-yildiz-kuzgun","12":"first","13":"instock","14":"sale","15":"shipping-taxable","16":"purchasable","17":"product-type-simple"},"_links":{"self":[{"href":"https:\/\/roveyayinevi.com.tr\/index.php\/wp-json\/wp\/v2\/product\/780443","targetHints":{"allow":["GET"]}}],"collection":[{"href":"https:\/\/roveyayinevi.com.tr\/index.php\/wp-json\/wp\/v2\/product"}],"about":[{"href":"https:\/\/roveyayinevi.com.tr\/index.php\/wp-json\/wp\/v2\/types\/product"}],"wp:attachment":[{"href":"https:\/\/roveyayinevi.com.tr\/index.php\/wp-json\/wp\/v2\/media?parent=780443"}],"wp:term":[{"taxonomy":"product_brand","embeddable":true,"href":"https:\/\/roveyayinevi.com.tr\/index.php\/wp-json\/wp\/v2\/product_brand?post=780443"},{"taxonomy":"product_cat","embeddable":true,"href":"https:\/\/roveyayinevi.com.tr\/index.php\/wp-json\/wp\/v2\/product_cat?post=780443"},{"taxonomy":"product_tag","embeddable":true,"href":"https:\/\/roveyayinevi.com.tr\/index.php\/wp-json\/wp\/v2\/product_tag?post=780443"}],"curies":[{"name":"wp","href":"https:\/\/api.w.org\/{rel}","templated":true}]}}