{"id":780441,"date":"2026-01-20T02:32:20","date_gmt":"2026-01-19T23:32:20","guid":{"rendered":"https:\/\/roveyayinevi.com.tr\/index.php\/urun\/mesleki-yazismalar\/"},"modified":"2026-04-16T02:18:02","modified_gmt":"2026-04-15T23:18:02","slug":"mesleki-yazismalar","status":"publish","type":"product","link":"https:\/\/roveyayinevi.com.tr\/index.php\/urun\/mesleki-yazismalar\/","title":{"rendered":"Mesleki Yaz\u0131\u015fmalar"},"content":{"rendered":"<p>Kurum ve kurulu\u015flar\u0131n i\u015f s\u00fcre\u00e7lerinin etkinli\u011finin sa\u011flanmas\u0131nda \u00f6nemli bir fakt\u00f6r olan ileti\u015fim ve ileti\u015fim bi\u00e7imleri, hem bireysel hem de kurumsal ili\u015fkilerin geli\u015fmesinde b\u00fcy\u00fck bir role sahiptir. Bu kitapta yaz\u0131l\u0131 ileti\u015fimi olu\u015fturan, resmi yaz\u0131\u015fma esaslar\u0131 ve \u00f6rnek uygulamalar, i\u015f (ticari) yaz\u0131lar\u0131 ve \u00f6rnek uygulamalar ile \u00f6zel yaz\u0131lar hakk\u0131nda detayl\u0131 bilgi verilmeye \u00e7al\u0131\u015f\u0131lm\u0131\u015ft\u0131r.Resmi yaz\u0131\u015fma uygulamalar\u0131, Ba\u015fbakanl\u0131\u011fa ba\u011fl\u0131 \u0130dareyi Geli\u015ftirme Ba\u015fkanl\u0131\u011f\u0131 taraf\u0131ndan yay\u0131mlanan \u201cResmi Yaz\u0131\u015fmalarda Uygulanacak Esas ve Usuller\u201d ba\u015fl\u0131kl\u0131 2004 y\u0131l\u0131ndaki en son genelge \u00e7er\u00e7evesinde anlat\u0131lmaya \u00e7al\u0131\u015f\u0131lm\u0131\u015ft\u0131r. \u0130\u015f yaz\u0131lar\u0131 ile ilgili olarak ise, T\u00fcrk Standartlar\u0131 Enstit\u00fcs\u00fc taraf\u0131ndan \u201c\u0130\u015f Yaz\u0131lar\u0131n\u0131n D\u00fczenlenmesi\u201d adl\u0131 TS 1390 dok\u00fcman nolu standart 1975 tarihinde haz\u0131rlanm\u0131\u015f olup halen y\u00fcr\u00fcrl\u00fcktedir. Kitab\u0131n i\u015f yaz\u0131lar\u0131 ile ilgili b\u00f6l\u00fcm\u00fc bu standart \u00e7er\u00e7evesinde haz\u0131rlanm\u0131\u015ft\u0131r.Bu kitap, mesleki yaz\u0131\u015fmalar konusunda e\u011fitim alan \u00f6\u011frenciler ile kurum ve kurulu\u015flarda g\u00f6rev yapan \u00e7al\u0131\u015fanlar\u0131n yaz\u0131l\u0131 ileti\u015fim konusundaki ihtiya\u00e7lar\u0131n\u0131 kar\u015f\u0131lamaya y\u00f6nelik haz\u0131rlanm\u0131\u015ft\u0131r. <\/p>\n","protected":false},"excerpt":{"rendered":"<p>Kurum ve kurulu\u015flar\u0131n i\u015f s\u00fcre\u00e7lerinin etkinli\u011finin sa\u011flanmas\u0131nda \u00f6nemli bir fakt\u00f6r olan ileti\u015fim ve ileti\u015fim bi\u00e7imleri, hem bireysel hem de kurumsal ili\u015fkilerin geli\u015fmesinde b\u00fcy\u00fck bir role sahiptir.<span class=\"excerpt-hellip\"> [\u2026]<\/span><\/p>\n","protected":false},"featured_media":0,"template":"","meta":{"_monsterinsights_skip_tracking":false,"_monsterinsights_sitenote_active":false,"_monsterinsights_sitenote_note":"","_monsterinsights_sitenote_category":0},"product_brand":[],"product_cat":[12573,12566],"product_tag":[],"class_list":{"0":"post-780441","1":"product","2":"type-product","3":"status-publish","5":"product_cat-akademik-kitaplar","6":"product_cat-egitim","7":"pa_cilt-ciltsiz","8":"pa_tur-kitap","9":"pa_yayinevi-nobel-akademik-yayincilik","10":"pa_yazar-oznur-koc","12":"first","13":"instock","14":"sale","15":"shipping-taxable","16":"purchasable","17":"product-type-simple"},"_links":{"self":[{"href":"https:\/\/roveyayinevi.com.tr\/index.php\/wp-json\/wp\/v2\/product\/780441","targetHints":{"allow":["GET"]}}],"collection":[{"href":"https:\/\/roveyayinevi.com.tr\/index.php\/wp-json\/wp\/v2\/product"}],"about":[{"href":"https:\/\/roveyayinevi.com.tr\/index.php\/wp-json\/wp\/v2\/types\/product"}],"wp:attachment":[{"href":"https:\/\/roveyayinevi.com.tr\/index.php\/wp-json\/wp\/v2\/media?parent=780441"}],"wp:term":[{"taxonomy":"product_brand","embeddable":true,"href":"https:\/\/roveyayinevi.com.tr\/index.php\/wp-json\/wp\/v2\/product_brand?post=780441"},{"taxonomy":"product_cat","embeddable":true,"href":"https:\/\/roveyayinevi.com.tr\/index.php\/wp-json\/wp\/v2\/product_cat?post=780441"},{"taxonomy":"product_tag","embeddable":true,"href":"https:\/\/roveyayinevi.com.tr\/index.php\/wp-json\/wp\/v2\/product_tag?post=780441"}],"curies":[{"name":"wp","href":"https:\/\/api.w.org\/{rel}","templated":true}]}}