{"id":780440,"date":"2026-01-20T02:32:19","date_gmt":"2026-01-19T23:32:19","guid":{"rendered":"https:\/\/roveyayinevi.com.tr\/index.php\/urun\/duygusal-ve-davranissal-bozuklugu-olan-cocuklarin-ve-genclerin-ozellikleri-olgular-ilaveli\/"},"modified":"2026-04-16T02:18:02","modified_gmt":"2026-04-15T23:18:02","slug":"duygusal-ve-davranissal-bozuklugu-olan-cocuklarin-ve-genclerin-ozellikleri-olgular-ilaveli","status":"publish","type":"product","link":"https:\/\/roveyayinevi.com.tr\/index.php\/urun\/duygusal-ve-davranissal-bozuklugu-olan-cocuklarin-ve-genclerin-ozellikleri-olgular-ilaveli\/","title":{"rendered":"Duygusal ve Davran\u0131\u015fsal Bozuklu\u011fu Olan \u00c7ocuklar\u0131n ve Gen\u00e7lerin \u00d6zellikleri (Olgular \u0130laveli)"},"content":{"rendered":"<p>Duygusal ve Davran\u0131\u015fsal Bozuklu\u011fu Olan \u00c7ocuklar\u0131n ve Gen\u00e7lerin \u00d6zellikleri&#8217;nin onuncu bask\u0131s\u0131 g\u00fcvenilir ara\u015ft\u0131rmalara \u00f6\u011fretmen odakl\u0131 sunumlara ve Duygusal ve Davran\u0131\u015fsal Bozukluklar (DDB) ile ilgili kavramlar\u0131n a\u00e7\u0131klamalar\u0131na yer veren ve uzun zamand\u0131r kabul g\u00f6ren kitab\u0131n bir sonucu olarak ortaya \u00e7\u0131km\u0131\u015ft\u0131r.Kitap okuyucunun DDB&#8217;lerin tarih\u00e7esini sorunlu davran\u0131\u015flar\u0131n k\u00f6kenini bozukluk tiplerini ve de\u011ferlemeyle igili i\u015flemleri anlamalar\u0131na yard\u0131mc\u0131 olmak amac\u0131yla temel kavramlar \u00e7er\u00e7evesinde tasarlanm\u0131\u015ft\u0131r. Olgu \u00c7al\u0131\u015fmalar\u0131 Ki\u015fisel D\u00fc\u015f\u00fcnceler ve Derinlemesine D\u00fc\u015f\u00fcnmek \u0130\u00e7in Sorular okuyucuyla ili\u015fki kurmakta ve duygusal ve davran\u0131\u015fsal bozuklu\u011fu olan \u00f6\u011frencilerin \u00f6zelliklerini onlara g\u00f6stermektedir.Bu Bask\u0131daki Yenilikler:Kitab\u0131n d\u00f6rt k\u0131sm\u0131ndan olu\u015fan bir ak\u0131\u015f i\u00e7eren format\u0131 kitab\u0131n i\u00e7eri\u011fini Ba\u015flang\u0131\u00e7 Noktas\u0131 (1. K\u0131s\u0131m);Olas\u0131 Nedenler (2.k\u0131s\u0131m); Davan\u0131\u015f Bozukluklar\u0131n\u0131n T\u00fcrleri (3.K\u0131s\u0131m) ve De\u011ferleme&#8217;ye (4.K\u0131s\u0131m) odaklanacak \u015fekilde yeniden d\u00fczenlenmi\u015ftir.De\u011ferlemeyle ilgili olan birle\u015ftirilmi\u015f olan b\u00f6l\u00fcm (15. B\u00f6l\u00fcm) konuya daha basit ve daha yaral\u0131 olacak \u015fekilde yakla\u015fmaktad\u0131r.Sosyal Beceri \u00f6\u011fretimine yenilenmi\u015f bir vurgu yapan k\u0131s\u0131m (3. K\u0131s\u0131m) belirli bozukluklar\u0131n de\u011ferlemesine ve bu bozukluklara y\u00f6nelik m\u00fcdahalelere ili\u015fkin belirli ama\u00e7lar sunmaktad\u0131r.Kullan\u0131lan 150&#8217;nin \u00fczerinde yeni kaynak ile en yeni ara\u015ft\u0131rma bulgular\u0131 sunulmakta ve t\u00fcm kitap boyunca olu\u015fturulan \u00f6nerilere destek sa\u011flanmaktad\u0131r.Yeni tablolar ve \u015fekiller mevcut konular\u0131 ve e\u011filimleri ele almakta ve g\u00f6rsellerin ayr\u0131nt\u0131lar\u0131n\u0131 vererek a\u00e7\u0131klay\u0131c\u0131 bilgiler i\u00e7ermektedir. <\/p>\n","protected":false},"excerpt":{"rendered":"<p>Duygusal ve Davran\u0131\u015fsal Bozuklu\u011fu Olan \u00c7ocuklar\u0131n ve Gen\u00e7lerin \u00d6zellikleri&#8217;nin onuncu bask\u0131s\u0131 g\u00fcvenilir ara\u015ft\u0131rmalara \u00f6\u011fretmen odakl\u0131 sunumlara ve Duygusal ve Davran\u0131\u015fsal Bozukluklar (DDB) ile ilgili kavramlar\u0131n a\u00e7\u0131klamalar\u0131na<span class=\"excerpt-hellip\"> [\u2026]<\/span><\/p>\n","protected":false},"featured_media":0,"template":"","meta":{"_monsterinsights_skip_tracking":false,"_monsterinsights_sitenote_active":false,"_monsterinsights_sitenote_note":"","_monsterinsights_sitenote_category":0},"product_brand":[],"product_cat":[12573,12566],"product_tag":[],"class_list":{"0":"post-780440","1":"product","2":"type-product","3":"status-publish","5":"product_cat-akademik-kitaplar","6":"product_cat-egitim","7":"pa_cilt-ciltsiz","8":"pa_tur-kitap","9":"pa_yayinevi-nobel-akademik-yayincilik","10":"pa_yazar-kolektif","12":"first","13":"instock","14":"sale","15":"shipping-taxable","16":"purchasable","17":"product-type-simple"},"_links":{"self":[{"href":"https:\/\/roveyayinevi.com.tr\/index.php\/wp-json\/wp\/v2\/product\/780440","targetHints":{"allow":["GET"]}}],"collection":[{"href":"https:\/\/roveyayinevi.com.tr\/index.php\/wp-json\/wp\/v2\/product"}],"about":[{"href":"https:\/\/roveyayinevi.com.tr\/index.php\/wp-json\/wp\/v2\/types\/product"}],"wp:attachment":[{"href":"https:\/\/roveyayinevi.com.tr\/index.php\/wp-json\/wp\/v2\/media?parent=780440"}],"wp:term":[{"taxonomy":"product_brand","embeddable":true,"href":"https:\/\/roveyayinevi.com.tr\/index.php\/wp-json\/wp\/v2\/product_brand?post=780440"},{"taxonomy":"product_cat","embeddable":true,"href":"https:\/\/roveyayinevi.com.tr\/index.php\/wp-json\/wp\/v2\/product_cat?post=780440"},{"taxonomy":"product_tag","embeddable":true,"href":"https:\/\/roveyayinevi.com.tr\/index.php\/wp-json\/wp\/v2\/product_tag?post=780440"}],"curies":[{"name":"wp","href":"https:\/\/api.w.org\/{rel}","templated":true}]}}