{"id":780439,"date":"2026-01-20T02:32:17","date_gmt":"2026-01-19T23:32:17","guid":{"rendered":"https:\/\/roveyayinevi.com.tr\/index.php\/urun\/kinematik-2-cilt-teorik-mekanik\/"},"modified":"2026-04-16T02:18:02","modified_gmt":"2026-04-15T23:18:02","slug":"kinematik-2-cilt-teorik-mekanik","status":"publish","type":"product","link":"https:\/\/roveyayinevi.com.tr\/index.php\/urun\/kinematik-2-cilt-teorik-mekanik\/","title":{"rendered":"K\u0130NEMAT\u0130K (2. C\u0130LT) Teorik Mekanik"},"content":{"rendered":"<p>Bu kitap, \u00dcniversitelerin m\u00fchendislik fak\u00fcltelerinde e\u011fitim alan lisans ve lisans\u00fcst\u00fc \u00f6\u011frencilerinin faydalanabilece\u011fi bir ders kitab\u0131 olarak haz\u0131rlanm\u0131\u015ft\u0131r. Kitap Azerbaycan\u2019\u0131n Bak\u0131 \u015fehrinde Mimarl\u0131k ve \u0130n\u015faat \u00fcniversitesinde \u201cTeorik Mekanik\u201c dersini uzun y\u0131llar vermi\u015f olan E. Eyvazov ve S. Kuliyev\u2019in ders kitaplar\u0131n\u0131n tekrar g\u00f6zden ge\u00e7irilmesiyle olu\u015fturulmu\u015ftur. E. Eyvazov ve S. Kuliyev\u2019in daha \u00f6nceki y\u0131llarda (1994, 2003 ve 2009) ayn\u0131 isimde yay\u0131nlanm\u0131\u015f ders kitaplar\u0131 bulunmaktad\u0131r. Bu eser E. Eyvazov taraf\u0131ndan \u00f6nceki eserlere ek olarak, 2010-2015 tarihleri aras\u0131nda halen g\u00f6rev yapt\u0131\u011f\u0131 Bart\u0131n \u00dcniversitesi, M\u00fchendislik Fak\u00fcltesi, Makine M\u00fchendisli\u011fi B\u00f6l\u00fcm\u00fcndeki \u201cTeorik Mekanik\u201c \u00fczerine yapt\u0131\u011f\u0131 \u00e7al\u0131\u015fmalar ile geni\u015fletilerek bas\u0131ma sunulmu\u015ftur. Kitapta konu anlat\u0131m\u0131 ve \u00f6rnek \u00e7\u00f6z\u00fcmleri ile birlikte serbest \u00e7al\u0131\u015fmaya y\u00f6nelik \u00f6dev sorular\u0131na ve problemlere de yer verilmi\u015ftir. T\u00fcrk\u00e7e olarak haz\u0131rlanan ilk bas\u0131m olmas\u0131 dolays\u0131yla g\u00f6zden ka\u00e7an hususlar ve eksikliklerin olabilece\u011fini belirtir, akademik toplulu\u011fun de\u011ferli \u00f6nerilerine a\u00e7\u0131k oldu\u011fumuzu beyan ederiz. \ufffcTan\u0131t\u0131m Metni<\/p>\n","protected":false},"excerpt":{"rendered":"<p>Bu kitap, \u00dcniversitelerin m\u00fchendislik fak\u00fcltelerinde e\u011fitim alan lisans ve lisans\u00fcst\u00fc \u00f6\u011frencilerinin faydalanabilece\u011fi bir ders kitab\u0131 olarak haz\u0131rlanm\u0131\u015ft\u0131r. Kitap Azerbaycan\u2019\u0131n Bak\u0131 \u015fehrinde Mimarl\u0131k ve \u0130n\u015faat \u00fcniversitesinde \u201cTeorik<span class=\"excerpt-hellip\"> [\u2026]<\/span><\/p>\n","protected":false},"featured_media":0,"template":"","meta":{"_monsterinsights_skip_tracking":false,"_monsterinsights_sitenote_active":false,"_monsterinsights_sitenote_note":"","_monsterinsights_sitenote_category":0},"product_brand":[],"product_cat":[12573,12566],"product_tag":[],"class_list":{"0":"post-780439","1":"product","2":"type-product","3":"status-publish","5":"product_cat-akademik-kitaplar","6":"product_cat-egitim","7":"pa_cilt-ciltsiz","8":"pa_tur-kitap","9":"pa_yayinevi-nobel-akademik-yayincilik","10":"pa_yazar-etimad-bayramoglu-eyvazov","11":"pa_yazar-sabir-alioglu-kuliyev","13":"first","14":"instock","15":"sale","16":"shipping-taxable","17":"purchasable","18":"product-type-simple"},"_links":{"self":[{"href":"https:\/\/roveyayinevi.com.tr\/index.php\/wp-json\/wp\/v2\/product\/780439","targetHints":{"allow":["GET"]}}],"collection":[{"href":"https:\/\/roveyayinevi.com.tr\/index.php\/wp-json\/wp\/v2\/product"}],"about":[{"href":"https:\/\/roveyayinevi.com.tr\/index.php\/wp-json\/wp\/v2\/types\/product"}],"wp:attachment":[{"href":"https:\/\/roveyayinevi.com.tr\/index.php\/wp-json\/wp\/v2\/media?parent=780439"}],"wp:term":[{"taxonomy":"product_brand","embeddable":true,"href":"https:\/\/roveyayinevi.com.tr\/index.php\/wp-json\/wp\/v2\/product_brand?post=780439"},{"taxonomy":"product_cat","embeddable":true,"href":"https:\/\/roveyayinevi.com.tr\/index.php\/wp-json\/wp\/v2\/product_cat?post=780439"},{"taxonomy":"product_tag","embeddable":true,"href":"https:\/\/roveyayinevi.com.tr\/index.php\/wp-json\/wp\/v2\/product_tag?post=780439"}],"curies":[{"name":"wp","href":"https:\/\/api.w.org\/{rel}","templated":true}]}}