{"id":780433,"date":"2026-01-20T02:32:08","date_gmt":"2026-01-19T23:32:08","guid":{"rendered":"https:\/\/roveyayinevi.com.tr\/index.php\/urun\/ilk-gorusme-the-first-interview\/"},"modified":"2026-02-03T02:29:15","modified_gmt":"2026-02-02T23:29:15","slug":"ilk-gorusme-the-first-interview","status":"publish","type":"product","link":"https:\/\/roveyayinevi.com.tr\/index.php\/urun\/ilk-gorusme-the-first-interview\/","title":{"rendered":"\u0130LK G\u00d6R\u00dc\u015eME &#8211; The First Interview"},"content":{"rendered":"<p>\u0130lk G\u00f6r\u00fc\u015fme kitab\u0131, ruh sa\u011fl\u0131\u011f\u0131 alan\u0131nda \u00e7al\u0131\u015fan uygulamac\u0131lar\u0131n ve \u00e7al\u0131\u015fmaya aday olan \u00f6\u011frencilerin e\u011fitimlerinde \u00f6nemli bir yere sahiptir. Yurt d\u0131\u015f\u0131nda yayg\u0131n olarak kullan\u0131lan bu kitab\u0131n T\u00fcrk\u00e7eye \u00e7evrilmesinin psikoloji alan\u0131na \u00f6nemli katk\u0131lar sa\u011flayaca\u011f\u0131n\u0131 umuyoruz. \u00d6zellikle, \u00fclkemizde ruh sa\u011fl\u0131\u011f\u0131 alan\u0131nda artan ihtiya\u00e7 g\u00f6z \u00f6n\u00fcne al\u0131nd\u0131\u011f\u0131nda, alanda \u00e7al\u0131\u015fan t\u00fcm meslek gruplar\u0131na hitap eden bu kitab\u0131n uygulamac\u0131lar\u0131n mesleki bilgi ve becerilerini artt\u0131rmada kullanabilecekleri g\u00fc\u00e7l\u00fc bir kaynak olaca\u011f\u0131n\u0131 d\u00fc\u015f\u00fcn\u00fcyoruz. Bu kitap uzun u\u011fra\u015flar, ara\u015ft\u0131rmalar ve mesleki deneyimler sonucunda yaz\u0131lm\u0131\u015f ve s\u00fcrekli olarak g\u00fcncellenmekte olan The First Interview\u2019in en son bas\u0131m\u0131d\u0131r. Kitap, teknik bilgilerin anla\u015f\u0131l\u0131r bir bi\u00e7imde sunulmas\u0131 ve bunu yaparken de \u00f6rneklerle desteklemesi bak\u0131m\u0131ndan de\u011ferli ve \u00f6nemlidir. Psikoloji alan\u0131nda \u00e7al\u0131\u015fan t\u00fcm uzman ve uzman adaylar\u0131na ufuk a\u00e7\u0131c\u0131 ve yararl\u0131 bir kaynak sunmu\u015f olmay\u0131 umuyor ve kitab\u0131n yazar\u0131 Morrison\u2019un da dedi\u011fi gibi \u201ckeyifli\u201d ilk g\u00f6r\u00fc\u015fmeler yapman\u0131n imk\u00e2ns\u0131z olmad\u0131\u011f\u0131n\u0131n deneyimlenmesini diliyoruz. <\/p>\n","protected":false},"excerpt":{"rendered":"<p>\u0130lk G\u00f6r\u00fc\u015fme kitab\u0131, ruh sa\u011fl\u0131\u011f\u0131 alan\u0131nda \u00e7al\u0131\u015fan uygulamac\u0131lar\u0131n ve \u00e7al\u0131\u015fmaya aday olan \u00f6\u011frencilerin e\u011fitimlerinde \u00f6nemli bir yere sahiptir. Yurt d\u0131\u015f\u0131nda yayg\u0131n olarak kullan\u0131lan bu kitab\u0131n T\u00fcrk\u00e7eye<span class=\"excerpt-hellip\"> [\u2026]<\/span><\/p>\n","protected":false},"featured_media":0,"template":"","meta":{"_monsterinsights_skip_tracking":false,"_monsterinsights_sitenote_active":false,"_monsterinsights_sitenote_note":"","_monsterinsights_sitenote_category":0},"product_brand":[],"product_cat":[12573,12566],"product_tag":[],"class_list":{"0":"post-780433","1":"product","2":"type-product","3":"status-publish","5":"product_cat-akademik-kitaplar","6":"product_cat-egitim","7":"pa_cilt-ciltsiz","8":"pa_tur-kitap","9":"pa_yayinevi-nobel-akademik-yayincilik","10":"pa_yazar-james-morrison","12":"first","13":"instock","14":"sale","15":"shipping-taxable","16":"purchasable","17":"product-type-simple"},"_links":{"self":[{"href":"https:\/\/roveyayinevi.com.tr\/index.php\/wp-json\/wp\/v2\/product\/780433","targetHints":{"allow":["GET"]}}],"collection":[{"href":"https:\/\/roveyayinevi.com.tr\/index.php\/wp-json\/wp\/v2\/product"}],"about":[{"href":"https:\/\/roveyayinevi.com.tr\/index.php\/wp-json\/wp\/v2\/types\/product"}],"wp:attachment":[{"href":"https:\/\/roveyayinevi.com.tr\/index.php\/wp-json\/wp\/v2\/media?parent=780433"}],"wp:term":[{"taxonomy":"product_brand","embeddable":true,"href":"https:\/\/roveyayinevi.com.tr\/index.php\/wp-json\/wp\/v2\/product_brand?post=780433"},{"taxonomy":"product_cat","embeddable":true,"href":"https:\/\/roveyayinevi.com.tr\/index.php\/wp-json\/wp\/v2\/product_cat?post=780433"},{"taxonomy":"product_tag","embeddable":true,"href":"https:\/\/roveyayinevi.com.tr\/index.php\/wp-json\/wp\/v2\/product_tag?post=780433"}],"curies":[{"name":"wp","href":"https:\/\/api.w.org\/{rel}","templated":true}]}}