{"id":780432,"date":"2026-01-20T02:32:07","date_gmt":"2026-01-19T23:32:07","guid":{"rendered":"https:\/\/roveyayinevi.com.tr\/index.php\/urun\/ogretmenin-kuramlari-theories-of-learning\/"},"modified":"2026-04-16T02:18:02","modified_gmt":"2026-04-15T23:18:02","slug":"ogretmenin-kuramlari-theories-of-learning","status":"publish","type":"product","link":"https:\/\/roveyayinevi.com.tr\/index.php\/urun\/ogretmenin-kuramlari-theories-of-learning\/","title":{"rendered":"\u00d6\u011fretmenin Kuramlar\u0131 &#8211; Theories of Learning"},"content":{"rendered":"<p>\u00d6\u011frenmenin Kuramlar\u0131 kitab\u0131n\u0131n yazarlar\u0131 Matthew H. Olson ve B. R. Hergenhahn t\u00fcm kuramlar hakk\u0131nda \u00e7ok fazla kaynak tarayarak, \u00e7ok de\u011ferli se\u00e7kiler yaparak bu eseri alandaki \u00f6\u011frenci ve akademisyenlere sunmu\u015flard\u0131r. <\/p>\n","protected":false},"excerpt":{"rendered":"<p>\u00d6\u011frenmenin Kuramlar\u0131 kitab\u0131n\u0131n yazarlar\u0131 Matthew H. Olson ve B. R. Hergenhahn t\u00fcm kuramlar hakk\u0131nda \u00e7ok fazla kaynak tarayarak, \u00e7ok de\u011ferli se\u00e7kiler yaparak bu eseri alandaki \u00f6\u011frenci<span class=\"excerpt-hellip\"> [\u2026]<\/span><\/p>\n","protected":false},"featured_media":0,"template":"","meta":{"_monsterinsights_skip_tracking":false,"_monsterinsights_sitenote_active":false,"_monsterinsights_sitenote_note":"","_monsterinsights_sitenote_category":0},"product_brand":[],"product_cat":[12573,12566],"product_tag":[],"class_list":{"0":"post-780432","1":"product","2":"type-product","3":"status-publish","5":"product_cat-akademik-kitaplar","6":"product_cat-egitim","7":"pa_cilt-ciltsiz","8":"pa_tur-kitap","9":"pa_yayinevi-nobel-akademik-yayincilik","10":"pa_yazar-kolektif","12":"first","13":"instock","14":"sale","15":"shipping-taxable","16":"purchasable","17":"product-type-simple"},"_links":{"self":[{"href":"https:\/\/roveyayinevi.com.tr\/index.php\/wp-json\/wp\/v2\/product\/780432","targetHints":{"allow":["GET"]}}],"collection":[{"href":"https:\/\/roveyayinevi.com.tr\/index.php\/wp-json\/wp\/v2\/product"}],"about":[{"href":"https:\/\/roveyayinevi.com.tr\/index.php\/wp-json\/wp\/v2\/types\/product"}],"wp:attachment":[{"href":"https:\/\/roveyayinevi.com.tr\/index.php\/wp-json\/wp\/v2\/media?parent=780432"}],"wp:term":[{"taxonomy":"product_brand","embeddable":true,"href":"https:\/\/roveyayinevi.com.tr\/index.php\/wp-json\/wp\/v2\/product_brand?post=780432"},{"taxonomy":"product_cat","embeddable":true,"href":"https:\/\/roveyayinevi.com.tr\/index.php\/wp-json\/wp\/v2\/product_cat?post=780432"},{"taxonomy":"product_tag","embeddable":true,"href":"https:\/\/roveyayinevi.com.tr\/index.php\/wp-json\/wp\/v2\/product_tag?post=780432"}],"curies":[{"name":"wp","href":"https:\/\/api.w.org\/{rel}","templated":true}]}}