{"id":780431,"date":"2026-01-20T02:32:05","date_gmt":"2026-01-19T23:32:05","guid":{"rendered":"https:\/\/roveyayinevi.com.tr\/index.php\/urun\/davranis-bilimleri-3\/"},"modified":"2026-04-16T02:18:02","modified_gmt":"2026-04-15T23:18:02","slug":"davranis-bilimleri-3","status":"publish","type":"product","link":"https:\/\/roveyayinevi.com.tr\/index.php\/urun\/davranis-bilimleri-3\/","title":{"rendered":"Davran\u0131\u015f Bilimleri"},"content":{"rendered":"<p>Davran\u0131\u015f Bilimleri, kendilerini tan\u0131mak, sergilenen tutum ve davran\u0131\u015flar\u0131n nedenlerini anlamak, insan ili\u015fkileri alan\u0131nda ki\u015fisel geli\u015fimlerini tamamlamak isteyen herkesin yararlanaca\u011f\u0131 bir kitapt\u0131r. Kitap 19 \u00fcniteden olu\u015fmaktad\u0131r. 1 ve 2. \u00fcnitelerde davran\u0131\u015f bilimlerinin geli\u015fimi ve temel kavramlar\u0131, 3, 4, 5 ve 6. \u00fcnitelerde k\u00fclt\u00fcr, k\u00fclt\u00fcrel de\u011fi\u015fme, sosyal etki ve uyma davran\u0131\u015f\u0131, sosyal yap\u0131, sosyal ili\u015fki ve sosyal kurumlar \u00fczerinde durulmu\u015ftur. 7 ve 8. \u00fcnitelerde \u00f6\u011frenme ve alg\u0131lama, 9. \u00fcnitede sosyal gruplar, 10 ve 11. \u00fcnitelerde duygusal zek\u00e2 , ki\u015filik ve benlik konular\u0131 detayl\u0131 olarak a\u00e7\u0131klanm\u0131\u015ft\u0131r.\ufffcTan\u0131t\u0131m Metni<\/p>\n","protected":false},"excerpt":{"rendered":"<p>Davran\u0131\u015f Bilimleri, kendilerini tan\u0131mak, sergilenen tutum ve davran\u0131\u015flar\u0131n nedenlerini anlamak, insan ili\u015fkileri alan\u0131nda ki\u015fisel geli\u015fimlerini tamamlamak isteyen herkesin yararlanaca\u011f\u0131 bir kitapt\u0131r. Kitap 19 \u00fcniteden olu\u015fmaktad\u0131r. 1<span class=\"excerpt-hellip\"> [\u2026]<\/span><\/p>\n","protected":false},"featured_media":0,"template":"","meta":{"_monsterinsights_skip_tracking":false,"_monsterinsights_sitenote_active":false,"_monsterinsights_sitenote_note":"","_monsterinsights_sitenote_category":0},"product_brand":[],"product_cat":[12573,12566],"product_tag":[],"class_list":{"0":"post-780431","1":"product","2":"type-product","3":"status-publish","5":"product_cat-akademik-kitaplar","6":"product_cat-egitim","7":"pa_cilt-ciltsiz","8":"pa_tur-kitap","9":"pa_yayinevi-nobel-akademik-yayincilik","10":"pa_yazar-salih-guney","12":"first","13":"instock","14":"sale","15":"shipping-taxable","16":"purchasable","17":"product-type-simple"},"_links":{"self":[{"href":"https:\/\/roveyayinevi.com.tr\/index.php\/wp-json\/wp\/v2\/product\/780431","targetHints":{"allow":["GET"]}}],"collection":[{"href":"https:\/\/roveyayinevi.com.tr\/index.php\/wp-json\/wp\/v2\/product"}],"about":[{"href":"https:\/\/roveyayinevi.com.tr\/index.php\/wp-json\/wp\/v2\/types\/product"}],"wp:attachment":[{"href":"https:\/\/roveyayinevi.com.tr\/index.php\/wp-json\/wp\/v2\/media?parent=780431"}],"wp:term":[{"taxonomy":"product_brand","embeddable":true,"href":"https:\/\/roveyayinevi.com.tr\/index.php\/wp-json\/wp\/v2\/product_brand?post=780431"},{"taxonomy":"product_cat","embeddable":true,"href":"https:\/\/roveyayinevi.com.tr\/index.php\/wp-json\/wp\/v2\/product_cat?post=780431"},{"taxonomy":"product_tag","embeddable":true,"href":"https:\/\/roveyayinevi.com.tr\/index.php\/wp-json\/wp\/v2\/product_tag?post=780431"}],"curies":[{"name":"wp","href":"https:\/\/api.w.org\/{rel}","templated":true}]}}