{"id":780430,"date":"2026-01-20T02:32:04","date_gmt":"2026-01-19T23:32:04","guid":{"rendered":"https:\/\/roveyayinevi.com.tr\/index.php\/urun\/finansal-muhasebe-donem-sonu-islemleri-tms-tfrs-uygulamali\/"},"modified":"2026-04-16T02:18:02","modified_gmt":"2026-04-15T23:18:02","slug":"finansal-muhasebe-donem-sonu-islemleri-tms-tfrs-uygulamali","status":"publish","type":"product","link":"https:\/\/roveyayinevi.com.tr\/index.php\/urun\/finansal-muhasebe-donem-sonu-islemleri-tms-tfrs-uygulamali\/","title":{"rendered":"Finansal Muhasebe- D\u00f6nem Sonu \u0130\u015flemleri- TMS\/TFRS Uygulamal\u0131"},"content":{"rendered":"<p>Bir \u00f6zl\u00fc s\u00f6zde \u201cMuhasebenin amac\u0131, sadece mikro kay\u0131t de\u011fil makro d\u00fczeyde kay\u0131t i\u015flemlerini ger\u00e7ekle\u015ftirmektir.\u201d denir. Elinizdeki bu kitap, farkl\u0131 bir yakla\u015f\u0131mla muhasebeyi \u00f6\u011fretmeyi ama\u00e7lamaktad\u0131r. \u00d6\u011frencilerin muhasebeye kar\u015f\u0131 ilgilerini art\u0131rmaya y\u00f6nelik olarak kitapta konular sade ve \u00f6z bir dille kaleme al\u0131nm\u0131\u015ft\u0131r. \u00d6nce konular anlat\u0131lm\u0131\u015f, daha sonra konularla ilgili problemler olu\u015fturulmu\u015ftur. Anla\u015f\u0131lma d\u00fczeyinin y\u00fcksek tutulmas\u0131 ama\u00e7lanarak muhasebe konular\u0131 ad\u0131m ad\u0131m ele al\u0131nm\u0131\u015ft\u0131r. <\/p>\n","protected":false},"excerpt":{"rendered":"<p>Bir \u00f6zl\u00fc s\u00f6zde \u201cMuhasebenin amac\u0131, sadece mikro kay\u0131t de\u011fil makro d\u00fczeyde kay\u0131t i\u015flemlerini ger\u00e7ekle\u015ftirmektir.\u201d denir. Elinizdeki bu kitap, farkl\u0131 bir yakla\u015f\u0131mla muhasebeyi \u00f6\u011fretmeyi ama\u00e7lamaktad\u0131r. \u00d6\u011frencilerin muhasebeye<span class=\"excerpt-hellip\"> [\u2026]<\/span><\/p>\n","protected":false},"featured_media":0,"template":"","meta":{"_monsterinsights_skip_tracking":false,"_monsterinsights_sitenote_active":false,"_monsterinsights_sitenote_note":"","_monsterinsights_sitenote_category":0},"product_brand":[],"product_cat":[12573,12566],"product_tag":[],"class_list":{"0":"post-780430","1":"product","2":"type-product","3":"status-publish","5":"product_cat-akademik-kitaplar","6":"product_cat-egitim","7":"pa_cilt-ciltsiz","8":"pa_tur-kitap","9":"pa_yayinevi-nobel-akademik-yayincilik","10":"pa_yazar-fehmi-karasioglu","12":"first","13":"instock","14":"sale","15":"shipping-taxable","16":"purchasable","17":"product-type-simple"},"_links":{"self":[{"href":"https:\/\/roveyayinevi.com.tr\/index.php\/wp-json\/wp\/v2\/product\/780430","targetHints":{"allow":["GET"]}}],"collection":[{"href":"https:\/\/roveyayinevi.com.tr\/index.php\/wp-json\/wp\/v2\/product"}],"about":[{"href":"https:\/\/roveyayinevi.com.tr\/index.php\/wp-json\/wp\/v2\/types\/product"}],"wp:attachment":[{"href":"https:\/\/roveyayinevi.com.tr\/index.php\/wp-json\/wp\/v2\/media?parent=780430"}],"wp:term":[{"taxonomy":"product_brand","embeddable":true,"href":"https:\/\/roveyayinevi.com.tr\/index.php\/wp-json\/wp\/v2\/product_brand?post=780430"},{"taxonomy":"product_cat","embeddable":true,"href":"https:\/\/roveyayinevi.com.tr\/index.php\/wp-json\/wp\/v2\/product_cat?post=780430"},{"taxonomy":"product_tag","embeddable":true,"href":"https:\/\/roveyayinevi.com.tr\/index.php\/wp-json\/wp\/v2\/product_tag?post=780430"}],"curies":[{"name":"wp","href":"https:\/\/api.w.org\/{rel}","templated":true}]}}