{"id":780429,"date":"2026-01-20T02:32:02","date_gmt":"2026-01-19T23:32:02","guid":{"rendered":"https:\/\/roveyayinevi.com.tr\/index.php\/urun\/din-ogretimi\/"},"modified":"2026-04-16T02:18:02","modified_gmt":"2026-04-15T23:18:02","slug":"din-ogretimi","status":"publish","type":"product","link":"https:\/\/roveyayinevi.com.tr\/index.php\/urun\/din-ogretimi\/","title":{"rendered":"Din \u00d6\u011fretimi"},"content":{"rendered":"<p>Din e\u011fitimi biliminin teorisi son zamanlarda ortaya \u00e7\u0131kmaya ba\u015flamas\u0131na kar\u015f\u0131n, bu bilim dal\u0131 son derece h\u0131zl\u0131 bir geli\u015fim g\u00f6stermi\u015ftir. Bir yandan din e\u011fitimi biliminin neli\u011fi, di\u011fer bilimler aras\u0131ndaki konumu ve onlarla ili\u015fkisi, metodolojisi olu\u015fturulurken bir yandan da din e\u011fitimi uygulamalar\u0131n\u0131n incelenmesi\/irdelenmesi \u00e7al\u0131\u015fmalar\u0131 s\u00fcrmektedir. Din \u00f6\u011fretimi bilimi alan\u0131na y\u00f6nelik bu \u00e7al\u0131\u015fma, daha \u00e7ok \u2019 dini nas\u0131l \u00f6\u011fretelim\u2019 sorusu \u00e7er\u00e7evesinde din \u00f6\u011fretimi y\u00f6ntemlerine y\u00f6nelik olarak haz\u0131rlanm\u0131\u015ft\u0131r. <\/p>\n","protected":false},"excerpt":{"rendered":"<p>Din e\u011fitimi biliminin teorisi son zamanlarda ortaya \u00e7\u0131kmaya ba\u015flamas\u0131na kar\u015f\u0131n, bu bilim dal\u0131 son derece h\u0131zl\u0131 bir geli\u015fim g\u00f6stermi\u015ftir. Bir yandan din e\u011fitimi biliminin neli\u011fi, di\u011fer<span class=\"excerpt-hellip\"> [\u2026]<\/span><\/p>\n","protected":false},"featured_media":0,"template":"","meta":{"_monsterinsights_skip_tracking":false,"_monsterinsights_sitenote_active":false,"_monsterinsights_sitenote_note":"","_monsterinsights_sitenote_category":0},"product_brand":[],"product_cat":[12573,12566],"product_tag":[],"class_list":{"0":"post-780429","1":"product","2":"type-product","3":"status-publish","5":"product_cat-akademik-kitaplar","6":"product_cat-egitim","7":"pa_cilt-ciltsiz","8":"pa_tur-kitap","9":"pa_yayinevi-nobel-akademik-yayincilik","10":"pa_yazar-suleyman-akyurek","12":"first","13":"instock","14":"sale","15":"shipping-taxable","16":"purchasable","17":"product-type-simple"},"_links":{"self":[{"href":"https:\/\/roveyayinevi.com.tr\/index.php\/wp-json\/wp\/v2\/product\/780429","targetHints":{"allow":["GET"]}}],"collection":[{"href":"https:\/\/roveyayinevi.com.tr\/index.php\/wp-json\/wp\/v2\/product"}],"about":[{"href":"https:\/\/roveyayinevi.com.tr\/index.php\/wp-json\/wp\/v2\/types\/product"}],"wp:attachment":[{"href":"https:\/\/roveyayinevi.com.tr\/index.php\/wp-json\/wp\/v2\/media?parent=780429"}],"wp:term":[{"taxonomy":"product_brand","embeddable":true,"href":"https:\/\/roveyayinevi.com.tr\/index.php\/wp-json\/wp\/v2\/product_brand?post=780429"},{"taxonomy":"product_cat","embeddable":true,"href":"https:\/\/roveyayinevi.com.tr\/index.php\/wp-json\/wp\/v2\/product_cat?post=780429"},{"taxonomy":"product_tag","embeddable":true,"href":"https:\/\/roveyayinevi.com.tr\/index.php\/wp-json\/wp\/v2\/product_tag?post=780429"}],"curies":[{"name":"wp","href":"https:\/\/api.w.org\/{rel}","templated":true}]}}