{"id":780427,"date":"2026-01-20T02:31:59","date_gmt":"2026-01-19T23:31:59","guid":{"rendered":"https:\/\/roveyayinevi.com.tr\/index.php\/urun\/grupla-psikolojik-danisma-ilke-ve-teknikleri\/"},"modified":"2026-02-03T02:29:14","modified_gmt":"2026-02-02T23:29:14","slug":"grupla-psikolojik-danisma-ilke-ve-teknikleri","status":"publish","type":"product","link":"https:\/\/roveyayinevi.com.tr\/index.php\/urun\/grupla-psikolojik-danisma-ilke-ve-teknikleri\/","title":{"rendered":"Grupla Psikolojik Dan\u0131\u015fma \u0130lke ve Teknikleri"},"content":{"rendered":"<p>\u0130lk bask\u0131s\u0131 1995&#8217;de yay\u0131mlanan Grupla Psikolojik Dan\u0131\u015fma \u0130lke ve Teknikleri kitab\u0131na bak\u0131ld\u0131\u011f\u0131nda \u00e7ok yol kat edildi\u011fi anla\u015f\u0131labilir. Kitapta, otuz be\u015f y\u0131ll\u0131k meslek ya\u015fam\u0131mda liderli\u011fini yapt\u0131\u011f\u0131m onlarca grupla psikolojik dan\u0131\u015fma oturumlar\u0131ndan \u00f6rnekler verilmi\u015ftir. Bu \u00f6rneklerin, anlat\u0131lanlar\u0131n anla\u015f\u0131lmas\u0131n\u0131 kolayla\u015ft\u0131raca\u011f\u0131 d\u00fc\u015f\u00fcn\u00fclmektedir. Di\u011fer bir farkl\u0131l\u0131k da, bu geli\u015ftirilmi\u015f bas\u0131m\u0131n resimlerle renklendirilmesi olmu\u015ftur. Grupla Psikolojik Dan\u0131\u015fma \u0130lke ve Teknikleri kitab\u0131n\u0131n i\u00e7eri\u011fini planlarken, \u00f6\u011frenme modeline dayal\u0131 gruplar temel al\u0131nm\u0131\u015ft\u0131r. Bu nedenle, dan\u0131\u015fan, psikolojik dan\u0131\u015fman kavramlar\u0131 kullan\u0131lm\u0131\u015ft\u0131r. Ancak, transferans ve diren\u00e7 konular\u0131nda, \u00f6zellikle, di\u011fer kaynaklara at\u0131fta bulunuldu\u011funda hasta kavram\u0131 yer alm\u0131\u015ft\u0131r. Kitaba, Grupla Psikolojik Dan\u0131\u015fmaya genel bir bak\u0131\u015fla ba\u015flanm\u0131\u015f ve \u00f6zellikle grup rehberli\u011fi ve grupla psikolojik dan\u0131\u015fma \u00fczerinde durulmu\u015ftur; \u00e7\u00fcnk\u00fc, maalesef alandan olanlar bile bu iki kavram\u0131 \u00e7o\u011fu kez kar\u0131\u015ft\u0131rmaktad\u0131rlar. Yapt\u0131klar\u0131 i\u015f grup rehberli\u011fi oldu\u011fu h\u00e2lde, &#8220;Grupla psikolojik dan\u0131\u015fma yapt\u0131m.&#8221; deyiveriyorlar ve hatta tezlerini de \u00f6yle isimlendiriyorlar. Kitapta ad\u0131 ge\u00e7en baz\u0131 kavramlar \u00fczerinde durularak sonra da grupla psikolojik dan\u0131\u015fma yapabilmesi i\u00e7in &#8220;psikolojik dan\u0131\u015fman&#8221;\u0131n nas\u0131l bir e\u011fitim almas\u0131 gerekti\u011fi konusu ele al\u0131nm\u0131\u015ft\u0131r. Psikolojik dan\u0131\u015fma grubunun \u00f6zellikleri, terap\u00f6tik g\u00fc\u00e7ler, grubun evreleri, ama\u00e7lar, diren\u00e7 ve transferansa da ayr\u0131nt\u0131l\u0131 bir \u015fekilde de\u011finilmi\u015ftir. Ayr\u0131ca, grupla psikolojik dan\u0131\u015fmada al\u0131\u015ft\u0131rmalar ve yeri, g\u00fc\u00e7l\u00fc\u011f\u00fc olan dan\u0131\u015fanlar ve bu dan\u0131\u015fanlarla ba\u015fetme yollar\u0131 \u00fczerinde odaklan\u0131lm\u0131\u015ft\u0131r. \ufffcTan\u0131t\u0131m Metni<\/p>\n","protected":false},"excerpt":{"rendered":"<p>\u0130lk bask\u0131s\u0131 1995&#8217;de yay\u0131mlanan Grupla Psikolojik Dan\u0131\u015fma \u0130lke ve Teknikleri kitab\u0131na bak\u0131ld\u0131\u011f\u0131nda \u00e7ok yol kat edildi\u011fi anla\u015f\u0131labilir. Kitapta, otuz be\u015f y\u0131ll\u0131k meslek ya\u015fam\u0131mda liderli\u011fini yapt\u0131\u011f\u0131m onlarca<span class=\"excerpt-hellip\"> [\u2026]<\/span><\/p>\n","protected":false},"featured_media":0,"template":"","meta":{"_monsterinsights_skip_tracking":false,"_monsterinsights_sitenote_active":false,"_monsterinsights_sitenote_note":"","_monsterinsights_sitenote_category":0},"product_brand":[],"product_cat":[12358,12357],"product_tag":[],"class_list":{"0":"post-780427","1":"product","2":"type-product","3":"status-publish","5":"product_cat-genel-psikoloji","6":"product_cat-psikoloji","7":"pa_cilt-ciltsiz","8":"pa_tur-kitap","9":"pa_yayinevi-nobel-akademik-yayincilik","10":"pa_yazar-nilufer-voltan-acar","12":"first","13":"instock","14":"sale","15":"shipping-taxable","16":"purchasable","17":"product-type-simple"},"_links":{"self":[{"href":"https:\/\/roveyayinevi.com.tr\/index.php\/wp-json\/wp\/v2\/product\/780427","targetHints":{"allow":["GET"]}}],"collection":[{"href":"https:\/\/roveyayinevi.com.tr\/index.php\/wp-json\/wp\/v2\/product"}],"about":[{"href":"https:\/\/roveyayinevi.com.tr\/index.php\/wp-json\/wp\/v2\/types\/product"}],"wp:attachment":[{"href":"https:\/\/roveyayinevi.com.tr\/index.php\/wp-json\/wp\/v2\/media?parent=780427"}],"wp:term":[{"taxonomy":"product_brand","embeddable":true,"href":"https:\/\/roveyayinevi.com.tr\/index.php\/wp-json\/wp\/v2\/product_brand?post=780427"},{"taxonomy":"product_cat","embeddable":true,"href":"https:\/\/roveyayinevi.com.tr\/index.php\/wp-json\/wp\/v2\/product_cat?post=780427"},{"taxonomy":"product_tag","embeddable":true,"href":"https:\/\/roveyayinevi.com.tr\/index.php\/wp-json\/wp\/v2\/product_tag?post=780427"}],"curies":[{"name":"wp","href":"https:\/\/api.w.org\/{rel}","templated":true}]}}