{"id":780426,"date":"2026-01-20T02:31:58","date_gmt":"2026-01-19T23:31:58","guid":{"rendered":"https:\/\/roveyayinevi.com.tr\/index.php\/urun\/genel-matematik\/"},"modified":"2026-04-16T02:18:02","modified_gmt":"2026-04-15T23:18:02","slug":"genel-matematik","status":"publish","type":"product","link":"https:\/\/roveyayinevi.com.tr\/index.php\/urun\/genel-matematik\/","title":{"rendered":"Genel Matematik"},"content":{"rendered":"<p>Genel Matematik kitab\u0131, Fen Edebiyat Fak\u00fcltelerinin Matematik B\u00f6l\u00fcmleri d\u0131\u015f\u0131nda Matematik, Genel Matematik, Y\u00fcksek Matematik gibi isimler alt\u0131nda verilen dersl er i\u00e7in haz\u0131rlanm\u0131\u015ft\u0131r. Teknik E\u011fitim Fak\u00fclteleri ve E\u011fitim Fak\u00fcltelerinin yan\u0131 s\u0131ra \u0130ktisat ve Ekonomi B\u00f6l\u00fcmlerinde verilen Matematik dersi programlar\u0131na da uygun bir i\u00e7eri\u011fe sahip olan \u00e7al\u0131\u015fma, \u00f6\u011frencilerin konular\u0131 daha iyi \u00f6\u011frenebilmeleri i\u00e7in anla\u015f\u0131l\u0131r bir \u00fcslupla kaleme al\u0131nm\u0131\u015ft\u0131r.Tan\u0131m, teorem ve sonu\u00e7lar\u0131n \u00e7ok yal\u0131n ifadelerle &#8230; <\/p>\n","protected":false},"excerpt":{"rendered":"<p>Genel Matematik kitab\u0131, Fen Edebiyat Fak\u00fcltelerinin Matematik B\u00f6l\u00fcmleri d\u0131\u015f\u0131nda Matematik, Genel Matematik, Y\u00fcksek Matematik gibi isimler alt\u0131nda verilen dersl er i\u00e7in haz\u0131rlanm\u0131\u015ft\u0131r. Teknik E\u011fitim Fak\u00fclteleri ve<span class=\"excerpt-hellip\"> [\u2026]<\/span><\/p>\n","protected":false},"featured_media":0,"template":"","meta":{"_monsterinsights_skip_tracking":false,"_monsterinsights_sitenote_active":false,"_monsterinsights_sitenote_note":"","_monsterinsights_sitenote_category":0},"product_brand":[],"product_cat":[12573,12566],"product_tag":[],"class_list":{"0":"post-780426","1":"product","2":"type-product","3":"status-publish","5":"product_cat-akademik-kitaplar","6":"product_cat-egitim","7":"pa_cilt-ciltsiz","8":"pa_tur-kitap","9":"pa_yayinevi-nobel-akademik-yayincilik","10":"pa_yazar-ahmet-dernek","12":"first","13":"instock","14":"sale","15":"shipping-taxable","16":"purchasable","17":"product-type-simple"},"_links":{"self":[{"href":"https:\/\/roveyayinevi.com.tr\/index.php\/wp-json\/wp\/v2\/product\/780426","targetHints":{"allow":["GET"]}}],"collection":[{"href":"https:\/\/roveyayinevi.com.tr\/index.php\/wp-json\/wp\/v2\/product"}],"about":[{"href":"https:\/\/roveyayinevi.com.tr\/index.php\/wp-json\/wp\/v2\/types\/product"}],"wp:attachment":[{"href":"https:\/\/roveyayinevi.com.tr\/index.php\/wp-json\/wp\/v2\/media?parent=780426"}],"wp:term":[{"taxonomy":"product_brand","embeddable":true,"href":"https:\/\/roveyayinevi.com.tr\/index.php\/wp-json\/wp\/v2\/product_brand?post=780426"},{"taxonomy":"product_cat","embeddable":true,"href":"https:\/\/roveyayinevi.com.tr\/index.php\/wp-json\/wp\/v2\/product_cat?post=780426"},{"taxonomy":"product_tag","embeddable":true,"href":"https:\/\/roveyayinevi.com.tr\/index.php\/wp-json\/wp\/v2\/product_tag?post=780426"}],"curies":[{"name":"wp","href":"https:\/\/api.w.org\/{rel}","templated":true}]}}