{"id":780425,"date":"2026-01-20T02:31:56","date_gmt":"2026-01-19T23:31:56","guid":{"rendered":"https:\/\/roveyayinevi.com.tr\/index.php\/urun\/ozel-egitimde-etkili-kaynastirma-ve-butunlestirme\/"},"modified":"2026-04-16T02:18:02","modified_gmt":"2026-04-15T23:18:02","slug":"ozel-egitimde-etkili-kaynastirma-ve-butunlestirme","status":"publish","type":"product","link":"https:\/\/roveyayinevi.com.tr\/index.php\/urun\/ozel-egitimde-etkili-kaynastirma-ve-butunlestirme\/","title":{"rendered":"\u00d6zel E\u011fitimde Etkili Kayna\u015ft\u0131rma ve B\u00fct\u00fcnle\u015ftirme"},"content":{"rendered":"<p>\u00d6zel E\u011fitimde Etkili Kayna\u015ft\u0131rma ve B\u00fct\u00fcnle\u015ftirme, uzun zamand\u0131r devam eden kitap haz\u0131rl\u0131\u011f\u0131 s\u00fcrecinde b\u00fct\u00fcnle\u015ftirme konusunda yerli ve yabanc\u0131 \u00e7e\u015fitli kaynaklar taranm\u0131\u015ft\u0131r. Dolay\u0131s\u0131yla, farkl\u0131 kaynaklardan beslenen bu kitab\u0131n alana b\u00fcy\u00fck katk\u0131 sa\u011flayaca\u011f\u0131na inan\u0131yoruz. \u00d6\u011fretmenlere, ailelere, uzmanlara, ara\u015ft\u0131rmac\u0131lara ve \u00f6\u011frencilere katk\u0131 sa\u011flayaca\u011f\u0131n\u0131 d\u00fc\u015f\u00fcnd\u00fc\u011f\u00fcm\u00fcz bu kitab\u0131 de\u011ferli okuyucular\u0131m\u0131za sunmaktan onur duyar\u0131z.<\/p>\n","protected":false},"excerpt":{"rendered":"<p>\u00d6zel E\u011fitimde Etkili Kayna\u015ft\u0131rma ve B\u00fct\u00fcnle\u015ftirme, uzun zamand\u0131r devam eden kitap haz\u0131rl\u0131\u011f\u0131 s\u00fcrecinde b\u00fct\u00fcnle\u015ftirme konusunda yerli ve yabanc\u0131 \u00e7e\u015fitli kaynaklar taranm\u0131\u015ft\u0131r. Dolay\u0131s\u0131yla, farkl\u0131 kaynaklardan beslenen bu<span class=\"excerpt-hellip\"> [\u2026]<\/span><\/p>\n","protected":false},"featured_media":0,"template":"","meta":{"_monsterinsights_skip_tracking":false,"_monsterinsights_sitenote_active":false,"_monsterinsights_sitenote_note":"","_monsterinsights_sitenote_category":0},"product_brand":[],"product_cat":[12573,12566],"product_tag":[],"class_list":{"0":"post-780425","1":"product","2":"type-product","3":"status-publish","5":"product_cat-akademik-kitaplar","6":"product_cat-egitim","7":"pa_cilt-ciltsiz","8":"pa_tur-kitap","9":"pa_yayinevi-nobel-akademik-yayincilik","10":"pa_yazar-hakan-sari-tugba-pursun","12":"first","13":"instock","14":"sale","15":"shipping-taxable","16":"purchasable","17":"product-type-simple"},"_links":{"self":[{"href":"https:\/\/roveyayinevi.com.tr\/index.php\/wp-json\/wp\/v2\/product\/780425","targetHints":{"allow":["GET"]}}],"collection":[{"href":"https:\/\/roveyayinevi.com.tr\/index.php\/wp-json\/wp\/v2\/product"}],"about":[{"href":"https:\/\/roveyayinevi.com.tr\/index.php\/wp-json\/wp\/v2\/types\/product"}],"wp:attachment":[{"href":"https:\/\/roveyayinevi.com.tr\/index.php\/wp-json\/wp\/v2\/media?parent=780425"}],"wp:term":[{"taxonomy":"product_brand","embeddable":true,"href":"https:\/\/roveyayinevi.com.tr\/index.php\/wp-json\/wp\/v2\/product_brand?post=780425"},{"taxonomy":"product_cat","embeddable":true,"href":"https:\/\/roveyayinevi.com.tr\/index.php\/wp-json\/wp\/v2\/product_cat?post=780425"},{"taxonomy":"product_tag","embeddable":true,"href":"https:\/\/roveyayinevi.com.tr\/index.php\/wp-json\/wp\/v2\/product_tag?post=780425"}],"curies":[{"name":"wp","href":"https:\/\/api.w.org\/{rel}","templated":true}]}}