{"id":780421,"date":"2026-01-20T02:29:55","date_gmt":"2026-01-19T23:29:55","guid":{"rendered":"https:\/\/roveyayinevi.com.tr\/index.php\/urun\/dislerle-tarih-oncesine-yolculuk\/"},"modified":"2026-03-03T02:25:48","modified_gmt":"2026-03-02T23:25:48","slug":"dislerle-tarih-oncesine-yolculuk","status":"publish","type":"product","link":"https:\/\/roveyayinevi.com.tr\/index.php\/urun\/dislerle-tarih-oncesine-yolculuk\/","title":{"rendered":"Di\u015flerle Tarih \u00d6ncesine Yolculuk"},"content":{"rendered":"<p>&#8220;Di\u015flerle Tarih\u00f6ncesine Yolculuk&#8217; adl\u0131 eserinde konuyu hem antropolog,hem de odontolog g\u00f6z\u00fcyle i\u015flemi\u015f.Eser,di\u015flerin s\u00fcrmesini inceleyerek ba\u015fl\u0131yor.Bunu,canl\u0131larda di\u015f evrimi,insanda di\u015f s\u00fcrmesini inceleyerek ba\u015fl\u0131yor.Bunu,canl\u0131larda di\u015f evrimi,insanda di\u015f s\u00fcrmesi ve insanda di\u015f evrimi izliyor.\u0130kinci b\u00f6l\u00fcm,di\u015f sa\u011fl\u0131\u011f\u0131 konular\u0131na ayr\u0131lm\u0131\u015f.Di\u015f \u00e7\u00fcr\u00fckleri,Di\u015f apsesi,mine bozukluklar\u0131,di\u015f tedavileri incelenmi\u015f ve konular di\u015f folklor\u00fc ile bitirilmi\u015ftir. <\/p>\n","protected":false},"excerpt":{"rendered":"<p>&#8220;Di\u015flerle Tarih\u00f6ncesine Yolculuk&#8217; adl\u0131 eserinde konuyu hem antropolog,hem de odontolog g\u00f6z\u00fcyle i\u015flemi\u015f.Eser,di\u015flerin s\u00fcrmesini inceleyerek ba\u015fl\u0131yor.Bunu,canl\u0131larda di\u015f evrimi,insanda di\u015f s\u00fcrmesini inceleyerek ba\u015fl\u0131yor.Bunu,canl\u0131larda di\u015f evrimi,insanda di\u015f s\u00fcrmesi ve<span class=\"excerpt-hellip\"> [\u2026]<\/span><\/p>\n","protected":false},"featured_media":0,"template":"","meta":{"_monsterinsights_skip_tracking":false,"_monsterinsights_sitenote_active":false,"_monsterinsights_sitenote_note":"","_monsterinsights_sitenote_category":0},"product_brand":[],"product_cat":[12304,14138],"product_tag":[],"class_list":{"0":"post-780421","1":"product","2":"type-product","3":"status-publish","5":"product_cat-tarih","6":"product_cat-tarih-felsefesi","7":"pa_cilt-ciltsiz","8":"pa_tur-kitap","9":"pa_yayinevi-bilgin-kultur-sanat","10":"pa_yazar-metin-ozbek","12":"first","13":"instock","14":"sale","15":"shipping-taxable","16":"purchasable","17":"product-type-simple"},"_links":{"self":[{"href":"https:\/\/roveyayinevi.com.tr\/index.php\/wp-json\/wp\/v2\/product\/780421","targetHints":{"allow":["GET"]}}],"collection":[{"href":"https:\/\/roveyayinevi.com.tr\/index.php\/wp-json\/wp\/v2\/product"}],"about":[{"href":"https:\/\/roveyayinevi.com.tr\/index.php\/wp-json\/wp\/v2\/types\/product"}],"wp:attachment":[{"href":"https:\/\/roveyayinevi.com.tr\/index.php\/wp-json\/wp\/v2\/media?parent=780421"}],"wp:term":[{"taxonomy":"product_brand","embeddable":true,"href":"https:\/\/roveyayinevi.com.tr\/index.php\/wp-json\/wp\/v2\/product_brand?post=780421"},{"taxonomy":"product_cat","embeddable":true,"href":"https:\/\/roveyayinevi.com.tr\/index.php\/wp-json\/wp\/v2\/product_cat?post=780421"},{"taxonomy":"product_tag","embeddable":true,"href":"https:\/\/roveyayinevi.com.tr\/index.php\/wp-json\/wp\/v2\/product_tag?post=780421"}],"curies":[{"name":"wp","href":"https:\/\/api.w.org\/{rel}","templated":true}]}}