{"id":780420,"date":"2026-01-20T02:29:48","date_gmt":"2026-01-19T23:29:48","guid":{"rendered":"https:\/\/roveyayinevi.com.tr\/index.php\/urun\/kemalist-cumhuriyetin-insasi\/"},"modified":"2026-04-16T02:16:27","modified_gmt":"2026-04-15T23:16:27","slug":"kemalist-cumhuriyetin-insasi","status":"publish","type":"product","link":"https:\/\/roveyayinevi.com.tr\/index.php\/urun\/kemalist-cumhuriyetin-insasi\/","title":{"rendered":"Kemalist Cumhuriyetin \u0130n\u015fas\u0131"},"content":{"rendered":"<p>Antonio Gramsci, b\u00fct\u00fcn insanlar entelekt\u00fceldir ama toplumda herkes entelekt\u00fcel i\u015flevi g\u00f6rmez diye anlat\u0131yor. Gramsci&#8217;nin saptamas\u0131na g\u00f6re toplumda entelekt\u00fcel i\u015flevi g\u00f6renler ikiye ayr\u0131labilir: Birincisi, nesilden nesile ayni \u015feyi yapmay\u0131 s\u00fcrd\u00fcren \u00f6\u011fretmenler, din adamlar\u0131 ve idareciler gibi geleneksel entelekt\u00fcellerdir. \u0130kincisi ise kendi \u00e7\u0131karlar\u0131n\u0131 \u00f6rg\u00fctlemek, daha fazla iktidar, daha fazla denetim g\u00fcc\u00fc elde etmek i\u00e7in kullanan s\u0131n\u0131flarla veya kurulu\u015flarla do\u011frudan ba\u011flant\u0131l\u0131 organik entelekt\u00fcellerdir. Bu ba\u011flamda Halkevleri ve yay\u0131nlar\u0131n\u0131 da birer entelekt\u00fcel giri\u015fim olarak g\u00f6rebiliriz. \u00dclk\u00fc Dergisi, 19 \u015eubat 1932&#8217;de a\u00e7\u0131l\u0131p \u00fclkede h\u0131zla yayg\u0131nla\u015fan, Halkevleri merkez yay\u0131n\u0131d\u0131r. Ankara Halkevi&#8217;nin yay\u0131n\u0131 olarak: d\u00fc\u015f\u00fcnce hayat\u0131nda ortaya \u00e7\u0131kmas\u0131na ra\u011fmen, Halkevi dergileri 1 i 10 aras\u0131nda \u00f6rnek konumda bulunur. 19301u ve 40&#8217;11 y\u0131llar\u0131n Halkevleri ve dergileri, gen\u00e7 cumhuriyet\u00e7iler i\u00e7in bir ocak olmu\u015ftur.Ayn\u0131 zamanda bu dergi, Kemalist \u0130deoloji&#8217;nin temel varsa-y\u0131mlar\u0131n\u0131n tart\u0131\u015f\u0131l\u0131p olgunla\u015ft\u0131r\u0131ld\u0131\u011f\u0131 bir mecra olarak, \u00fcretilen bilginin halka aktar\u0131lmas\u0131nda \u00f6nemli bir ara\u00e7 da olmu\u015ftur. Bu kitab\u0131nda Mustafa Oral, CHP&#8217;nin k\u00fclt\u00fcr \u015fubesine ba\u011fl\u0131 olarak \u00e7al\u0131\u015fan Ankara Halkevi ve \u00dclk\u00fc Dergisi \u00f6zelinde Kemalist Cumhuriyetin \u0130n\u015fas\u0131n\u0131n izlerini ba\u015far\u0131yla s\u00fcr\u00fcyor.<\/p>\n","protected":false},"excerpt":{"rendered":"<p>Antonio Gramsci, b\u00fct\u00fcn insanlar entelekt\u00fceldir ama toplumda herkes entelekt\u00fcel i\u015flevi g\u00f6rmez diye anlat\u0131yor. Gramsci&#8217;nin saptamas\u0131na g\u00f6re toplumda entelekt\u00fcel i\u015flevi g\u00f6renler ikiye ayr\u0131labilir: Birincisi, nesilden nesile ayni<span class=\"excerpt-hellip\"> [\u2026]<\/span><\/p>\n","protected":false},"featured_media":0,"template":"","meta":{"_monsterinsights_skip_tracking":false,"_monsterinsights_sitenote_active":false,"_monsterinsights_sitenote_note":"","_monsterinsights_sitenote_category":0},"product_brand":[],"product_cat":[13059,12337],"product_tag":[],"class_list":{"0":"post-780420","1":"product","2":"type-product","3":"status-publish","5":"product_cat-diger-politika-siyaset","6":"product_cat-politika-siyaset","7":"pa_cilt-ciltsiz","8":"pa_tur-kitap","9":"pa_yayinevi-yeni-insan-yayinlari","10":"pa_yazar-mustafa-oral","12":"first","13":"instock","14":"sale","15":"shipping-taxable","16":"purchasable","17":"product-type-simple"},"_links":{"self":[{"href":"https:\/\/roveyayinevi.com.tr\/index.php\/wp-json\/wp\/v2\/product\/780420","targetHints":{"allow":["GET"]}}],"collection":[{"href":"https:\/\/roveyayinevi.com.tr\/index.php\/wp-json\/wp\/v2\/product"}],"about":[{"href":"https:\/\/roveyayinevi.com.tr\/index.php\/wp-json\/wp\/v2\/types\/product"}],"wp:attachment":[{"href":"https:\/\/roveyayinevi.com.tr\/index.php\/wp-json\/wp\/v2\/media?parent=780420"}],"wp:term":[{"taxonomy":"product_brand","embeddable":true,"href":"https:\/\/roveyayinevi.com.tr\/index.php\/wp-json\/wp\/v2\/product_brand?post=780420"},{"taxonomy":"product_cat","embeddable":true,"href":"https:\/\/roveyayinevi.com.tr\/index.php\/wp-json\/wp\/v2\/product_cat?post=780420"},{"taxonomy":"product_tag","embeddable":true,"href":"https:\/\/roveyayinevi.com.tr\/index.php\/wp-json\/wp\/v2\/product_tag?post=780420"}],"curies":[{"name":"wp","href":"https:\/\/api.w.org\/{rel}","templated":true}]}}