{"id":780419,"date":"2026-01-20T02:28:46","date_gmt":"2026-01-19T23:28:46","guid":{"rendered":"https:\/\/roveyayinevi.com.tr\/index.php\/urun\/ataturku-oldurme-planlari\/"},"modified":"2026-01-20T02:28:46","modified_gmt":"2026-01-19T23:28:46","slug":"ataturku-oldurme-planlari","status":"publish","type":"product","link":"https:\/\/roveyayinevi.com.tr\/index.php\/urun\/ataturku-oldurme-planlari\/","title":{"rendered":"Atat\u00fcrk\u2019\u00fc \u00d6ld\u00fcrme Planlar\u0131"},"content":{"rendered":"<p>Osmanl\u0131 Devleti \u00e7\u00f6k\u00fcyor, ard\u0131nda b\u0131rakacaklar\u0131 ise birileri i\u00e7in i\u015ftah kabart\u0131yordu. Emperyalist g\u00fc\u00e7ler Anadolu co\u011frafyas\u0131ndan kadim T\u00fcrk milletini silmek i\u00e7in sab\u0131rs\u0131zlan\u0131yordu. Mondros\u2019un imzalanmas\u0131yla istek ve arzular\u0131 resmiyet kazanm\u0131\u015f, i\u015fgal ve tasfiye yerli i\u015fbirlik\u00e7ilerin de yard\u0131m\u0131yla ba\u015flam\u0131\u015ft\u0131. Onlar\u0131 durduracak art\u0131k hi\u00e7bir g\u00fc\u00e7 ve engel kalmam\u0131\u015ft\u0131. Ta ki Selanikli bir yetimin, mill\u00ee iradeyi arkas\u0131na alarak kar\u015f\u0131lar\u0131na dikilip \u201cGeldikleri gibi gidecekler.\u201d demesine kadar&#8230; Emperyalist g\u00fc\u00e7lere \u201cDur!\u201d dedi\u011fi i\u00e7in Mustafa Kemal art\u0131k durdurulmas\u0131 gereken tek hedeftir. \u201cMustafa Kemal Pa\u015fa\u2019ya Ataca\u011f\u0131m Her Kur\u015fun \u0130\u00e7in Yirmi Bin Lira \u0130stiyorum!\u201d \u0130ngiliz Generali, Damat Ferit ve Said Molla, Mustafa Kemal\u2019e suikast d\u00fczenlemek i\u00e7in nas\u0131l bir pazarl\u0131k yapt\u0131lar?  \u201cAtat\u00fcrk bizdendi\u201d diyen \u0130ngiliz Y\u00fczba\u015f\u0131 Bennet, Atat\u00fcrk\u2019\u00fcn \u00f6ld\u00fcr\u00fclmesi i\u00e7in hangi suikast plan\u0131na dahil oldu? Yurt d\u0131\u015f\u0131ndaki Vahdettin, Mustafa Kemal\u2019e nas\u0131l bir suikast d\u00fczenleyerek y\u00f6netimi ele ge\u00e7irmek istedi?  Atat\u00fcrk\u2019e darbe yapmak i\u00e7in Amerika\u2019dan yard\u0131m isteyen kimdi? Hangi yabanc\u0131 devlet 30 ki\u015filik subay grubuna maa\u015f ba\u011flay\u0131p Mustafa Kemal\u2019e suikast i\u00e7in Anadolu\u2019ya g\u00f6nderdi? Mustafa Kemal\u2019e d\u00fczenlenmesi muhtemel suikastler i\u00e7in gizli gruplar Ankara\u2019ya nas\u0131l istihbarat g\u00f6nderdiler? Komitac\u0131 Ermenilerin Mustafa Kemal\u2019i \u00f6ld\u00fcrme planlar\u0131 neydi? \u00c7erkez Ethem\u2019in Mill\u00ee M\u00fccadele s\u0131ras\u0131ndaki suikast giri\u015fimleri yurt d\u0131\u015f\u0131na ka\u00e7t\u0131ktan sonra nas\u0131l devam etti? Yurt d\u0131\u015f\u0131ndaki \u00c7erkez Ethem ve Halife Abd\u00fclmecid\u2019in de ad\u0131n\u0131n kar\u0131\u015ft\u0131\u011f\u0131 suikast tertibinde neler ya\u015fand\u0131? Daha Samsun\u2019a \u00e7\u0131kt\u0131\u011f\u0131 g\u00fcnlerde Mustafa Kemal\u2019e suikast yapan Pontus\u00e7u Rumlar\u0131n daha sonra Ankara\u2019da devam eden suikast planlar\u0131 neydi? \u0130zmir Rum Metropoliti Hrisostomos\u2019un intikam\u0131n\u0131 almak bahanesiyle Mustafa Kemal\u2019e suikast yapmak i\u00e7in nas\u0131l bir komite kuruldu? Hayretler i\u00e7inde kalaca\u011f\u0131n\u0131z suikast giri\u015fimlerini okurken \u201cAtat\u00fcrk bunca suikast giri\u015fimini atlat\u0131p da Mill\u00ee M\u00fccadele\u2019yi nas\u0131l kazanm\u0131\u015f, nas\u0131l yeni bir devlet kurmu\u015f ve devrimler yapm\u0131\u015f?\u201d demekten kendinizi alamayacaks\u0131n\u0131z. Daha \u00f6nce yay\u0131nlanmam\u0131\u015f ar\u015fiv belgeleri \u0131\u015f\u0131\u011f\u0131nda haz\u0131rlanan bu \u00e7al\u0131\u015fmada \u201cAtat\u00fcrk\u2019\u00fc kimler, ne zaman, ne \u015fekilde ve hangi planlarla \u00f6ld\u00fcrmek istemi\u015f?\u201d sorular\u0131na cevaplar aranm\u0131\u015f ve  \u201ctarih\u00e7i\u201d kisvesi alt\u0131nda Atat\u00fcrk\u2019e sald\u0131ran, Cumhuriyet tarihini e\u011fip b\u00fckmeye \u00e7al\u0131\u015fan s\u00f6zde ayd\u0131n ve yazarlar\u0131n iddialar\u0131na belgeler \u0131\u015f\u0131\u011f\u0131nda bilimsel cevaplarlar verilmi\u015ftir. <\/p>\n","protected":false},"excerpt":{"rendered":"<p>Osmanl\u0131 Devleti \u00e7\u00f6k\u00fcyor, ard\u0131nda b\u0131rakacaklar\u0131 ise birileri i\u00e7in i\u015ftah kabart\u0131yordu. Emperyalist g\u00fc\u00e7ler Anadolu co\u011frafyas\u0131ndan kadim T\u00fcrk milletini silmek i\u00e7in sab\u0131rs\u0131zlan\u0131yordu. Mondros\u2019un imzalanmas\u0131yla istek ve arzular\u0131 resmiyet<span class=\"excerpt-hellip\"> [\u2026]<\/span><\/p>\n","protected":false},"featured_media":0,"template":"","meta":{"_monsterinsights_skip_tracking":false,"_monsterinsights_sitenote_active":false,"_monsterinsights_sitenote_note":"","_monsterinsights_sitenote_category":0},"product_brand":[],"product_cat":[12337,14543],"product_tag":[],"class_list":{"0":"post-780419","1":"product","2":"type-product","3":"status-publish","5":"product_cat-politika-siyaset","6":"product_cat-turkiye-siyaseti-ve-politikasi","7":"pa_cilt-ciltsiz","8":"pa_tur-kitap","9":"pa_yayinevi-kripto-basim-yayin","10":"pa_yazar-umit-dogan","12":"first","13":"instock","14":"sale","15":"shipping-taxable","16":"purchasable","17":"product-type-simple"},"_links":{"self":[{"href":"https:\/\/roveyayinevi.com.tr\/index.php\/wp-json\/wp\/v2\/product\/780419","targetHints":{"allow":["GET"]}}],"collection":[{"href":"https:\/\/roveyayinevi.com.tr\/index.php\/wp-json\/wp\/v2\/product"}],"about":[{"href":"https:\/\/roveyayinevi.com.tr\/index.php\/wp-json\/wp\/v2\/types\/product"}],"wp:attachment":[{"href":"https:\/\/roveyayinevi.com.tr\/index.php\/wp-json\/wp\/v2\/media?parent=780419"}],"wp:term":[{"taxonomy":"product_brand","embeddable":true,"href":"https:\/\/roveyayinevi.com.tr\/index.php\/wp-json\/wp\/v2\/product_brand?post=780419"},{"taxonomy":"product_cat","embeddable":true,"href":"https:\/\/roveyayinevi.com.tr\/index.php\/wp-json\/wp\/v2\/product_cat?post=780419"},{"taxonomy":"product_tag","embeddable":true,"href":"https:\/\/roveyayinevi.com.tr\/index.php\/wp-json\/wp\/v2\/product_tag?post=780419"}],"curies":[{"name":"wp","href":"https:\/\/api.w.org\/{rel}","templated":true}]}}