{"id":780418,"date":"2026-01-20T02:28:36","date_gmt":"2026-01-19T23:28:36","guid":{"rendered":"https:\/\/roveyayinevi.com.tr\/index.php\/urun\/hevenk-kayip-istanbul\/"},"modified":"2026-04-16T02:15:45","modified_gmt":"2026-04-15T23:15:45","slug":"hevenk-kayip-istanbul","status":"publish","type":"product","link":"https:\/\/roveyayinevi.com.tr\/index.php\/urun\/hevenk-kayip-istanbul\/","title":{"rendered":"Hevenk: Kay\u0131p \u0130stanbul"},"content":{"rendered":"<p>Sevin\u00e7 \u00c7okum\u2019un, kitapla\u015fmadan \u00f6nce yer ald\u0131\u011f\u0131 dergilerde b\u00fcy\u00fck ilgi g\u00f6ren eski foto\u011fraflara dair \u00f6yk\u00fcleri Hevenk \u2013 Kay\u0131p \u0130stanbul\u2019da bir araya geliyor.\u00c7okum\u2019un yer yer \u00f6yk\u00fcle\u015fen anlat\u0131s\u0131, ayn\u0131 zamanda kayna\u011f\u0131n\u0131 yazar\u0131n \u00e7ocukluk y\u0131llar\u0131n\u0131n an\u0131 ve g\u00f6zleme dayal\u0131 birikimlerinden alan bir belge niteli\u011fi ta\u015f\u0131yor. \u00c7okum, ge\u00e7mi\u015fteki tahkiye ustalar\u0131n\u0131n g\u00fcn\u00fcm\u00fczde ya\u015fayan ku\u015fa\u011f\u0131n\u0131n temsilcisi olarak, eserine ya\u015fad\u0131\u011f\u0131 ve tan\u0131d\u0131\u011f\u0131 semtlerin, \u00f6zellikle belli bir d\u00f6nemin Be\u015fikta\u015f\u2019\u0131n\u0131n \u00e7izgilerini yans\u0131t\u0131yor. \u015eiirli bir anlat\u0131mla kay\u0131p insanlar\u0131n ve kay\u0131p de\u011ferlerin masals\u0131 ve renkli d\u00fcnyas\u0131n\u0131 adeta bir \u00e7i\u00e7ek veya meyve hevengine d\u00f6n\u00fc\u015ft\u00fcr\u00fcyor.\u201cBaz\u0131 ak\u015famlar Firuza\u011fa\u2019dan F\u0131nd\u0131kl\u0131\u2019ya y\u00fcr\u00fcye y\u00fcr\u00fcye inip Kabata\u015f\u2019ta adalara su g\u00f6t\u00fcren yar\u0131 uykulu bir teknenin durup durdu\u011fu iskeleden istavrit avlay\u0131\u015f\u0131m\u0131z, sonra gece on ikide eve d\u00f6n\u00fcp bunlar\u0131 k\u0131zart\u0131\u015f\u0131m\u0131z da yaz\u0131lma\u011fa de\u011fer. \u00c7\u00fcnk\u00fc iskele lambas\u0131n\u0131n sudaki ayd\u0131nl\u0131\u011f\u0131na tav olan istavritlerin oltaya geli\u015fiyle duyulan s\u00fcrur ba\u015fka bir \u015feydi. Fakat bendeki hayvan sevgisinin giderek yo\u011funla\u015fmas\u0131ndan dolay\u0131 \u015fimdi ayn\u0131 keyifle bir kova de\u011fil, bir tek bal\u0131k tutabilece\u011fimi sanm\u0131yorum.\u201d<\/p>\n","protected":false},"excerpt":{"rendered":"<p>Sevin\u00e7 \u00c7okum\u2019un, kitapla\u015fmadan \u00f6nce yer ald\u0131\u011f\u0131 dergilerde b\u00fcy\u00fck ilgi g\u00f6ren eski foto\u011fraflara dair \u00f6yk\u00fcleri Hevenk \u2013 Kay\u0131p \u0130stanbul\u2019da bir araya geliyor.\u00c7okum\u2019un yer yer \u00f6yk\u00fcle\u015fen anlat\u0131s\u0131, ayn\u0131<span class=\"excerpt-hellip\"> [\u2026]<\/span><\/p>\n","protected":false},"featured_media":0,"template":"","meta":{"_monsterinsights_skip_tracking":false,"_monsterinsights_sitenote_active":false,"_monsterinsights_sitenote_note":"","_monsterinsights_sitenote_category":0},"product_brand":[],"product_cat":[12291,12711],"product_tag":[],"class_list":{"0":"post-780418","1":"product","2":"type-product","3":"status-publish","5":"product_cat-edebiyat","6":"product_cat-roman-oyku","7":"pa_cilt-ciltsiz","8":"pa_tur-kitap","9":"pa_yayinevi-kapi-yayinlari","10":"pa_yazar-sevinc-cokum","12":"first","13":"instock","14":"sale","15":"shipping-taxable","16":"purchasable","17":"product-type-simple"},"_links":{"self":[{"href":"https:\/\/roveyayinevi.com.tr\/index.php\/wp-json\/wp\/v2\/product\/780418","targetHints":{"allow":["GET"]}}],"collection":[{"href":"https:\/\/roveyayinevi.com.tr\/index.php\/wp-json\/wp\/v2\/product"}],"about":[{"href":"https:\/\/roveyayinevi.com.tr\/index.php\/wp-json\/wp\/v2\/types\/product"}],"wp:attachment":[{"href":"https:\/\/roveyayinevi.com.tr\/index.php\/wp-json\/wp\/v2\/media?parent=780418"}],"wp:term":[{"taxonomy":"product_brand","embeddable":true,"href":"https:\/\/roveyayinevi.com.tr\/index.php\/wp-json\/wp\/v2\/product_brand?post=780418"},{"taxonomy":"product_cat","embeddable":true,"href":"https:\/\/roveyayinevi.com.tr\/index.php\/wp-json\/wp\/v2\/product_cat?post=780418"},{"taxonomy":"product_tag","embeddable":true,"href":"https:\/\/roveyayinevi.com.tr\/index.php\/wp-json\/wp\/v2\/product_tag?post=780418"}],"curies":[{"name":"wp","href":"https:\/\/api.w.org\/{rel}","templated":true}]}}