{"id":780417,"date":"2026-01-20T02:27:52","date_gmt":"2026-01-19T23:27:52","guid":{"rendered":"https:\/\/roveyayinevi.com.tr\/index.php\/urun\/ayisigi-sofrasi\/"},"modified":"2026-04-16T02:15:40","modified_gmt":"2026-04-15T23:15:40","slug":"ayisigi-sofrasi","status":"publish","type":"product","link":"https:\/\/roveyayinevi.com.tr\/index.php\/urun\/ayisigi-sofrasi\/","title":{"rendered":"Ay\u0131\u015f\u0131\u011f\u0131 Sofras\u0131"},"content":{"rendered":"<p>Fantastik edebiyat\u0131n krali\u00e7esi Nazl\u0131 Eray, bir kentin gecesinin kadife karanl\u0131\u011f\u0131n\u0131, onun i\u00e7inden \u00fc\u00e7 y\u00fcz y\u0131l sonra yeniden d\u00fcnyaya uyanan Eshab-\u0131 Kehf k\u0131ssas\u0131n\u0131n Yedi Uyuyanlar&#8217;\u0131n\u0131 ve k\u00f6pekleri K\u0131tmir&#8217;i, sonsuz Ankara gecesinin i\u00e7inde t\u00fcm \u00e7arp\u0131c\u0131l\u0131\u011f\u0131yla okurla bulu\u015fturuyor.&#8221;Bu kent, bu mahalle, bu sokaklar, \u00fcst\u00fcne bast\u0131\u011f\u0131m kald\u0131r\u0131m ta\u015flar\u0131; puslu bir \u0131\u015f\u0131k yayarak geceyi ayd\u0131nlatmaya \u00e7al\u0131\u015fan sokak lambalar\u0131; yolun kenar\u0131ndaki \u00e7\u00f6p bidonunu e\u015feleyen sar\u0131 bir kedi; o anda A\u015fo&#8217;nun g\u00f6rmekte oldu\u011fu bir r\u00fcya par\u00e7as\u0131; m\u0131r\u0131ldand\u0131\u011f\u0131m t\u0131ls\u0131ml\u0131 bir dua; arka balkonuma gri kadife bir kese i\u00e7inde at\u0131lm\u0131\u015f olan, kokmu\u015f yumurta, ayna par\u00e7as\u0131, sabun, tuz, kesme \u015feker ve pirin\u00e7ten olu\u015fan le\u015f kokulu, karmakar\u0131\u015f\u0131k bir b\u00fcy\u00fc; telefonumu kald\u0131rd\u0131\u011f\u0131m zaman kula\u011f\u0131ma gelen d\u00fcd\u00fck sesi; \u00e7antamda \u015fak\u0131rdayan anahtarlar\u0131m; i\u00e7imde duydu\u011fum bir fincan kahve i\u00e7me iste\u011fi, hepsi bana aitti. Benimdi t\u00fcm bunlar. Ya\u015fam\u0131md\u0131.&#8221;- Nazl\u0131 Eray&#8221;Cevizin kabu\u011funu k\u0131r\u0131p \u00f6z\u00fcne inmeyen, cevizin hepsini kabuk zanneder.&#8221;- Gazali<\/p>\n","protected":false},"excerpt":{"rendered":"<p>Fantastik edebiyat\u0131n krali\u00e7esi Nazl\u0131 Eray, bir kentin gecesinin kadife karanl\u0131\u011f\u0131n\u0131, onun i\u00e7inden \u00fc\u00e7 y\u00fcz y\u0131l sonra yeniden d\u00fcnyaya uyanan Eshab-\u0131 Kehf k\u0131ssas\u0131n\u0131n Yedi Uyuyanlar&#8217;\u0131n\u0131 ve k\u00f6pekleri<span class=\"excerpt-hellip\"> [\u2026]<\/span><\/p>\n","protected":false},"featured_media":0,"template":"","meta":{"_monsterinsights_skip_tracking":false,"_monsterinsights_sitenote_active":false,"_monsterinsights_sitenote_note":"","_monsterinsights_sitenote_category":0},"product_brand":[],"product_cat":[12291,12711],"product_tag":[],"class_list":{"0":"post-780417","1":"product","2":"type-product","3":"status-publish","5":"product_cat-edebiyat","6":"product_cat-roman-oyku","7":"pa_cilt-ciltsiz","8":"pa_tur-kitap","9":"pa_yayinevi-everest-yayinlari","10":"pa_yazar-nazli-eray","12":"first","13":"instock","14":"sale","15":"shipping-taxable","16":"purchasable","17":"product-type-simple"},"_links":{"self":[{"href":"https:\/\/roveyayinevi.com.tr\/index.php\/wp-json\/wp\/v2\/product\/780417","targetHints":{"allow":["GET"]}}],"collection":[{"href":"https:\/\/roveyayinevi.com.tr\/index.php\/wp-json\/wp\/v2\/product"}],"about":[{"href":"https:\/\/roveyayinevi.com.tr\/index.php\/wp-json\/wp\/v2\/types\/product"}],"wp:attachment":[{"href":"https:\/\/roveyayinevi.com.tr\/index.php\/wp-json\/wp\/v2\/media?parent=780417"}],"wp:term":[{"taxonomy":"product_brand","embeddable":true,"href":"https:\/\/roveyayinevi.com.tr\/index.php\/wp-json\/wp\/v2\/product_brand?post=780417"},{"taxonomy":"product_cat","embeddable":true,"href":"https:\/\/roveyayinevi.com.tr\/index.php\/wp-json\/wp\/v2\/product_cat?post=780417"},{"taxonomy":"product_tag","embeddable":true,"href":"https:\/\/roveyayinevi.com.tr\/index.php\/wp-json\/wp\/v2\/product_tag?post=780417"}],"curies":[{"name":"wp","href":"https:\/\/api.w.org\/{rel}","templated":true}]}}