{"id":780415,"date":"2026-01-20T02:26:47","date_gmt":"2026-01-19T23:26:47","guid":{"rendered":"https:\/\/roveyayinevi.com.tr\/index.php\/urun\/sek-sek\/"},"modified":"2026-04-16T02:14:54","modified_gmt":"2026-04-15T23:14:54","slug":"sek-sek","status":"publish","type":"product","link":"https:\/\/roveyayinevi.com.tr\/index.php\/urun\/sek-sek\/","title":{"rendered":"Sek Sek"},"content":{"rendered":"<p>Seksek oyunu, aya\u011f\u0131n ucuyla itilen bir ta\u015fla oynan\u0131r. Oyun elemanlar\u0131 \u015funlar: kald\u0131r\u0131m, irice bir \u00e7ak\u0131lta\u015f\u0131, ayakkab\u0131 ve tebe\u015firle \u00e7izilmi\u015f g\u00fczel bir \u00e7izgi, renkli tebe\u015fir tercih edilir. En \u00fcst\u00fcnde \u00e7izginin G\u00f6ky\u00fcz\u00fc hanesi bulunur ve en altta Yery\u00fcz\u00fc; ta\u015f\u0131 iteleye iteleye G\u00f6ky\u00fcz\u00fc\u2019ne ula\u015fmak \u00e7ok zordur; ne denli ni\u015fan alsan, ne denli dikkatlice atsan ve itelesen de zordur, ta\u015f \u00e7izgi \u00fcst\u00fcne gelir veya \u00e7izgi d\u0131\u015f\u0131na \u00e7\u0131kar.\ufffcTan\u0131t\u0131m Metni<\/p>\n","protected":false},"excerpt":{"rendered":"<p>Seksek oyunu, aya\u011f\u0131n ucuyla itilen bir ta\u015fla oynan\u0131r. Oyun elemanlar\u0131 \u015funlar: kald\u0131r\u0131m, irice bir \u00e7ak\u0131lta\u015f\u0131, ayakkab\u0131 ve tebe\u015firle \u00e7izilmi\u015f g\u00fczel bir \u00e7izgi, renkli tebe\u015fir tercih edilir.<span class=\"excerpt-hellip\"> [\u2026]<\/span><\/p>\n","protected":false},"featured_media":0,"template":"","meta":{"_monsterinsights_skip_tracking":false,"_monsterinsights_sitenote_active":false,"_monsterinsights_sitenote_note":"","_monsterinsights_sitenote_category":0},"product_brand":[],"product_cat":[12275,12274],"product_tag":[],"class_list":{"0":"post-780415","1":"product","2":"type-product","3":"status-publish","5":"product_cat-6-12-yas-kitaplari","6":"product_cat-cocuk-ve-genclik-kitaplari","7":"pa_cilt-ciltsiz","8":"pa_tur-kitap","9":"pa_yayinevi-can-yayinlari","10":"pa_yazar-julio-cortazar","12":"first","13":"instock","14":"sale","15":"shipping-taxable","16":"purchasable","17":"product-type-simple"},"_links":{"self":[{"href":"https:\/\/roveyayinevi.com.tr\/index.php\/wp-json\/wp\/v2\/product\/780415","targetHints":{"allow":["GET"]}}],"collection":[{"href":"https:\/\/roveyayinevi.com.tr\/index.php\/wp-json\/wp\/v2\/product"}],"about":[{"href":"https:\/\/roveyayinevi.com.tr\/index.php\/wp-json\/wp\/v2\/types\/product"}],"wp:attachment":[{"href":"https:\/\/roveyayinevi.com.tr\/index.php\/wp-json\/wp\/v2\/media?parent=780415"}],"wp:term":[{"taxonomy":"product_brand","embeddable":true,"href":"https:\/\/roveyayinevi.com.tr\/index.php\/wp-json\/wp\/v2\/product_brand?post=780415"},{"taxonomy":"product_cat","embeddable":true,"href":"https:\/\/roveyayinevi.com.tr\/index.php\/wp-json\/wp\/v2\/product_cat?post=780415"},{"taxonomy":"product_tag","embeddable":true,"href":"https:\/\/roveyayinevi.com.tr\/index.php\/wp-json\/wp\/v2\/product_tag?post=780415"}],"curies":[{"name":"wp","href":"https:\/\/api.w.org\/{rel}","templated":true}]}}