{"id":780412,"date":"2026-01-20T02:23:54","date_gmt":"2026-01-19T23:23:54","guid":{"rendered":"https:\/\/roveyayinevi.com.tr\/index.php\/urun\/aman-dikkat-dikkat-ve-ogrenme-sorunlari\/"},"modified":"2026-04-16T02:13:23","modified_gmt":"2026-04-15T23:13:23","slug":"aman-dikkat-dikkat-ve-ogrenme-sorunlari","status":"publish","type":"product","link":"https:\/\/roveyayinevi.com.tr\/index.php\/urun\/aman-dikkat-dikkat-ve-ogrenme-sorunlari\/","title":{"rendered":"Aman Dikkat: Dikkat ve \u00d6\u011frenme Sorunlar\u0131"},"content":{"rendered":"<p>Dikkat, hayat\u0131 fark etmektir.Sizin i\u00e7in, \u00e7ocu\u011funuz i\u00e7in, \u00f6\u011frencileriniz i\u00e7in\u2026\u00c7evremizi tan\u0131mak ve do\u011fru anlamak, insanlara kendimizi do\u011fru anlatmak i\u00e7in \u201cdikkat\u201d ve \u201c\u00f6\u011frenme\u201d becerilerine ihtiya\u00e7 duyar\u0131z. Di\u011fer bir deyi\u015fle hayat\u0131n fark\u0131na varmak i\u00e7in kulland\u0131\u011f\u0131m\u0131z bu becerilerin ne kadar \u00f6nemli oldu\u011funu ve nas\u0131l geli\u015ftirilebilece\u011fini belki de hi\u00e7 d\u00fc\u015f\u00fcnmeyiz. Asl\u0131nda dikkat ve \u00f6\u011frenme sorunlar\u0131 psikiyatri ve psikolojinin en temel ve en sorunlu alanlar\u0131ndand\u0131r. Pek \u00e7ok psikiyatrik bozuklu\u011fun, ki\u015filik ve kimlik sorunlar\u0131n\u0131n, sosyal ili\u015fkilerde ya\u015fanan zorluklar\u0131n temelinde dikkat ve \u00f6\u011frenme sorunlar\u0131 yer al\u0131r. Bu sorunlar\u0131n do\u011fru tan\u0131mlanmas\u0131 ve bireysel farkl\u0131l\u0131klar g\u00f6z \u00f6n\u00fcne al\u0131narak \u00f6nerilerde bulunulmas\u0131 ya\u015fad\u0131\u011f\u0131m\u0131z sorunlar\u0131 ve eksiklikleri en aza indirecektir.\u00c7ocuk ve ergen psikiyatrisi \u00fczerine yapt\u0131\u011f\u0131 \u00f6nemli \u00e7al\u0131\u015fmalara bir yenisini daha ekleyen Dr. Koray Karabekiro\u011flu, bu kitapta dikkat ve \u00f6\u011frenmenin biyolojik ve psikolojik do\u011fas\u0131n\u0131 ortaya koyuyor; dikkat ve \u00f6\u011frenme i\u015flevlerinin geli\u015ftirilmesine yard\u0131mc\u0131 olac25,00ak pratik \u00f6neriler sunuyor.\u2022 Dikkat eksikli\u011fi hiperaktivite bozuklu\u011fu (DEHB) nedir?\u2022 Dikkat i\u015flevleri bebeklikten eri\u015fkinlik d\u00f6nemine nas\u0131l geli\u015fir?\u2022 \u00d6zg\u00fcl \u00f6\u011frenme bozukluklar\u0131 ne t\u00fcr sorunlara yol a\u00e7ar?\u2022 Okul\u00f6ncesi ya\u015flardaki \u00e7ocuklarda dikkat ve \u00f6\u011frenme sorunlar\u0131 nas\u0131l anla\u015f\u0131l\u0131r ve nas\u0131l tedavi edilir?\u2022 Ergenlik d\u00f6neminde DEHB tedavisinde nelere dikkat edilir?\u2022 \u00d6\u011frenme ve bellek nas\u0131l g\u00fc\u00e7lendirilebilir?\u2022 Ergenle ya\u015fanan \u00e7at\u0131\u015fmalar\u0131 \u00e7\u00f6z\u00fcmlemek i\u00e7in nelere dikkat etmek gerekir?\u2022 Dikkat sorunlar\u0131 eri\u015fkinlik d\u00f6neminde nas\u0131l bir g\u00f6r\u00fcnt\u00fc ile kar\u015f\u0131m\u0131za \u00e7\u0131kabilir? <\/p>\n","protected":false},"excerpt":{"rendered":"<p>Dikkat, hayat\u0131 fark etmektir.Sizin i\u00e7in, \u00e7ocu\u011funuz i\u00e7in, \u00f6\u011frencileriniz i\u00e7in\u2026\u00c7evremizi tan\u0131mak ve do\u011fru anlamak, insanlara kendimizi do\u011fru anlatmak i\u00e7in \u201cdikkat\u201d ve \u201c\u00f6\u011frenme\u201d becerilerine ihtiya\u00e7 duyar\u0131z. Di\u011fer bir<span class=\"excerpt-hellip\"> [\u2026]<\/span><\/p>\n","protected":false},"featured_media":0,"template":"","meta":{"_monsterinsights_skip_tracking":false,"_monsterinsights_sitenote_active":false,"_monsterinsights_sitenote_note":"","_monsterinsights_sitenote_category":0},"product_brand":[],"product_cat":[26509,13365],"product_tag":[],"class_list":{"0":"post-780412","1":"product","2":"type-product","3":"status-publish","5":"product_cat-cocuk-gelisimi","6":"product_cat-saglik","7":"pa_cilt-ciltsiz","8":"pa_tur-kitap","9":"pa_yayinevi-say-yayinlari","10":"pa_yazar-koray-karabekiroglu","12":"first","13":"instock","14":"sale","15":"shipping-taxable","16":"purchasable","17":"product-type-simple"},"_links":{"self":[{"href":"https:\/\/roveyayinevi.com.tr\/index.php\/wp-json\/wp\/v2\/product\/780412","targetHints":{"allow":["GET"]}}],"collection":[{"href":"https:\/\/roveyayinevi.com.tr\/index.php\/wp-json\/wp\/v2\/product"}],"about":[{"href":"https:\/\/roveyayinevi.com.tr\/index.php\/wp-json\/wp\/v2\/types\/product"}],"wp:attachment":[{"href":"https:\/\/roveyayinevi.com.tr\/index.php\/wp-json\/wp\/v2\/media?parent=780412"}],"wp:term":[{"taxonomy":"product_brand","embeddable":true,"href":"https:\/\/roveyayinevi.com.tr\/index.php\/wp-json\/wp\/v2\/product_brand?post=780412"},{"taxonomy":"product_cat","embeddable":true,"href":"https:\/\/roveyayinevi.com.tr\/index.php\/wp-json\/wp\/v2\/product_cat?post=780412"},{"taxonomy":"product_tag","embeddable":true,"href":"https:\/\/roveyayinevi.com.tr\/index.php\/wp-json\/wp\/v2\/product_tag?post=780412"}],"curies":[{"name":"wp","href":"https:\/\/api.w.org\/{rel}","templated":true}]}}