{"id":780411,"date":"2026-01-20T02:23:44","date_gmt":"2026-01-19T23:23:44","guid":{"rendered":"https:\/\/roveyayinevi.com.tr\/index.php\/urun\/agaclarin-ozel-hayati\/"},"modified":"2026-01-22T02:24:04","modified_gmt":"2026-01-21T23:24:04","slug":"agaclarin-ozel-hayati","status":"publish","type":"product","link":"https:\/\/roveyayinevi.com.tr\/index.php\/urun\/agaclarin-ozel-hayati\/","title":{"rendered":"A\u011fa\u00e7lar\u0131n \u00d6zel Hayat\u0131"},"content":{"rendered":"<p>\u015eilili yazar Alejandro Zambra, \u0130spanyolca yazan en iyi yazarlar aras\u0131nda g\u00f6steriliyor. \u0130kinci roman\u0131 A\u011fa\u00e7lar\u0131n \u00d6zel Hayat\u0131\u2019nda ge\u00e7mi\u015f ve ge\u00e7mi\u015fin belkileri ile gelecek ve gelece\u011fin getirebilecekleri \u00fczerine bir hik\u00e2yeler zincirini takip ediyoruz. A\u011fa\u00e7lar\u0131n \u00d6zel Hayat\u0131, Ver\u00f3nica\u2019n\u0131n resim kursundan d\u00f6nmeyi\u015fiyle ba\u015fl\u0131yor. \u00d6\u011fretmen ve pazar g\u00fcn\u00fc yazar\u0131 Juli\u00e1n\u2019\u0131n \u00f6nce k\u00fc\u00e7\u00fck Daniela\u2019y\u0131 uyutmak i\u00e7in anlatt\u0131\u011f\u0131 do\u011fa\u00e7lama hik\u00e2yeler olarak. Bekleyi\u015f uzad\u0131k\u00e7a Juli\u00e1n hik\u00e2yeleri istemsizce kendi hayatlar\u0131na d\u00f6nd\u00fcr\u00fcyor. An\u0131msay\u0131\u015flarla, \u00e7a\u011fr\u0131\u015f\u0131mlarla, g\u00f6zlemlerle ve bunlardan yarat\u0131lm\u0131\u015f bir gelecekle, Daniela\u2019n\u0131n gelece\u011fiyle dolu \u00f6zel hayatlar Ver\u00f3nica\u2019n\u0131n yoklu\u011fuyla \u015fekilleniyor, her s\u00f6zc\u00fc\u011f\u00fcnde onun d\u00f6n\u00fc\u015f\u00fcn\u00fc bekliyor. \u201cKitap o d\u00f6nene ya da Juli\u00e1n onun d\u00f6nmeyece\u011fine emin olana dek s\u00fcr\u00fcyor.\u201d <\/p>\n","protected":false},"excerpt":{"rendered":"<p>\u015eilili yazar Alejandro Zambra, \u0130spanyolca yazan en iyi yazarlar aras\u0131nda g\u00f6steriliyor. \u0130kinci roman\u0131 A\u011fa\u00e7lar\u0131n \u00d6zel Hayat\u0131\u2019nda ge\u00e7mi\u015f ve ge\u00e7mi\u015fin belkileri ile gelecek ve gelece\u011fin getirebilecekleri \u00fczerine<span class=\"excerpt-hellip\"> [\u2026]<\/span><\/p>\n","protected":false},"featured_media":0,"template":"","meta":{"_monsterinsights_skip_tracking":false,"_monsterinsights_sitenote_active":false,"_monsterinsights_sitenote_note":"","_monsterinsights_sitenote_category":0},"product_brand":[],"product_cat":[12291,12711],"product_tag":[],"class_list":{"0":"post-780411","1":"product","2":"type-product","3":"status-publish","5":"product_cat-edebiyat","6":"product_cat-roman-oyku","7":"pa_cilt-ciltsiz","8":"pa_tur-kitap","9":"pa_yayinevi-notos-kitap","10":"pa_yazar-alejandro-zambra","12":"first","13":"instock","14":"sale","15":"shipping-taxable","16":"purchasable","17":"product-type-simple"},"_links":{"self":[{"href":"https:\/\/roveyayinevi.com.tr\/index.php\/wp-json\/wp\/v2\/product\/780411","targetHints":{"allow":["GET"]}}],"collection":[{"href":"https:\/\/roveyayinevi.com.tr\/index.php\/wp-json\/wp\/v2\/product"}],"about":[{"href":"https:\/\/roveyayinevi.com.tr\/index.php\/wp-json\/wp\/v2\/types\/product"}],"wp:attachment":[{"href":"https:\/\/roveyayinevi.com.tr\/index.php\/wp-json\/wp\/v2\/media?parent=780411"}],"wp:term":[{"taxonomy":"product_brand","embeddable":true,"href":"https:\/\/roveyayinevi.com.tr\/index.php\/wp-json\/wp\/v2\/product_brand?post=780411"},{"taxonomy":"product_cat","embeddable":true,"href":"https:\/\/roveyayinevi.com.tr\/index.php\/wp-json\/wp\/v2\/product_cat?post=780411"},{"taxonomy":"product_tag","embeddable":true,"href":"https:\/\/roveyayinevi.com.tr\/index.php\/wp-json\/wp\/v2\/product_tag?post=780411"}],"curies":[{"name":"wp","href":"https:\/\/api.w.org\/{rel}","templated":true}]}}