{"id":780410,"date":"2026-01-20T02:22:53","date_gmt":"2026-01-19T23:22:53","guid":{"rendered":"https:\/\/roveyayinevi.com.tr\/index.php\/urun\/george-ve-kirilamayan-sifre\/"},"modified":"2026-04-16T02:13:01","modified_gmt":"2026-04-15T23:13:01","slug":"george-ve-kirilamayan-sifre","status":"publish","type":"product","link":"https:\/\/roveyayinevi.com.tr\/index.php\/urun\/george-ve-kirilamayan-sifre\/","title":{"rendered":"George ve K\u0131r\u0131lamayan \u015eifre"},"content":{"rendered":"<p>George ve K\u0131r\u0131lamayan \u015eifre George ve en yak\u0131n arkada\u015f\u0131 Annie, bir s\u00fcredir uzay maceras\u0131 ya\u015famad\u0131\u011f\u0131 i\u00e7in \u00e7ok mutsuz. Oysa daha fazla beklemelerine gerek yok&#8230; <\/p>\n","protected":false},"excerpt":{"rendered":"<p>George ve K\u0131r\u0131lamayan \u015eifre George ve en yak\u0131n arkada\u015f\u0131 Annie, bir s\u00fcredir uzay maceras\u0131 ya\u015famad\u0131\u011f\u0131 i\u00e7in \u00e7ok mutsuz. Oysa daha fazla beklemelerine gerek yok&#8230;<\/p>\n","protected":false},"featured_media":0,"template":"","meta":{"_monsterinsights_skip_tracking":false,"_monsterinsights_sitenote_active":false,"_monsterinsights_sitenote_note":"","_monsterinsights_sitenote_category":0},"product_brand":[],"product_cat":[12274,12284],"product_tag":[],"class_list":{"0":"post-780410","1":"product","2":"type-product","3":"status-publish","5":"product_cat-cocuk-ve-genclik-kitaplari","6":"product_cat-hikayeler","7":"pa_cilt-ciltsiz","8":"pa_tur-kitap","9":"pa_yayinevi-dogan-egmont-yayincilik","10":"pa_yazar-lucy-hawking","12":"first","13":"instock","14":"sale","15":"shipping-taxable","16":"purchasable","17":"product-type-simple"},"_links":{"self":[{"href":"https:\/\/roveyayinevi.com.tr\/index.php\/wp-json\/wp\/v2\/product\/780410","targetHints":{"allow":["GET"]}}],"collection":[{"href":"https:\/\/roveyayinevi.com.tr\/index.php\/wp-json\/wp\/v2\/product"}],"about":[{"href":"https:\/\/roveyayinevi.com.tr\/index.php\/wp-json\/wp\/v2\/types\/product"}],"wp:attachment":[{"href":"https:\/\/roveyayinevi.com.tr\/index.php\/wp-json\/wp\/v2\/media?parent=780410"}],"wp:term":[{"taxonomy":"product_brand","embeddable":true,"href":"https:\/\/roveyayinevi.com.tr\/index.php\/wp-json\/wp\/v2\/product_brand?post=780410"},{"taxonomy":"product_cat","embeddable":true,"href":"https:\/\/roveyayinevi.com.tr\/index.php\/wp-json\/wp\/v2\/product_cat?post=780410"},{"taxonomy":"product_tag","embeddable":true,"href":"https:\/\/roveyayinevi.com.tr\/index.php\/wp-json\/wp\/v2\/product_tag?post=780410"}],"curies":[{"name":"wp","href":"https:\/\/api.w.org\/{rel}","templated":true}]}}