{"id":780407,"date":"2026-01-20T02:21:32","date_gmt":"2026-01-19T23:21:32","guid":{"rendered":"https:\/\/roveyayinevi.com.tr\/index.php\/urun\/iletisim-becerileri\/"},"modified":"2026-04-08T02:15:13","modified_gmt":"2026-04-07T23:15:13","slug":"iletisim-becerileri","status":"publish","type":"product","link":"https:\/\/roveyayinevi.com.tr\/index.php\/urun\/iletisim-becerileri\/","title":{"rendered":"\u0130leti\u015fim Becerileri"},"content":{"rendered":"<p>Birbirini anlaman\u0131n yolu ileti\u015fimle olmaktad\u0131r. Bu kitapta g\u00fcnl\u00fck ya\u015fant\u0131m\u0131zda birlikte ya\u015fad\u0131\u011f\u0131m\u0131z ve kar\u015f\u0131la\u015ft\u0131\u011f\u0131m\u0131z insanlarla nas\u0131l do\u011fru ileti\u015fim kuraca\u011f\u0131m\u0131za dair \u00f6nemli ipu\u00e7lar\u0131 bulunmaktad\u0131r. Burada ele al\u0131nan konular\u0131n hemen hepsi ile ya\u015fant\u0131m\u0131z\u0131n bir a\u015famas\u0131nda kar\u015f\u0131la\u015f\u0131yoruz. Bir ba\u015fucu kitab\u0131 olan bu eser gerekti\u011finde a\u00e7\u0131p defalarca okuyabilece\u011fimiz kendi kendimize \u00e7al\u0131\u015fabilece\u011fimiz ve uygulamas\u0131n\u0131 yapabilece\u011fimiz niteliktedir. Elinizdeki kitapla sadece ileti\u015fim becerilerini \u00f6\u011frenmekle kalmay\u0131p, bu becerileri geli\u015ftirmek i\u00e7in al\u0131\u015ft\u0131rma yapma f\u0131rsat\u0131 da bulacaks\u0131n\u0131z. \u0130leti\u015fim becerilerini kullanmak sizi g\u00fc\u00e7l\u00fc ve ba\u015far\u0131l\u0131 k\u0131lacakt\u0131r. T\u00fcm okuyucular\u0131n bu kitapta kendilerini bulacaklar\u0131na inan\u0131yorum. Kendinizi de\u011ferlendirme ve ileti\u015fiminizi geli\u015ftirmek i\u00e7in yararlanabilece\u011fimiz bir kaynak. Bu kitab\u0131 bir kez okuman\u0131n yeterli olmayaca\u011f\u0131n\u0131 okuduktan sonra anlayacaks\u0131n\u0131z. Gereksinim duydu\u011funuzda tekrar tekrar ba\u015fvuraca\u011f\u0131n\u0131z bir kaynak olacak. Kitap i\u00e7inde \u00e7e\u015fitli hikayeler ve \u00e7e\u015fitli al\u0131\u015ft\u0131rmalar\u0131 bulacaks\u0131n\u0131z. Ad\u0131m ad\u0131m bu al\u0131\u015ft\u0131rmalar\u0131 yapt\u0131\u011f\u0131n\u0131zda kendi ileti\u015fim \u015feklinizi fark edecek ve gerekli d\u00fczeltmelerin neler oldu\u011funa karar vereceksiniz. Ya\u015fam\u0131m\u0131zdaki baz\u0131 sorunlara sadece iyi ileti\u015fim tekniklerini kullanmad\u0131\u011f\u0131n\u0131z i\u00e7in sahip oldu\u011fumuzu anlayacaks\u0131n\u0131z. \u0130yi ileti\u015fimin pek \u00e7ok sorunun temelinde yatt\u0131\u011f\u0131 bilincine varacaks\u0131n\u0131z. Bu kitaptaki \u00f6nerileri ya\u015fam\u0131n\u0131za aktard\u0131\u011f\u0131n\u0131zda kendinizi daha mutlu ve huzurlu hissedece\u011finize eminim. \ufffcTan\u0131t\u0131m Metni<\/p>\n","protected":false},"excerpt":{"rendered":"<p>Birbirini anlaman\u0131n yolu ileti\u015fimle olmaktad\u0131r. Bu kitapta g\u00fcnl\u00fck ya\u015fant\u0131m\u0131zda birlikte ya\u015fad\u0131\u011f\u0131m\u0131z ve kar\u015f\u0131la\u015ft\u0131\u011f\u0131m\u0131z insanlarla nas\u0131l do\u011fru ileti\u015fim kuraca\u011f\u0131m\u0131za dair \u00f6nemli ipu\u00e7lar\u0131 bulunmaktad\u0131r. Burada ele al\u0131nan konular\u0131n<span class=\"excerpt-hellip\"> [\u2026]<\/span><\/p>\n","protected":false},"featured_media":0,"template":"","meta":{"_monsterinsights_skip_tracking":false,"_monsterinsights_sitenote_active":false,"_monsterinsights_sitenote_note":"","_monsterinsights_sitenote_category":0},"product_brand":[],"product_cat":[12364,12376],"product_tag":[],"class_list":{"0":"post-780407","1":"product","2":"type-product","3":"status-publish","5":"product_cat-genel-konular","6":"product_cat-kisisel-gelisim","7":"pa_cilt-ciltsiz","8":"pa_tur-kitap","9":"pa_yayinevi-alter-yayincilik","10":"pa_yazar-martha-davis","12":"first","13":"instock","14":"sale","15":"shipping-taxable","16":"purchasable","17":"product-type-simple"},"_links":{"self":[{"href":"https:\/\/roveyayinevi.com.tr\/index.php\/wp-json\/wp\/v2\/product\/780407","targetHints":{"allow":["GET"]}}],"collection":[{"href":"https:\/\/roveyayinevi.com.tr\/index.php\/wp-json\/wp\/v2\/product"}],"about":[{"href":"https:\/\/roveyayinevi.com.tr\/index.php\/wp-json\/wp\/v2\/types\/product"}],"wp:attachment":[{"href":"https:\/\/roveyayinevi.com.tr\/index.php\/wp-json\/wp\/v2\/media?parent=780407"}],"wp:term":[{"taxonomy":"product_brand","embeddable":true,"href":"https:\/\/roveyayinevi.com.tr\/index.php\/wp-json\/wp\/v2\/product_brand?post=780407"},{"taxonomy":"product_cat","embeddable":true,"href":"https:\/\/roveyayinevi.com.tr\/index.php\/wp-json\/wp\/v2\/product_cat?post=780407"},{"taxonomy":"product_tag","embeddable":true,"href":"https:\/\/roveyayinevi.com.tr\/index.php\/wp-json\/wp\/v2\/product_tag?post=780407"}],"curies":[{"name":"wp","href":"https:\/\/api.w.org\/{rel}","templated":true}]}}