{"id":780406,"date":"2026-01-20T02:20:51","date_gmt":"2026-01-19T23:20:51","guid":{"rendered":"https:\/\/roveyayinevi.com.tr\/index.php\/urun\/atalarimizin-gok-tanri-dini\/"},"modified":"2026-04-16T02:11:47","modified_gmt":"2026-04-15T23:11:47","slug":"atalarimizin-gok-tanri-dini","status":"publish","type":"product","link":"https:\/\/roveyayinevi.com.tr\/index.php\/urun\/atalarimizin-gok-tanri-dini\/","title":{"rendered":"Atalar\u0131m\u0131z\u0131n G\u00f6k Tanr\u0131 Dini"},"content":{"rendered":"<p>Bir zamanlar Orta Asya&#8217;da ya\u015fananlar, atalar\u0131m\u0131z\u0131n bilinmeyen gizli tarihini olu\u015fturmu\u015f bir s\u00fcre\u00e7tir. Bug\u00fcn bile h\u00e2l\u00e2 gizemini koruyan o g\u00fcnlerde ya\u015fananlar, Eski T\u00fcrk Mitolojisi&#8217;ni olu\u015fturan baz\u0131 efsanelerle g\u00fcn\u00fcm\u00fcze kadar gelebilmi\u015ftir. Ergenekon&#8217;dan \u00c7\u0131k\u0131\u015f, Yarad\u0131l\u0131\u015f ve O\u011fuz Ka\u011fan gibi efsanelerde atalar\u0131m\u0131z\u0131n o d\u00f6nemde ya\u015fad\u0131klar\u0131 mitolojik bir dille anlat\u0131lm\u0131\u015f durumdad\u0131r. Ancak ne yaz\u0131k ki, bu efsaneler \u00fczerinde ezoterik temelli bir ara\u015ft\u0131rma bilimsel \u00e7evrelerce yap\u0131lmam\u0131\u015ft\u0131r. Bu efsaneler ayn\u0131 zamanda atalar\u0131m\u0131z\u0131n dinsel inan\u00e7lar\u0131 hakk\u0131nda da \u00f6nemli bilgilerle doludur. G\u00f6k Tanr\u0131 Dini&#8217;nin kozmik ba\u011flant\u0131lar\u0131 ve inisiyatik i\u00e7eri\u011fi bu mitolojilerin i\u00e7inde bulunmaktad\u0131r. S\u00f6z konusu efsanelerin i\u00e7indeki ezoterik semboller a\u00e7\u0131kl\u0131\u011fa kavu\u015fturuldu\u011funda, hem atalar\u0131m\u0131z\u0131n o d\u00f6nemler ya\u015fad\u0131klar\u0131, hem da atalar\u0131m\u0131z\u0131n dinsel inan\u00e7lar\u0131n\u0131n temelleri g\u00fcn \u0131\u015f\u0131\u011f\u0131na \u00e7\u0131kabilmektedir. Atalar\u0131m\u0131z\u0131 hi\u00e7bir zaman yaln\u0131z b\u0131rakmayan G\u00f6k-Kurt ve \u015eamanizm \u00f6ncesi G\u00f6k-Tanr\u0131 Dini&#8217;nin a\u011f\u0131rl\u0131kl\u0131 olarak ele al\u0131nd\u0131\u011f\u0131 bu kitapta, efsanelerle gelece\u011fe iletilen mesajlar\u0131 da ilgiyle okuyaca\u011f\u0131n\u0131z\u0131 d\u00fc\u015f\u00fcn\u00fcyoruz&#8230; G\u00f6k -Tanr\u0131 Dini&#8217;nden \u015eamanizm&#8217;e ve \u015eamanizm&#8217;den de Anadolu M\u00fcsl\u00fcmanl\u0131\u011f\u0131&#8217;na intikal eden bu b\u00fcy\u00fck k\u00fclt\u00fcr birikimi, Ergun Candan&#8217;\u0131n sade anlat\u0131m\u0131yla sizlerle bulu\u015fuyor.<\/p>\n","protected":false},"excerpt":{"rendered":"<p>Bir zamanlar Orta Asya&#8217;da ya\u015fananlar, atalar\u0131m\u0131z\u0131n bilinmeyen gizli tarihini olu\u015fturmu\u015f bir s\u00fcre\u00e7tir. Bug\u00fcn bile h\u00e2l\u00e2 gizemini koruyan o g\u00fcnlerde ya\u015fananlar, Eski T\u00fcrk Mitolojisi&#8217;ni olu\u015fturan baz\u0131 efsanelerle<span class=\"excerpt-hellip\"> [\u2026]<\/span><\/p>\n","protected":false},"featured_media":0,"template":"","meta":{"_monsterinsights_skip_tracking":false,"_monsterinsights_sitenote_active":false,"_monsterinsights_sitenote_note":"","_monsterinsights_sitenote_category":0},"product_brand":[],"product_cat":[16382,12718],"product_tag":[],"class_list":{"0":"post-780406","1":"product","2":"type-product","3":"status-publish","5":"product_cat-diger-inanclar","6":"product_cat-din","7":"pa_cilt-ciltsiz","8":"pa_tur-kitap","9":"pa_yayinevi-sinir-otesi-yayinlari","10":"pa_yazar-ergun-candan","12":"first","13":"instock","14":"sale","15":"shipping-taxable","16":"purchasable","17":"product-type-simple"},"_links":{"self":[{"href":"https:\/\/roveyayinevi.com.tr\/index.php\/wp-json\/wp\/v2\/product\/780406","targetHints":{"allow":["GET"]}}],"collection":[{"href":"https:\/\/roveyayinevi.com.tr\/index.php\/wp-json\/wp\/v2\/product"}],"about":[{"href":"https:\/\/roveyayinevi.com.tr\/index.php\/wp-json\/wp\/v2\/types\/product"}],"wp:attachment":[{"href":"https:\/\/roveyayinevi.com.tr\/index.php\/wp-json\/wp\/v2\/media?parent=780406"}],"wp:term":[{"taxonomy":"product_brand","embeddable":true,"href":"https:\/\/roveyayinevi.com.tr\/index.php\/wp-json\/wp\/v2\/product_brand?post=780406"},{"taxonomy":"product_cat","embeddable":true,"href":"https:\/\/roveyayinevi.com.tr\/index.php\/wp-json\/wp\/v2\/product_cat?post=780406"},{"taxonomy":"product_tag","embeddable":true,"href":"https:\/\/roveyayinevi.com.tr\/index.php\/wp-json\/wp\/v2\/product_tag?post=780406"}],"curies":[{"name":"wp","href":"https:\/\/api.w.org\/{rel}","templated":true}]}}