{"id":780405,"date":"2026-01-20T02:20:47","date_gmt":"2026-01-19T23:20:47","guid":{"rendered":"https:\/\/roveyayinevi.com.tr\/index.php\/urun\/ilkogretim-atasozleri-ve-deyimler-sozlugu\/"},"modified":"2026-04-16T02:11:44","modified_gmt":"2026-04-15T23:11:44","slug":"ilkogretim-atasozleri-ve-deyimler-sozlugu","status":"publish","type":"product","link":"https:\/\/roveyayinevi.com.tr\/index.php\/urun\/ilkogretim-atasozleri-ve-deyimler-sozlugu\/","title":{"rendered":"\u0130lk\u00f6\u011fretim Atas\u00f6zleri ve Deyimler S\u00f6zl\u00fc\u011f\u00fc"},"content":{"rendered":"<p>\u0130lk\u00f6\u011fretim \u00f6\u011frencileri i\u00e7in haz\u0131rlanan bu kitapta daha \u00e7ok g\u00fcnl\u00fck hayat\u0131m\u0131zda en \u00e7ok kullan\u0131lan atas\u00f6zleri ve deyimlere yer verilmi\u015f ve a\u00e7\u0131klamalar\u0131 yap\u0131lm\u0131\u015ft\u0131r. Deyimlerin daha kolay ana\u015f\u0131labilmesi i\u00e7in a\u00e7\u0131klamalar yap\u0131ld\u0131ktan sonra her deyim i\u00e7in birer \u00f6rnek t\u00fcmce verilmi\u015ftir. \u0130lk\u00f6\u011fretim \u00f6\u011frencilerinin yararlanabilece\u011fi son derece g\u00fczel bir kaynakt\u0131r. \ufffcTan\u0131t\u0131m Metni<\/p>\n","protected":false},"excerpt":{"rendered":"<p>\u0130lk\u00f6\u011fretim \u00f6\u011frencileri i\u00e7in haz\u0131rlanan bu kitapta daha \u00e7ok g\u00fcnl\u00fck hayat\u0131m\u0131zda en \u00e7ok kullan\u0131lan atas\u00f6zleri ve deyimlere yer verilmi\u015f ve a\u00e7\u0131klamalar\u0131 yap\u0131lm\u0131\u015ft\u0131r. Deyimlerin daha kolay ana\u015f\u0131labilmesi i\u00e7in<span class=\"excerpt-hellip\"> [\u2026]<\/span><\/p>\n","protected":false},"featured_media":0,"template":"","meta":{"_monsterinsights_skip_tracking":false,"_monsterinsights_sitenote_active":false,"_monsterinsights_sitenote_note":"","_monsterinsights_sitenote_category":0},"product_brand":[],"product_cat":[19532,12566,13611],"product_tag":[],"class_list":{"0":"post-780405","1":"product","2":"type-product","3":"status-publish","5":"product_cat-atasozleri-deyimler-ve-terimleri-sozlugu","6":"product_cat-egitim","7":"product_cat-sozlukler-ve-konusma-kilavuzlari","8":"pa_cilt-ciltsiz","9":"pa_tur-kitap","10":"pa_yayinevi-engin-yayinevi","11":"pa_yazar-mehmet-hengirmen","13":"first","14":"instock","15":"sale","16":"shipping-taxable","17":"purchasable","18":"product-type-simple"},"_links":{"self":[{"href":"https:\/\/roveyayinevi.com.tr\/index.php\/wp-json\/wp\/v2\/product\/780405","targetHints":{"allow":["GET"]}}],"collection":[{"href":"https:\/\/roveyayinevi.com.tr\/index.php\/wp-json\/wp\/v2\/product"}],"about":[{"href":"https:\/\/roveyayinevi.com.tr\/index.php\/wp-json\/wp\/v2\/types\/product"}],"wp:attachment":[{"href":"https:\/\/roveyayinevi.com.tr\/index.php\/wp-json\/wp\/v2\/media?parent=780405"}],"wp:term":[{"taxonomy":"product_brand","embeddable":true,"href":"https:\/\/roveyayinevi.com.tr\/index.php\/wp-json\/wp\/v2\/product_brand?post=780405"},{"taxonomy":"product_cat","embeddable":true,"href":"https:\/\/roveyayinevi.com.tr\/index.php\/wp-json\/wp\/v2\/product_cat?post=780405"},{"taxonomy":"product_tag","embeddable":true,"href":"https:\/\/roveyayinevi.com.tr\/index.php\/wp-json\/wp\/v2\/product_tag?post=780405"}],"curies":[{"name":"wp","href":"https:\/\/api.w.org\/{rel}","templated":true}]}}