{"id":780403,"date":"2026-01-20T02:19:53","date_gmt":"2026-01-19T23:19:53","guid":{"rendered":"https:\/\/roveyayinevi.com.tr\/index.php\/urun\/aile-cay-bahcesi\/"},"modified":"2026-04-16T02:11:19","modified_gmt":"2026-04-15T23:11:19","slug":"aile-cay-bahcesi","status":"publish","type":"product","link":"https:\/\/roveyayinevi.com.tr\/index.php\/urun\/aile-cay-bahcesi\/","title":{"rendered":"Aile \u00c7ay Bah\u00e7esi"},"content":{"rendered":"<p>M\u00fczeyyen. Annesinin kuzusu. Babaannesinin birici\u011fi. Babas\u0131n\u0131n&#8230; Sa-hi ben babam\u0131n neyiydim? B\u00fct\u00fcn bu hik\u00e2yenin i\u00e7inde benim rol\u00fcm neydi, diye d\u00fc\u015f\u00fcnd\u00fcm hep. Benim repliklerimi kim yazm\u0131\u015ft\u0131, mizansenlerimi kim belirlemi\u015fti? Sahneye hangi taraftan girece\u011fime, uslu k\u0131z\u0131 oynarken neler giyece\u011fime, i\u00e7imdeki k\u00f6t\u00fcl\u00fc\u011f\u00fc kusmaya ba\u015flad\u0131\u011f\u0131mda nelerden soyunaca\u011f\u0131ma kim karar vermi\u015fti? Okudu\u011fum b\u00fct\u00fcn kitaplarda beni bana anlatacak bir karakter arard\u0131m. Dinledi\u011fim radyo oyunlar\u0131ndan, izledi\u011fim filmlerden bir c\u00fcmlecik \u00e7almaya \u00e7al\u0131\u015f\u0131rd\u0131m. Saat\u00e7i Nejat Bey ile ev han\u0131m\u0131 Meral Han\u0131m&#8217;\u0131n k\u0131z\u0131 M\u00fczeyyen&#8217;i bana anlatabilecek bir c\u00fcmle.Yekta Kopan&#8217;\u0131n yeni roman\u0131 Aile \u00c7ay Bah\u00e7esi&#8217;nin, \u00e7o\u011fu kad\u0131n\u0131n kendinden izler bulaca\u011f\u0131 unutulmaz bir kahraman\u0131 var: M\u00fczeyyen&#8230; Aile ya\u015fam\u0131n\u0131n gizli \u015fiddetine ba\u015fkald\u0131ran, karde\u015finin do\u011fumuyla kendi varl\u0131\u011f\u0131n\u0131n silinmeye ba\u015flad\u0131\u011f\u0131n\u0131 hisseden bir kad\u0131n&#8230; Kopan&#8217;\u0131n roman\u0131, g\u00fc\u00e7l\u00fc, okuru k\u0131skaca alan bir anlat\u0131mla sars\u0131c\u0131 bir finale uzan\u0131yor.<\/p>\n","protected":false},"excerpt":{"rendered":"<p>M\u00fczeyyen. Annesinin kuzusu. Babaannesinin birici\u011fi. Babas\u0131n\u0131n&#8230; Sa-hi ben babam\u0131n neyiydim? B\u00fct\u00fcn bu hik\u00e2yenin i\u00e7inde benim rol\u00fcm neydi, diye d\u00fc\u015f\u00fcnd\u00fcm hep. Benim repliklerimi kim yazm\u0131\u015ft\u0131, mizansenlerimi kim<span class=\"excerpt-hellip\"> [\u2026]<\/span><\/p>\n","protected":false},"featured_media":0,"template":"","meta":{"_monsterinsights_skip_tracking":false,"_monsterinsights_sitenote_active":false,"_monsterinsights_sitenote_note":"","_monsterinsights_sitenote_category":0},"product_brand":[],"product_cat":[12291,12292],"product_tag":[],"class_list":{"0":"post-780403","1":"product","2":"type-product","3":"status-publish","5":"product_cat-edebiyat","6":"product_cat-turk-edebiyati","7":"pa_cilt-ciltsiz","8":"pa_tur-kitap","9":"pa_yayinevi-can-yayinlari","10":"pa_yazar-yekta-kopan","12":"first","13":"instock","14":"sale","15":"shipping-taxable","16":"purchasable","17":"product-type-simple"},"_links":{"self":[{"href":"https:\/\/roveyayinevi.com.tr\/index.php\/wp-json\/wp\/v2\/product\/780403","targetHints":{"allow":["GET"]}}],"collection":[{"href":"https:\/\/roveyayinevi.com.tr\/index.php\/wp-json\/wp\/v2\/product"}],"about":[{"href":"https:\/\/roveyayinevi.com.tr\/index.php\/wp-json\/wp\/v2\/types\/product"}],"wp:attachment":[{"href":"https:\/\/roveyayinevi.com.tr\/index.php\/wp-json\/wp\/v2\/media?parent=780403"}],"wp:term":[{"taxonomy":"product_brand","embeddable":true,"href":"https:\/\/roveyayinevi.com.tr\/index.php\/wp-json\/wp\/v2\/product_brand?post=780403"},{"taxonomy":"product_cat","embeddable":true,"href":"https:\/\/roveyayinevi.com.tr\/index.php\/wp-json\/wp\/v2\/product_cat?post=780403"},{"taxonomy":"product_tag","embeddable":true,"href":"https:\/\/roveyayinevi.com.tr\/index.php\/wp-json\/wp\/v2\/product_tag?post=780403"}],"curies":[{"name":"wp","href":"https:\/\/api.w.org\/{rel}","templated":true}]}}