{"id":780400,"date":"2026-01-20T02:18:46","date_gmt":"2026-01-19T23:18:46","guid":{"rendered":"https:\/\/roveyayinevi.com.tr\/index.php\/urun\/bir-adam-yaratmak-3-necip-fazil-butun-eserleri\/"},"modified":"2026-03-08T02:14:13","modified_gmt":"2026-03-07T23:14:13","slug":"bir-adam-yaratmak-3-necip-fazil-butun-eserleri","status":"publish","type":"product","link":"https:\/\/roveyayinevi.com.tr\/index.php\/urun\/bir-adam-yaratmak-3-necip-fazil-butun-eserleri\/","title":{"rendered":"Bir Adam Yaratmak : 3 &#8211; Necip Faz\u0131l B\u00fct\u00fcn Eserleri"},"content":{"rendered":"<p>Ge\u00e7irdi\u011fi b\u00fcy\u00fck ruh \u00e7ilesinin sahne destan\u0131\u2026 \u0130stanbul \u015eehir Tiyatrosunun 1937-38 sezonunda Muhsin Ertu\u011frul taraf\u0131ndan sahnelenip temsil edilen eser, ilk temsil gecesinden itibaren \u00e7ok b\u00fcy\u00fck yank\u0131 uyand\u0131rm\u0131\u015f ve 1977 y\u0131l\u0131nda sinemaya da aktar\u0131lm\u0131\u015ft\u0131r.(Eserin tamamland\u0131\u011f\u0131 tarih: 8 Temmuz 1937, Per\u015fembe, gece yar\u0131s\u0131&#8230;)<\/p>\n","protected":false},"excerpt":{"rendered":"<p>Ge\u00e7irdi\u011fi b\u00fcy\u00fck ruh \u00e7ilesinin sahne destan\u0131\u2026 \u0130stanbul \u015eehir Tiyatrosunun 1937-38 sezonunda Muhsin Ertu\u011frul taraf\u0131ndan sahnelenip temsil edilen eser, ilk temsil gecesinden itibaren \u00e7ok b\u00fcy\u00fck yank\u0131 uyand\u0131rm\u0131\u015f<span class=\"excerpt-hellip\"> [\u2026]<\/span><\/p>\n","protected":false},"featured_media":0,"template":"","meta":{"_monsterinsights_skip_tracking":false,"_monsterinsights_sitenote_active":false,"_monsterinsights_sitenote_note":"","_monsterinsights_sitenote_category":0},"product_brand":[],"product_cat":[12291,12332],"product_tag":[],"class_list":{"0":"post-780400","1":"product","2":"type-product","3":"status-publish","5":"product_cat-edebiyat","6":"product_cat-senaryo","7":"pa_cilt-ciltsiz","8":"pa_tur-kitap","9":"pa_yayinevi-buyuk-dogu-yayinlari","10":"pa_yazar-necip-fazil-kisakurek","12":"first","13":"instock","14":"sale","15":"shipping-taxable","16":"purchasable","17":"product-type-simple"},"_links":{"self":[{"href":"https:\/\/roveyayinevi.com.tr\/index.php\/wp-json\/wp\/v2\/product\/780400","targetHints":{"allow":["GET"]}}],"collection":[{"href":"https:\/\/roveyayinevi.com.tr\/index.php\/wp-json\/wp\/v2\/product"}],"about":[{"href":"https:\/\/roveyayinevi.com.tr\/index.php\/wp-json\/wp\/v2\/types\/product"}],"wp:attachment":[{"href":"https:\/\/roveyayinevi.com.tr\/index.php\/wp-json\/wp\/v2\/media?parent=780400"}],"wp:term":[{"taxonomy":"product_brand","embeddable":true,"href":"https:\/\/roveyayinevi.com.tr\/index.php\/wp-json\/wp\/v2\/product_brand?post=780400"},{"taxonomy":"product_cat","embeddable":true,"href":"https:\/\/roveyayinevi.com.tr\/index.php\/wp-json\/wp\/v2\/product_cat?post=780400"},{"taxonomy":"product_tag","embeddable":true,"href":"https:\/\/roveyayinevi.com.tr\/index.php\/wp-json\/wp\/v2\/product_tag?post=780400"}],"curies":[{"name":"wp","href":"https:\/\/api.w.org\/{rel}","templated":true}]}}