{"id":780399,"date":"2026-01-20T02:18:42","date_gmt":"2026-01-19T23:18:42","guid":{"rendered":"https:\/\/roveyayinevi.com.tr\/index.php\/urun\/kirmizi-defter\/"},"modified":"2026-04-16T02:10:10","modified_gmt":"2026-04-15T23:10:10","slug":"kirmizi-defter","status":"publish","type":"product","link":"https:\/\/roveyayinevi.com.tr\/index.php\/urun\/kirmizi-defter\/","title":{"rendered":"K\u0131rm\u0131z\u0131 Defter"},"content":{"rendered":"<p>K\u0131rm\u0131z\u0131 Defter\u2019deki \u00f6yk\u00fcler, Paul Auster\u2019\u0131n \u00f6zel d\u00fcnyas\u0131na girmek isteyenler i\u00e7in bi\u00e7ilmi\u015f kaftan. New York \u00dc\u00e7lemesi, Ay Saray\u0131, \u015eans M\u00fczi\u011fi, Timbuktu, Brooklyn \u00c7\u0131lg\u0131nl\u0131klar\u0131, Yaz\u0131 Odas\u0131nda Yolculuklar, Y\u00fckseklik Korkusu gibi yap\u0131tlar\u0131nda ola\u011fan\u00fcst\u00fc d\u00fc\u015f g\u00fcc\u00fcn\u00fc ortaya koyan Auster, bu kitab\u0131ndaki \u00f6yk\u00fclerde, ya ger\u00e7ekten ya\u015fad\u0131\u011f\u0131 ve tan\u0131k oldu\u011fu ya da yak\u0131nlar\u0131ndan, dostlar\u0131ndan dinledi\u011fi ger\u00e7ek olaylar\u0131 anlat\u0131yor. Ama bu trajik ya da komik olaylar\u0131 \u00f6yk\u00fclerken bir bak\u0131ma \u00f6teki yap\u0131tlar\u0131n\u0131n ipu\u00e7lar\u0131n\u0131 sunuyor okurlar\u0131na. K\u0131rm\u0131z\u0131 Defter\u2019in anlat\u0131 sanat\u0131ndan sapmadan sunulmu\u015f bir yaz\u0131nsal manifesto oldu\u011fu da s\u00f6ylenebilir. Kitaptaki d\u00f6rt anlat\u0131n\u0131n ortak yan\u0131, rastlant\u0131lar\u0131n insan ya\u015fam\u0131ndaki \u00f6nemini vurgulamalar\u0131. Auster her \u015feyin ve herkesin gizemli bir bi\u00e7imde birbiriyle ba\u011flant\u0131l\u0131 oldu\u011funu sezdiriyor. Herkesin ba\u015f\u0131na gelebilecek tuhaf, ayr\u0131ks\u0131 olaylar\u0131n, insan denen varl\u0131\u011f\u0131n \u00f6nceden bilinemeyen, de\u011fi\u015fken do\u011fas\u0131n\u0131 nas\u0131l ortaya \u00e7\u0131kar\u0131verdi\u011fini anlat\u0131yor.<\/p>\n","protected":false},"excerpt":{"rendered":"<p>K\u0131rm\u0131z\u0131 Defter\u2019deki \u00f6yk\u00fcler, Paul Auster\u2019\u0131n \u00f6zel d\u00fcnyas\u0131na girmek isteyenler i\u00e7in bi\u00e7ilmi\u015f kaftan. New York \u00dc\u00e7lemesi, Ay Saray\u0131, \u015eans M\u00fczi\u011fi, Timbuktu, Brooklyn \u00c7\u0131lg\u0131nl\u0131klar\u0131, Yaz\u0131 Odas\u0131nda Yolculuklar, Y\u00fckseklik<span class=\"excerpt-hellip\"> [\u2026]<\/span><\/p>\n","protected":false},"featured_media":0,"template":"","meta":{"_monsterinsights_skip_tracking":false,"_monsterinsights_sitenote_active":false,"_monsterinsights_sitenote_note":"","_monsterinsights_sitenote_category":0},"product_brand":[],"product_cat":[12891,12291],"product_tag":[],"class_list":{"0":"post-780399","1":"product","2":"type-product","3":"status-publish","5":"product_cat-amerikan-edebiyati","6":"product_cat-edebiyat","7":"pa_cilt-ciltsiz","8":"pa_tur-kitap","9":"pa_yayinevi-can-yayinlari","10":"pa_yazar-paul-auster","12":"first","13":"instock","14":"sale","15":"shipping-taxable","16":"purchasable","17":"product-type-simple"},"_links":{"self":[{"href":"https:\/\/roveyayinevi.com.tr\/index.php\/wp-json\/wp\/v2\/product\/780399","targetHints":{"allow":["GET"]}}],"collection":[{"href":"https:\/\/roveyayinevi.com.tr\/index.php\/wp-json\/wp\/v2\/product"}],"about":[{"href":"https:\/\/roveyayinevi.com.tr\/index.php\/wp-json\/wp\/v2\/types\/product"}],"wp:attachment":[{"href":"https:\/\/roveyayinevi.com.tr\/index.php\/wp-json\/wp\/v2\/media?parent=780399"}],"wp:term":[{"taxonomy":"product_brand","embeddable":true,"href":"https:\/\/roveyayinevi.com.tr\/index.php\/wp-json\/wp\/v2\/product_brand?post=780399"},{"taxonomy":"product_cat","embeddable":true,"href":"https:\/\/roveyayinevi.com.tr\/index.php\/wp-json\/wp\/v2\/product_cat?post=780399"},{"taxonomy":"product_tag","embeddable":true,"href":"https:\/\/roveyayinevi.com.tr\/index.php\/wp-json\/wp\/v2\/product_tag?post=780399"}],"curies":[{"name":"wp","href":"https:\/\/api.w.org\/{rel}","templated":true}]}}