{"id":780398,"date":"2026-01-20T02:18:37","date_gmt":"2026-01-19T23:18:37","guid":{"rendered":"https:\/\/roveyayinevi.com.tr\/index.php\/urun\/buddenbrooklar\/"},"modified":"2026-04-16T02:10:08","modified_gmt":"2026-04-15T23:10:08","slug":"buddenbrooklar","status":"publish","type":"product","link":"https:\/\/roveyayinevi.com.tr\/index.php\/urun\/buddenbrooklar\/","title":{"rendered":"Buddenbrooklar"},"content":{"rendered":"<p>Thomas Mann\u2019\u0131n ilk roman\u0131 Buddenbrooklar, Kuzey Almanya\u2019da tah\u0131l ticaretiyle u\u011fra\u015fan burjuva bir ailenin birka\u00e7 nesil boyunca ya\u015fad\u0131klar\u0131na odaklan\u0131r. Do\u011fumlar, evlenmeler, bo\u015fanmalar, hastal\u0131klar, \u00f6l\u00fcmler, ba\u015far\u0131lar ve ba\u015far\u0131s\u0131zl\u0131klarla Buddenbrooklar, de\u011fi\u015fen topluma ve bu yeni toplumun ya\u015fam ko\u015fullar\u0131na ayak uyduramayan geleneksel bir aile tablosu \u00e7izer. Roman, bu ailenin ka\u00e7\u0131n\u0131lmaz \u00e7\u00f6k\u00fc\u015fe do\u011fru h\u0131zla yol al\u0131\u015f\u0131n\u0131 \u00f6yk\u00fcler.Bir d\u00f6nemin burjuvazisinin kaybolan de\u011ferlerine a\u011f\u0131t niteli\u011fi ta\u015f\u0131yan Buddenbrooklar\u2019\u0131 Thomas Mann 1900 y\u0131l\u0131nda, 25 ya\u015f\u0131nda kaleme ald\u0131. 1929\u2019da Nobel Edebiyat \u00d6d\u00fcl\u00fc\u2019ne de\u011fer g\u00f6r\u00fclen Mann\u2019\u0131n bu dev eseri, modern edebiyat\u0131n klasikleri aras\u0131ndad\u0131r.<\/p>\n","protected":false},"excerpt":{"rendered":"<p>Thomas Mann\u2019\u0131n ilk roman\u0131 Buddenbrooklar, Kuzey Almanya\u2019da tah\u0131l ticaretiyle u\u011fra\u015fan burjuva bir ailenin birka\u00e7 nesil boyunca ya\u015fad\u0131klar\u0131na odaklan\u0131r. Do\u011fumlar, evlenmeler, bo\u015fanmalar, hastal\u0131klar, \u00f6l\u00fcmler, ba\u015far\u0131lar ve ba\u015far\u0131s\u0131zl\u0131klarla<span class=\"excerpt-hellip\"> [\u2026]<\/span><\/p>\n","protected":false},"featured_media":0,"template":"","meta":{"_monsterinsights_skip_tracking":false,"_monsterinsights_sitenote_active":false,"_monsterinsights_sitenote_note":"","_monsterinsights_sitenote_category":0},"product_brand":[],"product_cat":[12782,12291],"product_tag":[],"class_list":{"0":"post-780398","1":"product","2":"type-product","3":"status-publish","5":"product_cat-alman-edebiyati","6":"product_cat-edebiyat","7":"pa_cilt-ciltsiz","8":"pa_tur-kitap","9":"pa_yayinevi-can-yayinlari","10":"pa_yazar-thomas-mann","12":"first","13":"instock","14":"sale","15":"shipping-taxable","16":"purchasable","17":"product-type-simple"},"_links":{"self":[{"href":"https:\/\/roveyayinevi.com.tr\/index.php\/wp-json\/wp\/v2\/product\/780398","targetHints":{"allow":["GET"]}}],"collection":[{"href":"https:\/\/roveyayinevi.com.tr\/index.php\/wp-json\/wp\/v2\/product"}],"about":[{"href":"https:\/\/roveyayinevi.com.tr\/index.php\/wp-json\/wp\/v2\/types\/product"}],"wp:attachment":[{"href":"https:\/\/roveyayinevi.com.tr\/index.php\/wp-json\/wp\/v2\/media?parent=780398"}],"wp:term":[{"taxonomy":"product_brand","embeddable":true,"href":"https:\/\/roveyayinevi.com.tr\/index.php\/wp-json\/wp\/v2\/product_brand?post=780398"},{"taxonomy":"product_cat","embeddable":true,"href":"https:\/\/roveyayinevi.com.tr\/index.php\/wp-json\/wp\/v2\/product_cat?post=780398"},{"taxonomy":"product_tag","embeddable":true,"href":"https:\/\/roveyayinevi.com.tr\/index.php\/wp-json\/wp\/v2\/product_tag?post=780398"}],"curies":[{"name":"wp","href":"https:\/\/api.w.org\/{rel}","templated":true}]}}