{"id":780395,"date":"2026-01-20T02:17:34","date_gmt":"2026-01-19T23:17:34","guid":{"rendered":"https:\/\/roveyayinevi.com.tr\/index.php\/urun\/the-secret-gunluk-ogretiler-ciltli\/"},"modified":"2026-03-28T02:10:30","modified_gmt":"2026-03-27T23:10:30","slug":"the-secret-gunluk-ogretiler-ciltli","status":"publish","type":"product","link":"https:\/\/roveyayinevi.com.tr\/index.php\/urun\/the-secret-gunluk-ogretiler-ciltli\/","title":{"rendered":"The Secret &#8211; G\u00fcnl\u00fck \u00d6\u011fretiler (Ciltli)"},"content":{"rendered":"<p>The Secret hayat\u0131n\u0131z\u0131 Evren\u2019in do\u011fal yasalar\u0131na uygun olarak nas\u0131l ya\u015fayaca\u011f\u0131n\u0131za ili\u015fkin a\u00e7\u0131k ilkeleri i\u00e7erir. Ancak her birey i\u00e7in \u00f6nemli olan, ONU YA\u015eAMAKTIR.\u015eimdi; The Secret G\u00fcnl\u00fck \u00d6\u011fretiler kitab\u0131nda Rhonda Byrne, sizi bir y\u0131ll\u0131k \u00f6\u011fretilerle bir yolculu\u011fa \u00e7\u0131kar\u0131yor. B\u00fct\u00fcn insanl\u0131\u011f\u0131 y\u00f6neten yasalarla uyum i\u00e7erisinde ya\u015famak i\u00e7in gereken bilgelik ve i\u00e7g\u00f6r\u00fcy\u00fc sizlerle payla\u015f\u0131yor. Bu \u00f6\u011fretilerin \u0131\u015f\u0131\u011f\u0131nda siz de hayat\u0131n\u0131z\u0131n efendisi olabileceksiniz.The Secret\u2019\u0131n g\u00fc\u00e7l\u00fc ger\u00e7eklerine dayanan \u00e7ekim yasas\u0131 bilgileriniz, hayal bile edemeyece\u011finiz kadar geli\u015fecek. Daha \u00e7ok sevin\u00e7, daha \u00e7ok bolluk, daha \u00e7ok m\u00fckemmellik &#8211; hem de y\u0131l\u0131n her g\u00fcn\u00fc.<\/p>\n","protected":false},"excerpt":{"rendered":"<p>The Secret hayat\u0131n\u0131z\u0131 Evren\u2019in do\u011fal yasalar\u0131na uygun olarak nas\u0131l ya\u015fayaca\u011f\u0131n\u0131za ili\u015fkin a\u00e7\u0131k ilkeleri i\u00e7erir. Ancak her birey i\u00e7in \u00f6nemli olan, ONU YA\u015eAMAKTIR.\u015eimdi; The Secret G\u00fcnl\u00fck \u00d6\u011fretiler<span class=\"excerpt-hellip\"> [\u2026]<\/span><\/p>\n","protected":false},"featured_media":0,"template":"","meta":{"_monsterinsights_skip_tracking":false,"_monsterinsights_sitenote_active":false,"_monsterinsights_sitenote_note":"","_monsterinsights_sitenote_category":0},"product_brand":[],"product_cat":[12364,12376],"product_tag":[],"class_list":{"0":"post-780395","1":"product","2":"type-product","3":"status-publish","5":"product_cat-genel-konular","6":"product_cat-kisisel-gelisim","7":"pa_cilt-ciltli","8":"pa_tur-kitap","9":"pa_yayinevi-artemis-yayinlari","10":"pa_yazar-rhonda-byrne","12":"first","13":"instock","14":"sale","15":"shipping-taxable","16":"purchasable","17":"product-type-simple"},"_links":{"self":[{"href":"https:\/\/roveyayinevi.com.tr\/index.php\/wp-json\/wp\/v2\/product\/780395","targetHints":{"allow":["GET"]}}],"collection":[{"href":"https:\/\/roveyayinevi.com.tr\/index.php\/wp-json\/wp\/v2\/product"}],"about":[{"href":"https:\/\/roveyayinevi.com.tr\/index.php\/wp-json\/wp\/v2\/types\/product"}],"wp:attachment":[{"href":"https:\/\/roveyayinevi.com.tr\/index.php\/wp-json\/wp\/v2\/media?parent=780395"}],"wp:term":[{"taxonomy":"product_brand","embeddable":true,"href":"https:\/\/roveyayinevi.com.tr\/index.php\/wp-json\/wp\/v2\/product_brand?post=780395"},{"taxonomy":"product_cat","embeddable":true,"href":"https:\/\/roveyayinevi.com.tr\/index.php\/wp-json\/wp\/v2\/product_cat?post=780395"},{"taxonomy":"product_tag","embeddable":true,"href":"https:\/\/roveyayinevi.com.tr\/index.php\/wp-json\/wp\/v2\/product_tag?post=780395"}],"curies":[{"name":"wp","href":"https:\/\/api.w.org\/{rel}","templated":true}]}}