{"id":780394,"date":"2026-01-20T02:16:53","date_gmt":"2026-01-19T23:16:53","guid":{"rendered":"https:\/\/roveyayinevi.com.tr\/index.php\/urun\/istanbul-kirmizisi\/"},"modified":"2026-04-16T02:09:33","modified_gmt":"2026-04-15T23:09:33","slug":"istanbul-kirmizisi","status":"publish","type":"product","link":"https:\/\/roveyayinevi.com.tr\/index.php\/urun\/istanbul-kirmizisi\/","title":{"rendered":"\u0130stanbul K\u0131rm\u0131z\u0131s\u0131"},"content":{"rendered":"<p>\u0130nsan iki \u015feyi ayn\u0131 anda sevebilir mi? \u0130ki insan\u0131, iki \u015fehri, iki \u00fclkeyi? Ferzan \u00d6zpetek, do\u011fup b\u00fcy\u00fcd\u00fc\u011f\u00fc \u015fehir olan \u0130stanbul\u2019u y\u0131llard\u0131r uzaktan g\u00f6zlemliyor. Bu sevginin ve h\u00fczn\u00fcn roman\u0131 olan \u0130stanbul K\u0131rm\u0131z\u0131s\u0131, sanat\u00e7\u0131n\u0131n sinema e\u011fitimi i\u00e7in \u0130talya\u2019ya gidi\u015fine kadarki \u0130stanbul ya\u015fant\u0131s\u0131ndan izler ta\u015f\u0131yor. Mesafelerle \u00f6l\u00e7\u00fclebilen uzakl\u0131\u011f\u0131n ki\u015fiyi bir \u015fehre ait olmaktan al\u0131koyamayaca\u011f\u0131n\u0131, \u00f6nemli olan\u0131n \u015fehirde ya\u015famak de\u011fil, \u015fehri ya\u015fatmak oldu\u011funu g\u00f6steriyor. Filmleriyle t\u00fcm d\u00fcnyada ad\u0131ndan s\u00f6z ettiren Ferzan \u00d6zpetek, romanc\u0131l\u0131kta da bir o kadar iddial\u0131.<\/p>\n","protected":false},"excerpt":{"rendered":"<p>\u0130nsan iki \u015feyi ayn\u0131 anda sevebilir mi? \u0130ki insan\u0131, iki \u015fehri, iki \u00fclkeyi? Ferzan \u00d6zpetek, do\u011fup b\u00fcy\u00fcd\u00fc\u011f\u00fc \u015fehir olan \u0130stanbul\u2019u y\u0131llard\u0131r uzaktan g\u00f6zlemliyor. Bu sevginin ve<span class=\"excerpt-hellip\"> [\u2026]<\/span><\/p>\n","protected":false},"featured_media":0,"template":"","meta":{"_monsterinsights_skip_tracking":false,"_monsterinsights_sitenote_active":false,"_monsterinsights_sitenote_note":"","_monsterinsights_sitenote_category":0},"product_brand":[],"product_cat":[12291,12711],"product_tag":[],"class_list":{"0":"post-780394","1":"product","2":"type-product","3":"status-publish","5":"product_cat-edebiyat","6":"product_cat-roman-oyku","7":"pa_cilt-ciltsiz","8":"pa_tur-kitap","9":"pa_yayinevi-can-yayinlari","10":"pa_yazar-ferzan-ozpetek","12":"first","13":"instock","14":"sale","15":"shipping-taxable","16":"purchasable","17":"product-type-simple"},"_links":{"self":[{"href":"https:\/\/roveyayinevi.com.tr\/index.php\/wp-json\/wp\/v2\/product\/780394","targetHints":{"allow":["GET"]}}],"collection":[{"href":"https:\/\/roveyayinevi.com.tr\/index.php\/wp-json\/wp\/v2\/product"}],"about":[{"href":"https:\/\/roveyayinevi.com.tr\/index.php\/wp-json\/wp\/v2\/types\/product"}],"wp:attachment":[{"href":"https:\/\/roveyayinevi.com.tr\/index.php\/wp-json\/wp\/v2\/media?parent=780394"}],"wp:term":[{"taxonomy":"product_brand","embeddable":true,"href":"https:\/\/roveyayinevi.com.tr\/index.php\/wp-json\/wp\/v2\/product_brand?post=780394"},{"taxonomy":"product_cat","embeddable":true,"href":"https:\/\/roveyayinevi.com.tr\/index.php\/wp-json\/wp\/v2\/product_cat?post=780394"},{"taxonomy":"product_tag","embeddable":true,"href":"https:\/\/roveyayinevi.com.tr\/index.php\/wp-json\/wp\/v2\/product_tag?post=780394"}],"curies":[{"name":"wp","href":"https:\/\/api.w.org\/{rel}","templated":true}]}}